{"id":1091,"date":"2022-09-05T17:14:40","date_gmt":"2022-09-05T16:14:40","guid":{"rendered":"https:\/\/pouce-et-compagnie.lu\/?page_id=1091"},"modified":"2022-09-05T18:23:48","modified_gmt":"2022-09-05T17:23:48","slug":"performance-ac-dc-des-majorettes-de-lalzette-pour-la-nuit-de-la-cuture-esch-2022","status":"publish","type":"page","link":"https:\/\/pouce-et-compagnie.lu\/index.php\/realisations\/tenues-de-scene\/performance-ac-dc-des-majorettes-de-lalzette-pour-la-nuit-de-la-cuture-esch-2022\/","title":{"rendered":"Performance AC\/DC des majorettes de l&rsquo;Alzette pour la nuit de la cuture &#8211; Esch 2022"},"content":{"rendered":"\n<figure class=\"wp-block-image size-large\"><a href=\"https:\/\/pouce-et-compagnie.lu\/atelier\/wp-content\/uploads\/2022\/09\/majorettes-performance-acdc-scaled.jpg\"><img loading=\"lazy\" decoding=\"async\" width=\"1024\" height=\"576\" src=\"https:\/\/pouce-et-compagnie.lu\/atelier\/wp-content\/uploads\/2022\/09\/majorettes-performance-acdc-1024x576.jpg\" alt=\"\" class=\"wp-image-1092\" srcset=\"https:\/\/pouce-et-compagnie.lu\/atelier\/wp-content\/uploads\/2022\/09\/majorettes-performance-acdc-1024x576.jpg 1024w, https:\/\/pouce-et-compagnie.lu\/atelier\/wp-content\/uploads\/2022\/09\/majorettes-performance-acdc-300x169.jpg 300w, https:\/\/pouce-et-compagnie.lu\/atelier\/wp-content\/uploads\/2022\/09\/majorettes-performance-acdc-768x432.jpg 768w, https:\/\/pouce-et-compagnie.lu\/atelier\/wp-content\/uploads\/2022\/09\/majorettes-performance-acdc-1536x864.jpg 1536w, https:\/\/pouce-et-compagnie.lu\/atelier\/wp-content\/uploads\/2022\/09\/majorettes-performance-acdc-2048x1152.jpg 2048w\" sizes=\"auto, (max-width: 1024px) 100vw, 1024px\" \/><\/a><\/figure>\n\n\n\n<p>Les tenues AC\/DC r\u00e9alis\u00e9es \u00e9taient compos\u00e9es  des pi\u00e8ces suivantes, r\u00e9alis\u00e9es en mousse et recouvertes de tissus: du simili cuir tamponn\u00e9 avec de la peinture sp\u00e9ciale pour donner un effet relief, du lam\u00e9 extensible, du lycra et du tissu \u00e0 motif \u00ab\u00a0armure\u00a0\u00bb.<\/p>\n\n\n\n<figure class=\"wp-block-gallery has-nested-images columns-default is-cropped wp-block-gallery-1 is-layout-flex wp-block-gallery-is-layout-flex\">\n<figure class=\"wp-block-image size-full\"><a href=\"https:\/\/pouce-et-compagnie.lu\/atelier\/wp-content\/uploads\/2022\/09\/IMG_20220408_184442-scaled.jpg\"><img loading=\"lazy\" decoding=\"async\" width=\"2560\" height=\"2560\" data-id=\"1127\" src=\"https:\/\/pouce-et-compagnie.lu\/atelier\/wp-content\/uploads\/2022\/09\/IMG_20220408_184442-edited-scaled.jpg\" alt=\"corset - Majorettes de l'Alzette - performance AC\/DC pour la nuit de la culture 2022\" class=\"wp-image-1127\" srcset=\"https:\/\/pouce-et-compagnie.lu\/atelier\/wp-content\/uploads\/2022\/09\/IMG_20220408_184442-edited-scaled.jpg 2560w, https:\/\/pouce-et-compagnie.lu\/atelier\/wp-content\/uploads\/2022\/09\/IMG_20220408_184442-edited-300x300.jpg 300w, https:\/\/pouce-et-compagnie.lu\/atelier\/wp-content\/uploads\/2022\/09\/IMG_20220408_184442-edited-1024x1024.jpg 1024w, https:\/\/pouce-et-compagnie.lu\/atelier\/wp-content\/uploads\/2022\/09\/IMG_20220408_184442-edited-150x150.jpg 150w, https:\/\/pouce-et-compagnie.lu\/atelier\/wp-content\/uploads\/2022\/09\/IMG_20220408_184442-edited-768x768.jpg 768w, https:\/\/pouce-et-compagnie.lu\/atelier\/wp-content\/uploads\/2022\/09\/IMG_20220408_184442-edited-1536x1536.jpg 1536w, https:\/\/pouce-et-compagnie.lu\/atelier\/wp-content\/uploads\/2022\/09\/IMG_20220408_184442-edited-2048x2048.jpg 2048w, https:\/\/pouce-et-compagnie.lu\/atelier\/wp-content\/uploads\/2022\/09\/IMG_20220408_184442-edited-210x210.jpg 210w\" sizes=\"auto, (max-width: 2560px) 100vw, 2560px\" \/><\/a><\/figure>\n\n\n\n<figure class=\"wp-block-image size-full\"><a href=\"https:\/\/pouce-et-compagnie.lu\/atelier\/wp-content\/uploads\/2022\/09\/IMG_20220408_184505-scaled.jpg\"><img loading=\"lazy\" decoding=\"async\" width=\"2560\" height=\"1440\" data-id=\"1097\" src=\"https:\/\/pouce-et-compagnie.lu\/atelier\/wp-content\/uploads\/2022\/09\/IMG_20220408_184505-scaled.jpg\" alt=\"d\u00e9tail du tissu - Majorettes de l'Alzette - performance AC\/DC pour la nuit de la culture 2022\" class=\"wp-image-1097\" srcset=\"https:\/\/pouce-et-compagnie.lu\/atelier\/wp-content\/uploads\/2022\/09\/IMG_20220408_184505-scaled.jpg 2560w, https:\/\/pouce-et-compagnie.lu\/atelier\/wp-content\/uploads\/2022\/09\/IMG_20220408_184505-300x169.jpg 300w, https:\/\/pouce-et-compagnie.lu\/atelier\/wp-content\/uploads\/2022\/09\/IMG_20220408_184505-1024x576.jpg 1024w, https:\/\/pouce-et-compagnie.lu\/atelier\/wp-content\/uploads\/2022\/09\/IMG_20220408_184505-768x432.jpg 768w, https:\/\/pouce-et-compagnie.lu\/atelier\/wp-content\/uploads\/2022\/09\/IMG_20220408_184505-1536x864.jpg 1536w, https:\/\/pouce-et-compagnie.lu\/atelier\/wp-content\/uploads\/2022\/09\/IMG_20220408_184505-2048x1152.jpg 2048w\" sizes=\"auto, (max-width: 2560px) 100vw, 2560px\" \/><\/a><\/figure>\n\n\n\n<figure class=\"wp-block-image size-full\"><a href=\"https:\/\/pouce-et-compagnie.lu\/atelier\/wp-content\/uploads\/2022\/09\/IMG_20220408_184841-scaled.jpg\"><img loading=\"lazy\" decoding=\"async\" width=\"2560\" height=\"1440\" data-id=\"1104\" src=\"https:\/\/pouce-et-compagnie.lu\/atelier\/wp-content\/uploads\/2022\/09\/IMG_20220408_184841-scaled.jpg\" alt=\"bol\u00e9ro - Majorettes de l'Alzette - performance AC\/DC pour la nuit de la culture 2022\" class=\"wp-image-1104\" srcset=\"https:\/\/pouce-et-compagnie.lu\/atelier\/wp-content\/uploads\/2022\/09\/IMG_20220408_184841-scaled.jpg 2560w, https:\/\/pouce-et-compagnie.lu\/atelier\/wp-content\/uploads\/2022\/09\/IMG_20220408_184841-300x169.jpg 300w, https:\/\/pouce-et-compagnie.lu\/atelier\/wp-content\/uploads\/2022\/09\/IMG_20220408_184841-1024x576.jpg 1024w, https:\/\/pouce-et-compagnie.lu\/atelier\/wp-content\/uploads\/2022\/09\/IMG_20220408_184841-768x432.jpg 768w, https:\/\/pouce-et-compagnie.lu\/atelier\/wp-content\/uploads\/2022\/09\/IMG_20220408_184841-1536x864.jpg 1536w, https:\/\/pouce-et-compagnie.lu\/atelier\/wp-content\/uploads\/2022\/09\/IMG_20220408_184841-2048x1152.jpg 2048w\" sizes=\"auto, (max-width: 2560px) 100vw, 2560px\" \/><\/a><\/figure>\n\n\n\n<figure class=\"wp-block-image size-full\"><a href=\"https:\/\/pouce-et-compagnie.lu\/atelier\/wp-content\/uploads\/2022\/09\/IMG_20220408_184824-scaled.jpg\"><img loading=\"lazy\" decoding=\"async\" width=\"2560\" height=\"1440\" data-id=\"1103\" src=\"https:\/\/pouce-et-compagnie.lu\/atelier\/wp-content\/uploads\/2022\/09\/IMG_20220408_184824-scaled.jpg\" alt=\"bol\u00e9ro - Majorettes de l'Alzette - performance AC\/DC pour la nuit de la culture 2022\" class=\"wp-image-1103\" srcset=\"https:\/\/pouce-et-compagnie.lu\/atelier\/wp-content\/uploads\/2022\/09\/IMG_20220408_184824-scaled.jpg 2560w, https:\/\/pouce-et-compagnie.lu\/atelier\/wp-content\/uploads\/2022\/09\/IMG_20220408_184824-300x169.jpg 300w, https:\/\/pouce-et-compagnie.lu\/atelier\/wp-content\/uploads\/2022\/09\/IMG_20220408_184824-1024x576.jpg 1024w, https:\/\/pouce-et-compagnie.lu\/atelier\/wp-content\/uploads\/2022\/09\/IMG_20220408_184824-768x432.jpg 768w, https:\/\/pouce-et-compagnie.lu\/atelier\/wp-content\/uploads\/2022\/09\/IMG_20220408_184824-1536x864.jpg 1536w, https:\/\/pouce-et-compagnie.lu\/atelier\/wp-content\/uploads\/2022\/09\/IMG_20220408_184824-2048x1152.jpg 2048w\" sizes=\"auto, (max-width: 2560px) 100vw, 2560px\" \/><\/a><\/figure>\n\n\n\n<figure class=\"wp-block-image size-full\"><a href=\"https:\/\/pouce-et-compagnie.lu\/atelier\/wp-content\/uploads\/2022\/09\/IMG_20220408_184816-scaled.jpg\"><img loading=\"lazy\" decoding=\"async\" width=\"2560\" height=\"1440\" data-id=\"1102\" src=\"https:\/\/pouce-et-compagnie.lu\/atelier\/wp-content\/uploads\/2022\/09\/IMG_20220408_184816-scaled.jpg\" alt=\"bol\u00e9ro - Majorettes de l'Alzette - performance AC\/DC pour la nuit de la culture 2022\" class=\"wp-image-1102\" srcset=\"https:\/\/pouce-et-compagnie.lu\/atelier\/wp-content\/uploads\/2022\/09\/IMG_20220408_184816-scaled.jpg 2560w, https:\/\/pouce-et-compagnie.lu\/atelier\/wp-content\/uploads\/2022\/09\/IMG_20220408_184816-300x169.jpg 300w, https:\/\/pouce-et-compagnie.lu\/atelier\/wp-content\/uploads\/2022\/09\/IMG_20220408_184816-1024x576.jpg 1024w, https:\/\/pouce-et-compagnie.lu\/atelier\/wp-content\/uploads\/2022\/09\/IMG_20220408_184816-768x432.jpg 768w, https:\/\/pouce-et-compagnie.lu\/atelier\/wp-content\/uploads\/2022\/09\/IMG_20220408_184816-1536x864.jpg 1536w, https:\/\/pouce-et-compagnie.lu\/atelier\/wp-content\/uploads\/2022\/09\/IMG_20220408_184816-2048x1152.jpg 2048w\" sizes=\"auto, (max-width: 2560px) 100vw, 2560px\" \/><\/a><\/figure>\n\n\n\n<figure class=\"wp-block-image size-full\"><a href=\"https:\/\/pouce-et-compagnie.lu\/atelier\/wp-content\/uploads\/2022\/09\/IMG_20220408_184702-scaled.jpg\"><img loading=\"lazy\" decoding=\"async\" width=\"1440\" height=\"2560\" data-id=\"1101\" src=\"https:\/\/pouce-et-compagnie.lu\/atelier\/wp-content\/uploads\/2022\/09\/IMG_20220408_184702-scaled.jpg\" alt=\"\u00e9pauli\u00e8re - Majorettes de l'Alzette - performance AC\/DC pour la nuit de la culture 2022\" class=\"wp-image-1101\" srcset=\"https:\/\/pouce-et-compagnie.lu\/atelier\/wp-content\/uploads\/2022\/09\/IMG_20220408_184702-scaled.jpg 1440w, https:\/\/pouce-et-compagnie.lu\/atelier\/wp-content\/uploads\/2022\/09\/IMG_20220408_184702-169x300.jpg 169w, https:\/\/pouce-et-compagnie.lu\/atelier\/wp-content\/uploads\/2022\/09\/IMG_20220408_184702-576x1024.jpg 576w, https:\/\/pouce-et-compagnie.lu\/atelier\/wp-content\/uploads\/2022\/09\/IMG_20220408_184702-768x1365.jpg 768w, https:\/\/pouce-et-compagnie.lu\/atelier\/wp-content\/uploads\/2022\/09\/IMG_20220408_184702-864x1536.jpg 864w, https:\/\/pouce-et-compagnie.lu\/atelier\/wp-content\/uploads\/2022\/09\/IMG_20220408_184702-1152x2048.jpg 1152w\" sizes=\"auto, (max-width: 1440px) 100vw, 1440px\" \/><\/a><\/figure>\n\n\n\n<figure class=\"wp-block-image size-full\"><a href=\"https:\/\/pouce-et-compagnie.lu\/atelier\/wp-content\/uploads\/2022\/09\/IMG_20220408_184625-scaled.jpg\"><img loading=\"lazy\" decoding=\"async\" width=\"2560\" height=\"1440\" data-id=\"1100\" src=\"https:\/\/pouce-et-compagnie.lu\/atelier\/wp-content\/uploads\/2022\/09\/IMG_20220408_184625-scaled.jpg\" alt=\"jupette - Majorettes de l'Alzette - performance AC\/DC pour la nuit de la culture 2022\" class=\"wp-image-1100\" srcset=\"https:\/\/pouce-et-compagnie.lu\/atelier\/wp-content\/uploads\/2022\/09\/IMG_20220408_184625-scaled.jpg 2560w, https:\/\/pouce-et-compagnie.lu\/atelier\/wp-content\/uploads\/2022\/09\/IMG_20220408_184625-300x169.jpg 300w, https:\/\/pouce-et-compagnie.lu\/atelier\/wp-content\/uploads\/2022\/09\/IMG_20220408_184625-1024x576.jpg 1024w, https:\/\/pouce-et-compagnie.lu\/atelier\/wp-content\/uploads\/2022\/09\/IMG_20220408_184625-768x432.jpg 768w, https:\/\/pouce-et-compagnie.lu\/atelier\/wp-content\/uploads\/2022\/09\/IMG_20220408_184625-1536x864.jpg 1536w, https:\/\/pouce-et-compagnie.lu\/atelier\/wp-content\/uploads\/2022\/09\/IMG_20220408_184625-2048x1152.jpg 2048w\" sizes=\"auto, (max-width: 2560px) 100vw, 2560px\" \/><\/a><\/figure>\n\n\n\n<figure class=\"wp-block-image size-full\"><a href=\"https:\/\/pouce-et-compagnie.lu\/atelier\/wp-content\/uploads\/2022\/09\/IMG_20220408_184546-scaled.jpg\"><img loading=\"lazy\" decoding=\"async\" width=\"2560\" height=\"1440\" data-id=\"1099\" src=\"https:\/\/pouce-et-compagnie.lu\/atelier\/wp-content\/uploads\/2022\/09\/IMG_20220408_184546-scaled.jpg\" alt=\"prot\u00e8ge-bras - Majorettes de l'Alzette - performance AC\/DC pour la nuit de la culture 2022\" class=\"wp-image-1099\" srcset=\"https:\/\/pouce-et-compagnie.lu\/atelier\/wp-content\/uploads\/2022\/09\/IMG_20220408_184546-scaled.jpg 2560w, https:\/\/pouce-et-compagnie.lu\/atelier\/wp-content\/uploads\/2022\/09\/IMG_20220408_184546-300x169.jpg 300w, https:\/\/pouce-et-compagnie.lu\/atelier\/wp-content\/uploads\/2022\/09\/IMG_20220408_184546-1024x576.jpg 1024w, https:\/\/pouce-et-compagnie.lu\/atelier\/wp-content\/uploads\/2022\/09\/IMG_20220408_184546-768x432.jpg 768w, https:\/\/pouce-et-compagnie.lu\/atelier\/wp-content\/uploads\/2022\/09\/IMG_20220408_184546-1536x864.jpg 1536w, https:\/\/pouce-et-compagnie.lu\/atelier\/wp-content\/uploads\/2022\/09\/IMG_20220408_184546-2048x1152.jpg 2048w\" sizes=\"auto, (max-width: 2560px) 100vw, 2560px\" \/><\/a><\/figure>\n\n\n\n<figure class=\"wp-block-image size-full\"><a href=\"https:\/\/pouce-et-compagnie.lu\/atelier\/wp-content\/uploads\/2022\/09\/IMG_20220408_184529-scaled.jpg\"><img loading=\"lazy\" decoding=\"async\" width=\"2560\" height=\"1440\" data-id=\"1098\" src=\"https:\/\/pouce-et-compagnie.lu\/atelier\/wp-content\/uploads\/2022\/09\/IMG_20220408_184529-scaled.jpg\" alt=\"ceinture - Majorettes de l'Alzette - performance AC\/DC pour la nuit de la culture 2022\" class=\"wp-image-1098\" srcset=\"https:\/\/pouce-et-compagnie.lu\/atelier\/wp-content\/uploads\/2022\/09\/IMG_20220408_184529-scaled.jpg 2560w, https:\/\/pouce-et-compagnie.lu\/atelier\/wp-content\/uploads\/2022\/09\/IMG_20220408_184529-300x169.jpg 300w, https:\/\/pouce-et-compagnie.lu\/atelier\/wp-content\/uploads\/2022\/09\/IMG_20220408_184529-1024x576.jpg 1024w, https:\/\/pouce-et-compagnie.lu\/atelier\/wp-content\/uploads\/2022\/09\/IMG_20220408_184529-768x432.jpg 768w, https:\/\/pouce-et-compagnie.lu\/atelier\/wp-content\/uploads\/2022\/09\/IMG_20220408_184529-1536x864.jpg 1536w, https:\/\/pouce-et-compagnie.lu\/atelier\/wp-content\/uploads\/2022\/09\/IMG_20220408_184529-2048x1152.jpg 2048w\" sizes=\"auto, (max-width: 2560px) 100vw, 2560px\" \/><\/a><\/figure>\n\n\n\n<figure class=\"wp-block-image size-large\"><a href=\"https:\/\/pouce-et-compagnie.lu\/atelier\/wp-content\/uploads\/2022\/09\/IMG_20220408_184940-scaled.jpg\"><img loading=\"lazy\" decoding=\"async\" width=\"1921\" height=\"2560\" data-id=\"1133\" src=\"https:\/\/pouce-et-compagnie.lu\/atelier\/wp-content\/uploads\/2022\/09\/IMG_20220408_184940-edited-scaled.jpg\" alt=\"surbottes - Majorettes de l'Alzette - performance AC\/DC pour la nuit de la culture 2022\" class=\"wp-image-1133\" srcset=\"https:\/\/pouce-et-compagnie.lu\/atelier\/wp-content\/uploads\/2022\/09\/IMG_20220408_184940-edited-scaled.jpg 1921w, https:\/\/pouce-et-compagnie.lu\/atelier\/wp-content\/uploads\/2022\/09\/IMG_20220408_184940-edited-225x300.jpg 225w, https:\/\/pouce-et-compagnie.lu\/atelier\/wp-content\/uploads\/2022\/09\/IMG_20220408_184940-edited-768x1023.jpg 768w, https:\/\/pouce-et-compagnie.lu\/atelier\/wp-content\/uploads\/2022\/09\/IMG_20220408_184940-edited-1153x1536.jpg 1153w, https:\/\/pouce-et-compagnie.lu\/atelier\/wp-content\/uploads\/2022\/09\/IMG_20220408_184940-edited-1537x2048.jpg 1537w\" sizes=\"auto, (max-width: 1921px) 100vw, 1921px\" \/><\/a><\/figure>\n\n\n\n<figure class=\"wp-block-image size-full\"><a href=\"https:\/\/pouce-et-compagnie.lu\/atelier\/wp-content\/uploads\/2022\/09\/IMG_20220408_184924-scaled.jpg\"><img loading=\"lazy\" decoding=\"async\" width=\"1681\" height=\"2240\" data-id=\"1137\" src=\"https:\/\/pouce-et-compagnie.lu\/atelier\/wp-content\/uploads\/2022\/09\/IMG_20220408_184924-edited-1.jpg\" alt=\"surbottes - Majorettes de l'Alzette - performance AC\/DC pour la nuit de la culture 2022\" class=\"wp-image-1137\" srcset=\"https:\/\/pouce-et-compagnie.lu\/atelier\/wp-content\/uploads\/2022\/09\/IMG_20220408_184924-edited-1.jpg 1681w, https:\/\/pouce-et-compagnie.lu\/atelier\/wp-content\/uploads\/2022\/09\/IMG_20220408_184924-edited-1-225x300.jpg 225w, https:\/\/pouce-et-compagnie.lu\/atelier\/wp-content\/uploads\/2022\/09\/IMG_20220408_184924-edited-1-768x1023.jpg 768w, https:\/\/pouce-et-compagnie.lu\/atelier\/wp-content\/uploads\/2022\/09\/IMG_20220408_184924-edited-1-1153x1536.jpg 1153w, https:\/\/pouce-et-compagnie.lu\/atelier\/wp-content\/uploads\/2022\/09\/IMG_20220408_184924-edited-1-1537x2048.jpg 1537w\" sizes=\"auto, (max-width: 1681px) 100vw, 1681px\" \/><\/a><\/figure>\n<\/figure>\n\n\n\n<p>pour les filles : d&rsquo;un corset en mousse, d&rsquo;un bol\u00e9ro, d&rsquo;une jupette, de cha\u00eenes et de sur-chaussures<\/p>\n\n\n<div class=\"wp-block-image\">\n<figure class=\"aligncenter size-large is-resized\"><a href=\"https:\/\/pouce-et-compagnie.lu\/atelier\/wp-content\/uploads\/2022\/09\/majorette-fille-scaled.jpg\"><img loading=\"lazy\" decoding=\"async\" src=\"https:\/\/pouce-et-compagnie.lu\/atelier\/wp-content\/uploads\/2022\/09\/majorette-fille-576x1024.jpg\" alt=\"\" class=\"wp-image-1130\" width=\"432\" height=\"768\" srcset=\"https:\/\/pouce-et-compagnie.lu\/atelier\/wp-content\/uploads\/2022\/09\/majorette-fille-576x1024.jpg 576w, https:\/\/pouce-et-compagnie.lu\/atelier\/wp-content\/uploads\/2022\/09\/majorette-fille-169x300.jpg 169w, https:\/\/pouce-et-compagnie.lu\/atelier\/wp-content\/uploads\/2022\/09\/majorette-fille-768x1365.jpg 768w, https:\/\/pouce-et-compagnie.lu\/atelier\/wp-content\/uploads\/2022\/09\/majorette-fille-864x1536.jpg 864w, https:\/\/pouce-et-compagnie.lu\/atelier\/wp-content\/uploads\/2022\/09\/majorette-fille-1152x2048.jpg 1152w, https:\/\/pouce-et-compagnie.lu\/atelier\/wp-content\/uploads\/2022\/09\/majorette-fille-scaled.jpg 1440w\" sizes=\"auto, (max-width: 432px) 100vw, 432px\" \/><\/a><\/figure>\n<\/div>\n\n\n<p>pour les gar\u00e7ons : d&rsquo;un justaucorps, d&rsquo;\u00e9pauli\u00e8res, de prot\u00e8ge-bras, d&rsquo;une ceinture et de sur-chaussures<\/p>\n\n\n<div class=\"wp-block-image\">\n<figure class=\"aligncenter size-large is-resized\"><a href=\"https:\/\/pouce-et-compagnie.lu\/atelier\/wp-content\/uploads\/2022\/09\/majorette-garcon-scaled.jpg\"><img loading=\"lazy\" decoding=\"async\" src=\"https:\/\/pouce-et-compagnie.lu\/atelier\/wp-content\/uploads\/2022\/09\/majorette-garcon-576x1024.jpg\" alt=\"majorette garcon\" class=\"wp-image-1139\" width=\"432\" height=\"768\" srcset=\"https:\/\/pouce-et-compagnie.lu\/atelier\/wp-content\/uploads\/2022\/09\/majorette-garcon-576x1024.jpg 576w, https:\/\/pouce-et-compagnie.lu\/atelier\/wp-content\/uploads\/2022\/09\/majorette-garcon-169x300.jpg 169w, https:\/\/pouce-et-compagnie.lu\/atelier\/wp-content\/uploads\/2022\/09\/majorette-garcon-768x1365.jpg 768w, https:\/\/pouce-et-compagnie.lu\/atelier\/wp-content\/uploads\/2022\/09\/majorette-garcon-864x1536.jpg 864w, https:\/\/pouce-et-compagnie.lu\/atelier\/wp-content\/uploads\/2022\/09\/majorette-garcon-1152x2048.jpg 1152w, https:\/\/pouce-et-compagnie.lu\/atelier\/wp-content\/uploads\/2022\/09\/majorette-garcon-scaled.jpg 1440w\" sizes=\"auto, (max-width: 432px) 100vw, 432px\" \/><\/a><\/figure>\n<\/div>\n\n\n<p>Pour des raisons de s\u00e9curit\u00e9 lors de la nuit de la culture o\u00f9 des pluies vergla\u00e7antes se sont abattues, les sur-chaussures sur les bottes standard des majorettes ont \u00e9t\u00e9 abandonn\u00e9es, au profit de bottines plus adapt\u00e9es.<\/p>\n\n\n<div class=\"wp-block-image\">\n<figure class=\"aligncenter size-large\"><a href=\"https:\/\/pouce-et-compagnie.lu\/atelier\/wp-content\/uploads\/2022\/09\/278190089_5009565155785638_8335342571395310405_n.jpg\"><img loading=\"lazy\" decoding=\"async\" width=\"1024\" height=\"683\" src=\"https:\/\/pouce-et-compagnie.lu\/atelier\/wp-content\/uploads\/2022\/09\/278190089_5009565155785638_8335342571395310405_n-1024x683.jpg\" alt=\"performance - Majorettes de l'Alzette - performance AC\/DC pour la nuit de la culture 2022\" class=\"wp-image-1095\" srcset=\"https:\/\/pouce-et-compagnie.lu\/atelier\/wp-content\/uploads\/2022\/09\/278190089_5009565155785638_8335342571395310405_n-1024x683.jpg 1024w, https:\/\/pouce-et-compagnie.lu\/atelier\/wp-content\/uploads\/2022\/09\/278190089_5009565155785638_8335342571395310405_n-300x200.jpg 300w, https:\/\/pouce-et-compagnie.lu\/atelier\/wp-content\/uploads\/2022\/09\/278190089_5009565155785638_8335342571395310405_n-768x512.jpg 768w, https:\/\/pouce-et-compagnie.lu\/atelier\/wp-content\/uploads\/2022\/09\/278190089_5009565155785638_8335342571395310405_n-1536x1024.jpg 1536w, https:\/\/pouce-et-compagnie.lu\/atelier\/wp-content\/uploads\/2022\/09\/278190089_5009565155785638_8335342571395310405_n.jpg 2048w\" sizes=\"auto, (max-width: 1024px) 100vw, 1024px\" \/><\/a><\/figure>\n<\/div>","protected":false},"excerpt":{"rendered":"<p>Les tenues AC\/DC r\u00e9alis\u00e9es \u00e9taient compos\u00e9es des pi\u00e8ces suivantes, r\u00e9alis\u00e9es en mousse et recouvertes de tissus: du simili cuir tamponn\u00e9 avec de la peinture sp\u00e9ciale pour donner un effet relief, du lam\u00e9 extensible, du lycra et du tissu \u00e0 motif&#8230;<\/p>\n","protected":false},"author":1,"featured_media":0,"parent":327,"menu_order":0,"comment_status":"closed","ping_status":"closed","template":"","meta":{"footnotes":""},"class_list":["post-1091","page","type-page","status-publish","hentry"],"_links":{"self":[{"href":"https:\/\/pouce-et-compagnie.lu\/index.php\/wp-json\/wp\/v2\/pages\/1091","targetHints":{"allow":["GET"]}}],"collection":[{"href":"https:\/\/pouce-et-compagnie.lu\/index.php\/wp-json\/wp\/v2\/pages"}],"about":[{"href":"https:\/\/pouce-et-compagnie.lu\/index.php\/wp-json\/wp\/v2\/types\/page"}],"author":[{"embeddable":true,"href":"https:\/\/pouce-et-compagnie.lu\/index.php\/wp-json\/wp\/v2\/users\/1"}],"replies":[{"embeddable":true,"href":"https:\/\/pouce-et-compagnie.lu\/index.php\/wp-json\/wp\/v2\/comments?post=1091"}],"version-history":[{"count":15,"href":"https:\/\/pouce-et-compagnie.lu\/index.php\/wp-json\/wp\/v2\/pages\/1091\/revisions"}],"predecessor-version":[{"id":1144,"href":"https:\/\/pouce-et-compagnie.lu\/index.php\/wp-json\/wp\/v2\/pages\/1091\/revisions\/1144"}],"up":[{"embeddable":true,"href":"https:\/\/pouce-et-compagnie.lu\/index.php\/wp-json\/wp\/v2\/pages\/327"}],"wp:attachment":[{"href":"https:\/\/pouce-et-compagnie.lu\/index.php\/wp-json\/wp\/v2\/media?parent=1091"}],"curies":[{"name":"wp","href":"https:\/\/api.w.org\/{rel}","templated":true}]}}