{"id":128,"date":"2016-02-09T20:41:01","date_gmt":"2016-02-09T19:41:01","guid":{"rendered":"http:\/\/pouce-et-compagnie.fr\/?page_id=128"},"modified":"2016-07-28T18:42:01","modified_gmt":"2016-07-28T17:42:01","slug":"commande","status":"publish","type":"page","link":"https:\/\/pouce-et-compagnie.lu\/index.php\/commande\/","title":{"rendered":"Commande"},"content":{"rendered":"<p>Vous recherchez un costume pour une occasion sp\u00e9ciale ? Vous participez \u00e0 une f\u00eate ou un spectacle ? Vous avez besoin d&rsquo;un produit personnalis\u00e9 pour l&rsquo;\u00e9v\u00e9nementiel ?<\/p>\n<p>Nous pouvons r\u00e9aliser le costume ou le produit que vous souhaitez, en fonction de vos contraintes et de vos envies.<\/p>\n<p>Rien de plus simple. Vous pouvez tout d&rsquo;abord vous rendre sur notre de site de vente en ligne pour tous les d\u00e9guisements enfants.<\/p>\n<p style=\"text-align: center;\"><a href=\"http:\/\/www.pouce-et-compagnie.com\" target=\"_blank\">www.pouce-et-compagnie.com<\/a><br \/>\n<a href=\"http:\/\/pouce-et-compagnie.com\"><img loading=\"lazy\" decoding=\"async\" class=\"wp-image-523 size-full aligncenter\" title=\"Pouce et Compagnie collection de d\u00e9guisements\" src=\"http:\/\/pouce-et-compagnie.lu\/atelier\/wp-content\/uploads\/2016\/02\/CartePostale2016-recto-RVB.jpg\" alt=\"Pouce et Compagnie collection de d\u00e9guisements\" width=\"1772\" height=\"1264\" srcset=\"https:\/\/pouce-et-compagnie.lu\/atelier\/wp-content\/uploads\/2016\/02\/CartePostale2016-recto-RVB.jpg 1772w, https:\/\/pouce-et-compagnie.lu\/atelier\/wp-content\/uploads\/2016\/02\/CartePostale2016-recto-RVB-300x214.jpg 300w, https:\/\/pouce-et-compagnie.lu\/atelier\/wp-content\/uploads\/2016\/02\/CartePostale2016-recto-RVB-768x548.jpg 768w, https:\/\/pouce-et-compagnie.lu\/atelier\/wp-content\/uploads\/2016\/02\/CartePostale2016-recto-RVB-1024x730.jpg 1024w, https:\/\/pouce-et-compagnie.lu\/atelier\/wp-content\/uploads\/2016\/02\/CartePostale2016-recto-RVB-500x357.jpg 500w\" sizes=\"auto, (max-width: 1772px) 100vw, 1772px\" \/><\/a><\/p>\n<p>Si vous ne trouvez pas ce que vous cherchez, vous pouvez nous contacter pour que nous vous fassions une proposition.<\/p>\n<p>Nous pouvons reprendre un d\u00e9guisement que vous avez achet\u00e9 ou un de notre collection pour le personnaliser et le rendre conforme \u00e0 vos souhaits dans un budget restreint.<\/p>\n<p>Nous pouvons \u00e9galement concevoir votre costume ou votre produit de A \u00e0 Z : vous nous envoyez par email des photos ou des dessins de votre projet et nous vous faisons un devis d\u00e9taill\u00e9 avec croquis et \u00e9chantillons de tissus pour r\u00e9pondre \u00e0 votre demande. S&rsquo;il faut faire appel \u00e0 des brodeurs ou s\u00e9rigraphes, nous avons des partenaires avec lesquels nous pouvons travailler en toute confiance.<\/p>\n<p>Nos tarifs varient en fonction des tissus et mati\u00e8res premi\u00e8res utilis\u00e9es et du temps que nous passons \u00e0 r\u00e9aliser le ou les costumes.<\/p>\n<p>Notre gamme de d\u00e9guisements commence autour de 50 euros TTC, les costumes les plus sophistiqu\u00e9s valent plusieurs milliers d&rsquo;euros.<\/p>\n<p>&nbsp;<\/p>\n<p>Pour la r\u00e9alisation de s\u00e9ries importantes, nous sous-traitons la production \u00e0 l&rsquo;usine qui fabrique nos collections de d\u00e9guisements et supervisons tout le processus de la r\u00e9daction du cahier des charges aux formalit\u00e9s douani\u00e8res.<\/p>\n","protected":false},"excerpt":{"rendered":"<p>Vous recherchez un costume pour une occasion sp\u00e9ciale ? Vous participez \u00e0 une f\u00eate ou un spectacle ? Vous avez besoin d&rsquo;un produit personnalis\u00e9 pour l&rsquo;\u00e9v\u00e9nementiel ? Nous pouvons r\u00e9aliser le costume ou le produit que vous souhaitez, en fonction&#8230;<\/p>\n","protected":false},"author":1,"featured_media":0,"parent":0,"menu_order":0,"comment_status":"closed","ping_status":"closed","template":"","meta":{"footnotes":""},"class_list":["post-128","page","type-page","status-publish","hentry"],"_links":{"self":[{"href":"https:\/\/pouce-et-compagnie.lu\/index.php\/wp-json\/wp\/v2\/pages\/128","targetHints":{"allow":["GET"]}}],"collection":[{"href":"https:\/\/pouce-et-compagnie.lu\/index.php\/wp-json\/wp\/v2\/pages"}],"about":[{"href":"https:\/\/pouce-et-compagnie.lu\/index.php\/wp-json\/wp\/v2\/types\/page"}],"author":[{"embeddable":true,"href":"https:\/\/pouce-et-compagnie.lu\/index.php\/wp-json\/wp\/v2\/users\/1"}],"replies":[{"embeddable":true,"href":"https:\/\/pouce-et-compagnie.lu\/index.php\/wp-json\/wp\/v2\/comments?post=128"}],"version-history":[{"count":4,"href":"https:\/\/pouce-et-compagnie.lu\/index.php\/wp-json\/wp\/v2\/pages\/128\/revisions"}],"predecessor-version":[{"id":525,"href":"https:\/\/pouce-et-compagnie.lu\/index.php\/wp-json\/wp\/v2\/pages\/128\/revisions\/525"}],"wp:attachment":[{"href":"https:\/\/pouce-et-compagnie.lu\/index.php\/wp-json\/wp\/v2\/media?parent=128"}],"curies":[{"name":"wp","href":"https:\/\/api.w.org\/{rel}","templated":true}]}}