{"id":130,"date":"2016-02-09T20:44:40","date_gmt":"2016-02-09T19:44:40","guid":{"rendered":"http:\/\/pouce-et-compagnie.fr\/?page_id=130"},"modified":"2018-07-20T10:07:46","modified_gmt":"2018-07-20T09:07:46","slug":"contact","status":"publish","type":"page","link":"https:\/\/pouce-et-compagnie.lu\/index.php\/contact\/","title":{"rendered":"Contact"},"content":{"rendered":"<p style=\"text-align: center;\">Nous sommes joignables au Luxembourg :<\/p>\n<p style=\"text-align: center;\">par t\u00e9l\u00e9phone au +352 28 77 61 52<\/p>\n<p style=\"text-align: center;\">par email \u00e0 l&rsquo;adresse <a href=\"mailto:infos@pouce-et-compagnie.lu\">infos@pouce-et-compagnie.lu<\/a> pour toutes questions<\/p>\n<p style=\"text-align: center;\">et si vous avez besoin de nous \u00e9crire :<\/p>\n<p style=\"text-align: center;\">Pouce et Compagnie<\/p>\n<p style=\"text-align: center;\">1 rue de Guerlange<\/p>\n<p style=\"text-align: center;\">4962 Cl\u00e9mency (commune de K\u00e4erjeng)<\/p>\n<p style=\"text-align: center;\">Luxembourg<\/p>\n<p>&nbsp;<\/p>\n<p style=\"text-align: center;\"><iframe loading=\"lazy\" style=\"border: 0;\" src=\"https:\/\/www.google.com\/maps\/embed?pb=!1m18!1m12!1m3!1d58521.97745697939!2d5.849035041408412!3d49.59151768944662!2m3!1f0!2f0!3f0!3m2!1i1024!2i768!4f13.1!3m3!1m2!1s0x47eab427cf1b3f83%3A0x5c9e5c2baa57568f!2sPouce+et+Compagnie!5e0!3m2!1sfr!2sus!4v1465307207346\" width=\"600\" height=\"450\" frameborder=\"0\" allowfullscreen=\"allowfullscreen\"><\/iframe><\/p>\n<p style=\"text-align: center;\">et en France :<\/p>\n<p style=\"text-align: center;\">par t\u00e9l\u00e9phone au +33 9 72 42 42 46<\/p>\n<p style=\"text-align: center;\">par email \u00e0 l&rsquo;adresse <a href=\"mailto:infos@pouce-et-compagnie.lu\">infos@pouce-et-compagnie.com<\/a> pour toutes questions<\/p>\n<p style=\"text-align: center;\">et si vous avez besoin de nous \u00e9crire :<\/p>\n<p style=\"text-align: center;\">Pouce et Compagnie<\/p>\n<p style=\"text-align: center;\">56 rue du B\u00e9arn Porte I<\/p>\n<p style=\"text-align: center;\">54400 Cosnes et Romain<\/p>\n<p style=\"text-align: center;\">France<\/p>\n<p style=\"text-align: center;\"><iframe loading=\"lazy\" src=\"https:\/\/www.google.com\/maps\/embed?pb=!1m14!1m8!1m3!1d10362.16092042471!2d5.7129313!3d49.5120759!3m2!1i1024!2i768!4f13.1!3m3!1m2!1s0x0%3A0x5da0e49617fe5920!2sPouce+et+Compagnie!5e0!3m2!1sfr!2slu!4v1532077628357\" width=\"600\" height=\"450\" frameborder=\"0\" style=\"border:0\" allowfullscreen><\/iframe><\/p>\n","protected":false},"excerpt":{"rendered":"<p>Nous sommes joignables au Luxembourg : par t\u00e9l\u00e9phone au +352 28 77 61 52 par email \u00e0 l&rsquo;adresse infos@pouce-et-compagnie.lu pour toutes questions et si vous avez besoin de nous \u00e9crire : Pouce et Compagnie 1 rue de Guerlange 4962 Cl\u00e9mency&#8230;<\/p>\n","protected":false},"author":1,"featured_media":0,"parent":0,"menu_order":0,"comment_status":"closed","ping_status":"closed","template":"","meta":{"footnotes":""},"class_list":["post-130","page","type-page","status-publish","hentry"],"_links":{"self":[{"href":"https:\/\/pouce-et-compagnie.lu\/index.php\/wp-json\/wp\/v2\/pages\/130","targetHints":{"allow":["GET"]}}],"collection":[{"href":"https:\/\/pouce-et-compagnie.lu\/index.php\/wp-json\/wp\/v2\/pages"}],"about":[{"href":"https:\/\/pouce-et-compagnie.lu\/index.php\/wp-json\/wp\/v2\/types\/page"}],"author":[{"embeddable":true,"href":"https:\/\/pouce-et-compagnie.lu\/index.php\/wp-json\/wp\/v2\/users\/1"}],"replies":[{"embeddable":true,"href":"https:\/\/pouce-et-compagnie.lu\/index.php\/wp-json\/wp\/v2\/comments?post=130"}],"version-history":[{"count":12,"href":"https:\/\/pouce-et-compagnie.lu\/index.php\/wp-json\/wp\/v2\/pages\/130\/revisions"}],"predecessor-version":[{"id":716,"href":"https:\/\/pouce-et-compagnie.lu\/index.php\/wp-json\/wp\/v2\/pages\/130\/revisions\/716"}],"wp:attachment":[{"href":"https:\/\/pouce-et-compagnie.lu\/index.php\/wp-json\/wp\/v2\/media?parent=130"}],"curies":[{"name":"wp","href":"https:\/\/api.w.org\/{rel}","templated":true}]}}