{"id":137,"date":"2016-02-09T21:05:16","date_gmt":"2016-02-09T20:05:16","guid":{"rendered":"http:\/\/pouce-et-compagnie.fr\/?page_id=137"},"modified":"2023-02-10T18:26:29","modified_gmt":"2023-02-10T17:26:29","slug":"accueil","status":"publish","type":"page","link":"https:\/\/pouce-et-compagnie.lu\/","title":{"rendered":"Accueil"},"content":{"rendered":"<p style=\"text-align: center;\">Bienvenue chez Pouce et Compagnie : nous cr\u00e9ons les costumes et accessoires de tous vos projets<\/p>\n<p style=\"text-align: left;\"><a href=\"https:\/\/pouce-et-compagnie.lu\/atelier\/wp-content\/uploads\/2022\/09\/MontesurleTrone-Chambord-costumes.jpg\"><img loading=\"lazy\" decoding=\"async\" class=\"size-thumbnail wp-image-1046\" src=\"https:\/\/pouce-et-compagnie.lu\/atelier\/wp-content\/uploads\/2022\/09\/MontesurleTrone-Chambord-costumes-150x150.jpg\" alt=\"Animation Montre sur le tr\u00f4ne \u00e0 la place du Roi \u00e0 Chambord\" width=\"150\" height=\"150\" srcset=\"https:\/\/pouce-et-compagnie.lu\/atelier\/wp-content\/uploads\/2022\/09\/MontesurleTrone-Chambord-costumes-150x150.jpg 150w, https:\/\/pouce-et-compagnie.lu\/atelier\/wp-content\/uploads\/2022\/09\/MontesurleTrone-Chambord-costumes-210x210.jpg 210w\" sizes=\"auto, (max-width: 150px) 100vw, 150px\" \/><\/a><a href=\"https:\/\/pouce-et-compagnie.lu\/atelier\/wp-content\/uploads\/2020\/10\/mascotte-pomme-scaled.jpg\"><img loading=\"lazy\" decoding=\"async\" class=\"size-thumbnail wp-image-916\" src=\"https:\/\/pouce-et-compagnie.lu\/atelier\/wp-content\/uploads\/2020\/10\/mascotte-pomme-150x150.jpg\" alt=\"mascotte de pomme\" width=\"150\" height=\"150\" srcset=\"https:\/\/pouce-et-compagnie.lu\/atelier\/wp-content\/uploads\/2020\/10\/mascotte-pomme-150x150.jpg 150w, https:\/\/pouce-et-compagnie.lu\/atelier\/wp-content\/uploads\/2020\/10\/mascotte-pomme-210x210.jpg 210w\" sizes=\"auto, (max-width: 150px) 100vw, 150px\" \/><\/a><a href=\"https:\/\/pouce-et-compagnie.lu\/atelier\/wp-content\/uploads\/2017\/09\/D\u00e9fil\u00e9-Raphael-ensemble-noir-et-blanc.jpg\"><img loading=\"lazy\" decoding=\"async\" class=\"size-thumbnail wp-image-684\" src=\"https:\/\/pouce-et-compagnie.lu\/atelier\/wp-content\/uploads\/2017\/09\/D\u00e9fil\u00e9-Raphael-ensemble-noir-et-blanc-150x150.jpg\" alt=\"D\u00e9fil\u00e9 Raphael ensemble noir et blanc\" width=\"150\" height=\"150\" srcset=\"https:\/\/pouce-et-compagnie.lu\/atelier\/wp-content\/uploads\/2017\/09\/D\u00e9fil\u00e9-Raphael-ensemble-noir-et-blanc-150x150.jpg 150w, https:\/\/pouce-et-compagnie.lu\/atelier\/wp-content\/uploads\/2017\/09\/D\u00e9fil\u00e9-Raphael-ensemble-noir-et-blanc-300x300.jpg 300w, https:\/\/pouce-et-compagnie.lu\/atelier\/wp-content\/uploads\/2017\/09\/D\u00e9fil\u00e9-Raphael-ensemble-noir-et-blanc-210x210.jpg 210w\" sizes=\"auto, (max-width: 150px) 100vw, 150px\" \/><\/a><a href=\"https:\/\/pouce-et-compagnie.lu\/atelier\/wp-content\/uploads\/2016\/07\/Chateau-de-Volkrange-Guerlach-dames.jpeg\"><img loading=\"lazy\" decoding=\"async\" class=\"size-thumbnail wp-image-631\" src=\"https:\/\/pouce-et-compagnie.lu\/atelier\/wp-content\/uploads\/2016\/07\/Chateau-de-Volkrange-Guerlach-dames-150x150.jpeg\" alt=\"Ch\u00e2teau de Volkrange : Sieur Guerlach et les dames\" width=\"150\" height=\"150\" srcset=\"https:\/\/pouce-et-compagnie.lu\/atelier\/wp-content\/uploads\/2016\/07\/Chateau-de-Volkrange-Guerlach-dames-150x150.jpeg 150w, https:\/\/pouce-et-compagnie.lu\/atelier\/wp-content\/uploads\/2016\/07\/Chateau-de-Volkrange-Guerlach-dames-300x300.jpeg 300w, https:\/\/pouce-et-compagnie.lu\/atelier\/wp-content\/uploads\/2016\/07\/Chateau-de-Volkrange-Guerlach-dames-210x210.jpeg 210w\" sizes=\"auto, (max-width: 150px) 100vw, 150px\" \/><\/a><a href=\"https:\/\/pouce-et-compagnie.lu\/atelier\/wp-content\/uploads\/2016\/07\/Saint-Nicolas-\u00e0-Nancy.jpg\"><img loading=\"lazy\" decoding=\"async\" class=\"size-thumbnail wp-image-520\" src=\"https:\/\/pouce-et-compagnie.lu\/atelier\/wp-content\/uploads\/2016\/07\/Saint-Nicolas-\u00e0-Nancy-150x150.jpg\" alt=\"Saint Nicolas \u00e0 Nancy\" width=\"150\" height=\"150\" srcset=\"https:\/\/pouce-et-compagnie.lu\/atelier\/wp-content\/uploads\/2016\/07\/Saint-Nicolas-\u00e0-Nancy-150x150.jpg 150w, https:\/\/pouce-et-compagnie.lu\/atelier\/wp-content\/uploads\/2016\/07\/Saint-Nicolas-\u00e0-Nancy-300x300.jpg 300w, https:\/\/pouce-et-compagnie.lu\/atelier\/wp-content\/uploads\/2016\/07\/Saint-Nicolas-\u00e0-Nancy-210x210.jpg 210w\" sizes=\"auto, (max-width: 150px) 100vw, 150px\" \/><\/a><a href=\"https:\/\/pouce-et-compagnie.lu\/atelier\/wp-content\/uploads\/2016\/02\/hotesses-technicolor.jpg\"><img loading=\"lazy\" decoding=\"async\" class=\"size-thumbnail wp-image-325\" src=\"https:\/\/pouce-et-compagnie.lu\/atelier\/wp-content\/uploads\/2016\/02\/hotesses-technicolor-150x150.jpg\" alt=\"\" width=\"150\" height=\"150\" srcset=\"https:\/\/pouce-et-compagnie.lu\/atelier\/wp-content\/uploads\/2016\/02\/hotesses-technicolor-150x150.jpg 150w, https:\/\/pouce-et-compagnie.lu\/atelier\/wp-content\/uploads\/2016\/02\/hotesses-technicolor-210x208.jpg 210w\" sizes=\"auto, (max-width: 150px) 100vw, 150px\" \/><\/a><a href=\"https:\/\/pouce-et-compagnie.lu\/atelier\/wp-content\/uploads\/2016\/07\/Fete-des-lumieres.jpg\"><img loading=\"lazy\" decoding=\"async\" class=\"size-thumbnail wp-image-348\" src=\"https:\/\/pouce-et-compagnie.lu\/atelier\/wp-content\/uploads\/2016\/07\/Fete-des-lumieres-150x150.jpg\" alt=\"F\u00eate des lumi\u00e8res\" width=\"150\" height=\"150\"><\/a><a href=\"https:\/\/pouce-et-compagnie.lu\/atelier\/wp-content\/uploads\/2016\/07\/decoration-tables.jpg\"><img loading=\"lazy\" decoding=\"async\" class=\"size-thumbnail wp-image-410\" src=\"https:\/\/pouce-et-compagnie.lu\/atelier\/wp-content\/uploads\/2016\/07\/decoration-tables-150x150.jpg\" alt=\"D\u00e9coration de tables\" width=\"150\" height=\"150\" srcset=\"https:\/\/pouce-et-compagnie.lu\/atelier\/wp-content\/uploads\/2016\/07\/decoration-tables-150x150.jpg 150w, https:\/\/pouce-et-compagnie.lu\/atelier\/wp-content\/uploads\/2016\/07\/decoration-tables-300x300.jpg 300w, https:\/\/pouce-et-compagnie.lu\/atelier\/wp-content\/uploads\/2016\/07\/decoration-tables-210x210.jpg 210w\" sizes=\"auto, (max-width: 150px) 100vw, 150px\" \/><\/a><a href=\"https:\/\/pouce-et-compagnie.lu\/atelier\/wp-content\/uploads\/2016\/07\/Salon-automobile-Francfort-housse-Renault-Initiale-Paris.jpg\"><img loading=\"lazy\" decoding=\"async\" class=\"size-thumbnail wp-image-540\" src=\"https:\/\/pouce-et-compagnie.lu\/atelier\/wp-content\/uploads\/2016\/07\/Salon-automobile-Francfort-housse-Renault-Initiale-Paris-150x150.jpg\" alt=\"Housse r\u00e9alis\u00e9e pour la pr\u00e9sentation de Renault Initiale Paris au salon de l'auto de Francfort\" width=\"150\" height=\"150\" srcset=\"https:\/\/pouce-et-compagnie.lu\/atelier\/wp-content\/uploads\/2016\/07\/Salon-automobile-Francfort-housse-Renault-Initiale-Paris-150x150.jpg 150w, https:\/\/pouce-et-compagnie.lu\/atelier\/wp-content\/uploads\/2016\/07\/Salon-automobile-Francfort-housse-Renault-Initiale-Paris-300x300.jpg 300w, https:\/\/pouce-et-compagnie.lu\/atelier\/wp-content\/uploads\/2016\/07\/Salon-automobile-Francfort-housse-Renault-Initiale-Paris-210x210.jpg 210w\" sizes=\"auto, (max-width: 150px) 100vw, 150px\" \/><\/a><a href=\"https:\/\/pouce-et-compagnie.lu\/atelier\/wp-content\/uploads\/2022\/09\/ZUSB-c-Bohumil-KOSTOHRYZ-0478.jpg\"><img loading=\"lazy\" decoding=\"async\" class=\"size-thumbnail wp-image-1151\" src=\"https:\/\/pouce-et-compagnie.lu\/atelier\/wp-content\/uploads\/2022\/09\/ZUSB-c-Bohumil-KOSTOHRYZ-0478-150x150.jpg\" alt=\"Kaiser von Atlantis au Grand th\u00e9\u00e2tre de Luxembourg\" width=\"150\" height=\"150\" srcset=\"https:\/\/pouce-et-compagnie.lu\/atelier\/wp-content\/uploads\/2022\/09\/ZUSB-c-Bohumil-KOSTOHRYZ-0478-150x150.jpg 150w, https:\/\/pouce-et-compagnie.lu\/atelier\/wp-content\/uploads\/2022\/09\/ZUSB-c-Bohumil-KOSTOHRYZ-0478-210x210.jpg 210w\" sizes=\"auto, (max-width: 150px) 100vw, 150px\" \/><\/a><\/p>\n<p>Pouce et Compagnie est un atelier de cr\u00e9ation de costumes, de produits textiles et de d\u00e9guisements. Nous sommes pr\u00e9sents \u00e0 Cl\u00e9mency au Luxembourg et \u00e0 Cosnes et Romain en France. Pouce et Compagnie France est r\u00e9f\u00e9renc\u00e9e dans l&rsquo;annuaire des artisans d&rsquo;art en France. Pouce et Compagnie Luxembourg est une entreprise labellis\u00e9e \u00ab\u00a0Made in Luxembourg\u00a0\u00bb.<\/p>\n<p>Nous r\u00e9alisons des costumes sur mesure, en fonction des demandes sp\u00e9cifiques de chacun : costumes de sc\u00e8ne, costumes historiques, v\u00eatements d&rsquo;images, tenues de c\u00e9r\u00e9monie, &#8230; et nous concevons tous les d\u00e9guisements distribu\u00e9s sous notre propre marque dans les magasins de jouets, les sites historiques et sur internet.<\/p>\n<p>Les professionnels et particuliers peuvent faire appel \u00e0 nos services. Nous proposons un devis gratuit pour r\u00e9pondre pr\u00e9cis\u00e9ment \u00e0 chaque demande avant de commencer toute prestation.<\/p>\n<p><a href=\"https:\/\/pouce-et-compagnie.lu\/atelier\/wp-content\/uploads\/2016\/02\/Stand-Pouce-et-Compagnie.jpg\"><img loading=\"lazy\" decoding=\"async\" class=\"aligncenter wp-image-527 size-full\" title=\"Stand Pouce et Compagnie\" src=\"https:\/\/pouce-et-compagnie.lu\/atelier\/wp-content\/uploads\/2016\/02\/Stand-Pouce-et-Compagnie.jpg\" alt=\"Stand Pouce et Compagnie\" width=\"1926\" height=\"1272\" srcset=\"https:\/\/pouce-et-compagnie.lu\/atelier\/wp-content\/uploads\/2016\/02\/Stand-Pouce-et-Compagnie.jpg 1926w, https:\/\/pouce-et-compagnie.lu\/atelier\/wp-content\/uploads\/2016\/02\/Stand-Pouce-et-Compagnie-300x198.jpg 300w, https:\/\/pouce-et-compagnie.lu\/atelier\/wp-content\/uploads\/2016\/02\/Stand-Pouce-et-Compagnie-768x507.jpg 768w, https:\/\/pouce-et-compagnie.lu\/atelier\/wp-content\/uploads\/2016\/02\/Stand-Pouce-et-Compagnie-1024x676.jpg 1024w, https:\/\/pouce-et-compagnie.lu\/atelier\/wp-content\/uploads\/2016\/02\/Stand-Pouce-et-Compagnie-500x330.jpg 500w\" sizes=\"auto, (max-width: 1926px) 100vw, 1926px\" \/><\/a><\/p>\n<p>Nous r\u00e9pondons \u00e9galement \u00e0 des besoins qui touchent \u00e0 la couture et aux textiles et qui ne sont pas tous des costumes, comme des d\u00e9corations de chambre ou de stand, des produits sp\u00e9cifiques \u00e0 l&rsquo;\u00e9v\u00e9nementiel.<\/p>\n<p>Nous pouvons faire des retouches classiques de v\u00eatements comme des ourlets, remplacement de zip, etc&#8230; et nous acceptons \u00e9galement les retouches non standard, sur devis. Vous pouvez consulter nos tarifs <a href=\"https:\/\/pouce-et-compagnie.lu\/index.php\/tarifs-des-retouches\/\" target=\"_blank\" rel=\"noopener noreferrer\">ici<\/a>.<\/p>\n<p>Nous assurons \u00e9galement des cours de couture pour enfant\/adultes et des animations ponctuelles chez des particuliers ou dans des structures professionnelles.<\/p>\n<p>Pouce et Compagnie a son si\u00e8ge social au 1 rue de Guerlange 4962 Cl\u00e9mency et est enregistr\u00e9e au RCS luxembourgeois sous le num\u00e9ro de B179104.<\/p>\n<p>La soci\u00e9t\u00e9 fran\u00e7aise Pouce et Compagnie est une filiale de Pouce et Compagnie Luxembourg. Elle s&rsquo;occupe de distribuer la collection de d\u00e9guisements pour enfants d&rsquo;inspiration historique aupr\u00e8s des professionnels et particuliers. Elle est situ\u00e9e au 56 rue du B\u00e9arn 54400 Cosnes et Romain et est enregistr\u00e9e au RCS de Briey sous le num\u00e9ro 43468596200053. Elle figure dans l&rsquo;annuaire des artisans d&rsquo;art de Lorraine.<\/p>\n<p>Pour plus d&rsquo;informations, vous pouvez consulter le site <a href=\"http:\/\/www.pouce-et-compagnie.fr\" target=\"_blank\" rel=\"noopener noreferrer\">www.pouce-et-compagnie.fr<\/a> o\u00f9 toutes les collections sont pr\u00e9sent\u00e9es ou <a href=\"http:\/\/www.pouce-et-compagnie.com\" target=\"_blank\" rel=\"noopener noreferrer\">www.pouce-et-compagnie.com<\/a> si vous souhaitez acheter directement les produits<\/p>\n<p style=\"text-align: center;\"><a href=\"https:\/\/pouce-et-compagnie.lu\/atelier\/wp-content\/uploads\/2016\/02\/CartePostale2016-recto-RVB.jpg\"><img loading=\"lazy\" decoding=\"async\" class=\"aligncenter wp-image-523 size-large\" title=\"Pouce et Compagnie collection de d\u00e9guisements\" src=\"https:\/\/pouce-et-compagnie.lu\/atelier\/wp-content\/uploads\/2016\/02\/CartePostale2016-recto-RVB-1024x730.jpg\" alt=\"Pouce et Compagnie collection de d\u00e9guisements\" width=\"600\" height=\"428\" srcset=\"https:\/\/pouce-et-compagnie.lu\/atelier\/wp-content\/uploads\/2016\/02\/CartePostale2016-recto-RVB-1024x730.jpg 1024w, https:\/\/pouce-et-compagnie.lu\/atelier\/wp-content\/uploads\/2016\/02\/CartePostale2016-recto-RVB-300x214.jpg 300w, https:\/\/pouce-et-compagnie.lu\/atelier\/wp-content\/uploads\/2016\/02\/CartePostale2016-recto-RVB-768x548.jpg 768w, https:\/\/pouce-et-compagnie.lu\/atelier\/wp-content\/uploads\/2016\/02\/CartePostale2016-recto-RVB-500x357.jpg 500w, https:\/\/pouce-et-compagnie.lu\/atelier\/wp-content\/uploads\/2016\/02\/CartePostale2016-recto-RVB.jpg 1772w\" sizes=\"auto, (max-width: 600px) 100vw, 600px\" \/><\/a><\/p>\n\n\n<figure class=\"wp-block-gallery has-nested-images columns-default is-cropped wp-block-gallery-1 is-layout-flex wp-block-gallery-is-layout-flex\"><\/figure>\n\n\n\n<figure class=\"wp-block-gallery has-nested-images columns-default is-cropped wp-block-gallery-2 is-layout-flex wp-block-gallery-is-layout-flex\"><\/figure>\n\n\n\n<figure class=\"wp-block-gallery has-nested-images columns-default is-cropped wp-block-gallery-3 is-layout-flex wp-block-gallery-is-layout-flex\"><\/figure>\n","protected":false},"excerpt":{"rendered":"<p>Bienvenue chez Pouce et Compagnie : nous cr\u00e9ons les costumes et accessoires de tous vos projets Pouce et Compagnie est un atelier de cr\u00e9ation de costumes, de produits textiles et de d\u00e9guisements. Nous sommes pr\u00e9sents \u00e0 Cl\u00e9mency au Luxembourg et&#8230;<\/p>\n","protected":false},"author":1,"featured_media":0,"parent":0,"menu_order":0,"comment_status":"closed","ping_status":"closed","template":"","meta":{"footnotes":""},"class_list":["post-137","page","type-page","status-publish","hentry"],"_links":{"self":[{"href":"https:\/\/pouce-et-compagnie.lu\/index.php\/wp-json\/wp\/v2\/pages\/137","targetHints":{"allow":["GET"]}}],"collection":[{"href":"https:\/\/pouce-et-compagnie.lu\/index.php\/wp-json\/wp\/v2\/pages"}],"about":[{"href":"https:\/\/pouce-et-compagnie.lu\/index.php\/wp-json\/wp\/v2\/types\/page"}],"author":[{"embeddable":true,"href":"https:\/\/pouce-et-compagnie.lu\/index.php\/wp-json\/wp\/v2\/users\/1"}],"replies":[{"embeddable":true,"href":"https:\/\/pouce-et-compagnie.lu\/index.php\/wp-json\/wp\/v2\/comments?post=137"}],"version-history":[{"count":16,"href":"https:\/\/pouce-et-compagnie.lu\/index.php\/wp-json\/wp\/v2\/pages\/137\/revisions"}],"predecessor-version":[{"id":1180,"href":"https:\/\/pouce-et-compagnie.lu\/index.php\/wp-json\/wp\/v2\/pages\/137\/revisions\/1180"}],"wp:attachment":[{"href":"https:\/\/pouce-et-compagnie.lu\/index.php\/wp-json\/wp\/v2\/media?parent=137"}],"curies":[{"name":"wp","href":"https:\/\/api.w.org\/{rel}","templated":true}]}}