{"id":375,"date":"2016-07-25T16:36:08","date_gmt":"2016-07-25T15:36:08","guid":{"rendered":"http:\/\/pouce-et-compagnie.lu\/atelier\/?page_id=375"},"modified":"2020-09-14T17:33:54","modified_gmt":"2020-09-14T16:33:54","slug":"l-atelier","status":"publish","type":"page","link":"https:\/\/pouce-et-compagnie.lu\/index.php\/l-atelier\/","title":{"rendered":"Atelier"},"content":{"rendered":"<p style=\"text-align: justify;\">Pouce et Compagnie a \u00e9t\u00e9 cr\u00e9\u00e9e en 2001 et l&rsquo;atelier de costumes est install\u00e9 depuis 2013 au Luxembourg \u00e0 Cl\u00e9mency, pr\u00e8s des fronti\u00e8res belges et fran\u00e7aises.<\/p>\n<p style=\"text-align: justify;\">C&rsquo;est dans notre atelier que sont r\u00e9alis\u00e9s tous les costumes sur mesure ou en petite s\u00e9rie, ainsi que tous les mod\u00e8les qui serviront de base \u00e0 notre collection de d\u00e9guisements que vous pouvez retrouver sous forme de catalogue sur le site <a href=\"http:\/\/www.pouce-et-compagnie.fr\" target=\"_blank\" rel=\"noopener noreferrer\">www.pouce-et-compagnie.fr<\/a> ou directement \u00e0 la vente sur notre site marchand <a href=\"http:\/\/www.pouce-et-compagnie.com\" target=\"_blank\" rel=\"noopener noreferrer\">www.pouce-et-compagnie.com<\/a>.<\/p>\n<p style=\"text-align: center;\"><script type=\"text\/javascript\">\r\ndocument.addEventListener(\"DOMContentLoaded\", function(event) { \r\n\tjQuery( '#slider-pro-3-215' ).sliderPro({\r\n\t\t\/\/width\r\n\t\t\t\twidth: 383,\r\n\t\t\t\t\r\n\t\t\/\/height\r\n\t\t\t\theight: 578,\r\n\t\t\t\t\r\n\t\t\/\/auto play\r\n\t\t\t\tautoplay:  true,\r\n\t\tautoplayOnHover: 'none',\r\n\t\t\t\t\t\t\t\tautoplayDelay: 5000,\r\n\t\t\r\n\t\t\r\n\t\tarrows: true,\r\n\t\tbuttons: true,\r\n\t\tsmallSize: 500,\r\n\t\tmediumSize: 1000,\r\n\t\tlargeSize: 3000,\r\n\t\tfade: true,\r\n\t\t\r\n\t\t\/\/thumbnail\r\n\t\tthumbnailArrows: true,\r\n\t\tthumbnailWidth: 100,\r\n\t\tthumbnailHeight: 120,\r\n\t\t\t\t\t\tthumbnailsPosition: 'bottom',\r\n\t\t\t\t\t\tcenterImage: true,\r\n\t\timageScaleMode: 'cover',\r\n\t\tallowScaleUp: true,\r\n\t\t\t\tstartSlide: 0,\r\n\t\tloop: true,\r\n\t\tslideDistance: 5,\r\n\t\tautoplayDirection: 'normal',\r\n\t\ttouchSwipe: true,\r\n\t\tfullScreen: true,\r\n\t});\r\n});\r\n<\/script>\r\n\r\n\t\t<div id=\"slider-pro-3-215\" class=\"slider-pro\">\r\n\t\t\t<!---- slides div start ---->\r\n\t\t\t<div class=\"sp-slides\">\r\n\t\t\t\t\t\t\t\t\t\t<div class=\"sp-slide\">\r\n\t\t\t\t\t\t\t<img decoding=\"async\" class=\"sp-image\" loading=\"lazy\" alt=\"Essais sur mannequin\" src=\"https:\/\/pouce-et-compagnie.lu\/atelier\/wp-content\/plugins\/ultimate-responsive-image-slider\/assets\/css\/images\/blank.gif\" data-src=\"https:\/\/pouce-et-compagnie.lu\/atelier\/wp-content\/uploads\/2016\/06\/BPH_6684a.jpg\" \/>\r\n\r\n\t\t\t\t\t\t\t\r\n\t\t\t\t\t\t\t\t\t\t\t\t\t<\/div>\r\n\t\t\t\t\t\t\t\t\t\t\t\t<div class=\"sp-slide\">\r\n\t\t\t\t\t\t\t<img decoding=\"async\" class=\"sp-image\" loading=\"lazy\" alt=\"Pr\u00e9cision et raffinement\" src=\"https:\/\/pouce-et-compagnie.lu\/atelier\/wp-content\/plugins\/ultimate-responsive-image-slider\/assets\/css\/images\/blank.gif\" data-src=\"https:\/\/pouce-et-compagnie.lu\/atelier\/wp-content\/uploads\/2016\/06\/BPH_6631.jpg\" \/>\r\n\r\n\t\t\t\t\t\t\t\r\n\t\t\t\t\t\t\t\t\t\t\t\t\t<\/div>\r\n\t\t\t\t\t\t\t\t\t\t\t\t<div class=\"sp-slide\">\r\n\t\t\t\t\t\t\t<img decoding=\"async\" class=\"sp-image\" loading=\"lazy\" alt=\"Prototypage\" src=\"https:\/\/pouce-et-compagnie.lu\/atelier\/wp-content\/plugins\/ultimate-responsive-image-slider\/assets\/css\/images\/blank.gif\" data-src=\"https:\/\/pouce-et-compagnie.lu\/atelier\/wp-content\/uploads\/2016\/06\/BPH_6533.jpg\" \/>\r\n\r\n\t\t\t\t\t\t\t\r\n\t\t\t\t\t\t\t\t\t\t\t\t\t<\/div>\r\n\t\t\t\t\t\t\t\t\t\t\t\t<div class=\"sp-slide\">\r\n\t\t\t\t\t\t\t<img decoding=\"async\" class=\"sp-image\" loading=\"lazy\" alt=\"Croquis pr\u00e9paratoire\" src=\"https:\/\/pouce-et-compagnie.lu\/atelier\/wp-content\/plugins\/ultimate-responsive-image-slider\/assets\/css\/images\/blank.gif\" data-src=\"https:\/\/pouce-et-compagnie.lu\/atelier\/wp-content\/uploads\/2016\/06\/BPH_6575.jpg\" \/>\r\n\r\n\t\t\t\t\t\t\t\r\n\t\t\t\t\t\t\t\t\t\t\t\t\t<\/div>\r\n\t\t\t\t\t\t\t\t\t<\/div>\r\n\t\t\t\r\n\t\t\t<!---- slides div end ---->\r\n\t\t\t\t\t\t<!-- slides thumbnails div start -->\r\n\t\t\t<div class=\"sp-thumbnails\">\r\n\t\t\t\t\t\t\t\t\t\t<img decoding=\"async\" class=\"sp-thumbnail\" loading=\"lazy\" src=\"https:\/\/pouce-et-compagnie.lu\/atelier\/wp-content\/plugins\/ultimate-responsive-image-slider\/assets\/img\/loading.gif\" data-src=\"https:\/\/pouce-et-compagnie.lu\/atelier\/wp-content\/uploads\/2016\/06\/BPH_6684a-199x300.jpg\" alt=\"Essais sur mannequin\"\/>\r\n\t\t\t\t\t\t\t\t\t\t\t<img decoding=\"async\" class=\"sp-thumbnail\" loading=\"lazy\" src=\"https:\/\/pouce-et-compagnie.lu\/atelier\/wp-content\/plugins\/ultimate-responsive-image-slider\/assets\/img\/loading.gif\" data-src=\"https:\/\/pouce-et-compagnie.lu\/atelier\/wp-content\/uploads\/2016\/06\/BPH_6631-199x300.jpg\" alt=\"Pr\u00e9cision et raffinement\"\/>\r\n\t\t\t\t\t\t\t\t\t\t\t<img decoding=\"async\" class=\"sp-thumbnail\" loading=\"lazy\" src=\"https:\/\/pouce-et-compagnie.lu\/atelier\/wp-content\/plugins\/ultimate-responsive-image-slider\/assets\/img\/loading.gif\" data-src=\"https:\/\/pouce-et-compagnie.lu\/atelier\/wp-content\/uploads\/2016\/06\/BPH_6533-199x300.jpg\" alt=\"Prototypage\"\/>\r\n\t\t\t\t\t\t\t\t\t\t\t<img decoding=\"async\" class=\"sp-thumbnail\" loading=\"lazy\" src=\"https:\/\/pouce-et-compagnie.lu\/atelier\/wp-content\/plugins\/ultimate-responsive-image-slider\/assets\/img\/loading.gif\" data-src=\"https:\/\/pouce-et-compagnie.lu\/atelier\/wp-content\/uploads\/2016\/06\/BPH_6575-199x300.jpg\" alt=\"Croquis pr\u00e9paratoire\"\/>\r\n\t\t\t\t\t\t\t\t<\/div>\r\n\t\t\t\t\t\t<!-- slides thumbnails div end -->\r\n\t\t<\/div>\r\n\t\t<style>\r\n\/* Layout 3 *\/\r\n\/* border *\/\r\n#slider-pro-3-215 .sp-selected-thumbnail {\r\n\tborder: 4px solid #000000;\r\n}\r\n\r\n\/* font + color *\/\r\n.title-in  {\r\n\tfont-family: Arial !important;\r\n\tcolor: #000000 !important;\r\n\tbackground-color: #FFFFFF !important;\r\n\topacity: 0.7 !important;\r\n}\r\n.desc-in  {\r\n\tfont-family: Arial !important;\r\n\tcolor: #FFFFFF !important;\r\n\tbackground-color: #000000 !important;\r\n\topacity: 0.7 !important;\r\n}\r\n\r\n\/* bullets color *\/\r\n.sp-button  {\r\n\tborder: 2px solid #000000 !important;\r\n}\r\n.sp-selected-button  {\r\n\tbackground-color: #000000 !important;\r\n}\r\n\r\n\/* pointer color - bottom *\/\r\n.sp-selected-thumbnail::before {\r\n\tborder-bottom: 5px solid #000000 !important;\r\n}\r\n.sp-selected-thumbnail::after {\r\n\tborder-bottom: 13px solid #000000 !important;\r\n}\r\n\r\n\/* pointer color - top *\/\r\n\r\n\/* full screen icon *\/\r\n.sp-full-screen-button::before {\r\n    color: #FFFFFF !important;\r\n}\r\n\r\n\/* hover navigation icon color *\/\r\n.sp-next-arrow::after, .sp-next-arrow::before {\r\n\tbackground-color: #FFFFFF !important;\r\n}\r\n.sp-previous-arrow::after, .sp-previous-arrow::before {\r\n\tbackground-color: #FFFFFF !important;\r\n}\r\n\r\n#slider-pro-3-215 .title-in {\r\n\tcolor: #000000 !important;\r\n\tfont-weight: bolder;\r\n\ttext-align: center;\r\n}\r\n\r\n#slider-pro-3-215 .title-in-bg {\r\n\tbackground: rgba(255, 255, 255, 0.7); !important;\r\n\twhite-space: unset !important;\r\n\ttransform: initial !important;\r\n\t-webkit-transform: initial !important;\r\n\tfont-size: 14px !important;\r\n}\r\n\r\n#slider-pro-3-215 .desc-in {\r\n\tcolor: #FFFFFF !important;\r\n\ttext-align: center;\r\n}\r\n#slider-pro-3-215 .desc-in-bg {\r\n\tbackground: rgba(#000000, 0.7) !important;\r\n\twhite-space: unset !important;\r\n\ttransform: initial !important;\r\n\t-webkit-transform: initial !important;\r\n\tfont-size: 13px !important;\r\n}\r\n\r\n@media (max-width: 640px) {\r\n\t#slider-pro-3-215 .hide-small-screen {\r\n\t\tdisplay: none;\r\n\t}\r\n}\r\n\r\n@media (max-width: 860px) {\r\n\t#slider-pro-3-215 .sp-layer {\r\n\t\tfont-size: 18px;\r\n\t}\r\n\t\r\n\t#slider-pro-3-215 .hide-medium-screen {\r\n\t\tdisplay: none;\r\n\t}\r\n}\r\n.slides-not-found {\r\n\tbackground-color: #a92929;\r\n\tborder-radius: 5px;\r\n\tcolor: #fff;\r\n\tfont-family: initial;\r\n\ttext-align: center;\r\n\tpadding:12px;\r\n}\r\n\/* Custom CSS *\/\r\n<\/style>\r\n<\/p>\n<p>Nous travaillons uniquement sur mesure, en fonction des demandes sp\u00e9cifiques de chacun, mais si vous avez besoin d&rsquo;un costume standard, nous pouvons vous le procurer rapidement aupr\u00e8s de nos partenaires.<\/p>\n<p>Les professionnels et particuliers peuvent faire appel \u00e0 nos services. Nous proposons un devis gratuit pour r\u00e9pondre pr\u00e9cis\u00e9ment \u00e0 chaque demande avant de commencer toute prestation.<\/p>\n<p><a href=\"http:\/\/pouce-et-compagnie.fr\/wp-content\/uploads\/2016\/02\/logo-ombres.jpg\"><img loading=\"lazy\" decoding=\"async\" class=\"size-medium wp-image-138 aligncenter\" src=\"http:\/\/pouce-et-compagnie.fr\/wp-content\/uploads\/2016\/02\/logo-ombres-300x300.jpg\" alt=\"logo ombres\" width=\"300\" height=\"300\" srcset=\"https:\/\/pouce-et-compagnie.lu\/atelier\/wp-content\/uploads\/2016\/02\/logo-ombres-300x300.jpg 300w, https:\/\/pouce-et-compagnie.lu\/atelier\/wp-content\/uploads\/2016\/02\/logo-ombres-150x150.jpg 150w, https:\/\/pouce-et-compagnie.lu\/atelier\/wp-content\/uploads\/2016\/02\/logo-ombres-210x210.jpg 210w, https:\/\/pouce-et-compagnie.lu\/atelier\/wp-content\/uploads\/2016\/02\/logo-ombres.jpg 900w\" sizes=\"auto, (max-width: 300px) 100vw, 300px\" \/><\/a><\/p>\n<p>Nous r\u00e9pondons \u00e9galement \u00e0 des besoins qui touchent \u00e0 la couture et aux textiles et qui ne sont pas tous des costumes, comme des d\u00e9corations de chambre ou de stand, des produits sp\u00e9cifiques \u00e0 l&rsquo;\u00e9v\u00e9nementiel, des objets publicitaires textiles, etc&#8230;<\/p>\n<p>Nous pouvons faire des retouches classiques de v\u00eatements comme des ourlets, remplacement de zip, etc\u2026 et nous acceptons \u00e9galement les retouches non standard, sur devis. Vous pouvez consulter nos tarifs <a href=\"https:\/\/pouce-et-compagnie.lu\/index.php\/tarifs-des-retouches\/\" target=\"_blank\" rel=\"noopener noreferrer\">ici<\/a>.<\/p>\n<p>Nous assurons \u00e9galement des <a href=\"https:\/\/pouce-et-compagnie.lu\/index.php\/cours-et-animations\/\" target=\"_blank\" rel=\"noopener noreferrer\">cours de couture<\/a> pour enfant\/adultes et des <a href=\"https:\/\/pouce-et-compagnie.lu\/index.php\/cours-et-animations\/\" target=\"_blank\" rel=\"noopener noreferrer\">animations<\/a> ponctuelles chez des particuliers ou dans des structures professionnelles.<\/p>\n<p>Pouce et Compagnie a son si\u00e8ge social au 1 rue de Guerlange 4962 Cl\u00e9mency et est enregistr\u00e9e au RCS luxembourgeois sous le num\u00e9ro de B179104.<\/p>\n<p>La soci\u00e9t\u00e9 fran\u00e7aise Pouce et Compagnie est une filiale de Pouce et Compagnie Luxembourg. Elle s&rsquo;occupe de distribuer la collection de d\u00e9guisements pour enfants d&rsquo;inspiration historique aupr\u00e8s des professionnels et particuliers.<\/p>\n","protected":false},"excerpt":{"rendered":"<p>Pouce et Compagnie a \u00e9t\u00e9 cr\u00e9\u00e9e en 2001 et l&rsquo;atelier de costumes est install\u00e9 depuis 2013 au Luxembourg \u00e0 Cl\u00e9mency, pr\u00e8s des fronti\u00e8res belges et fran\u00e7aises. C&rsquo;est dans notre atelier que sont r\u00e9alis\u00e9s tous les costumes sur mesure ou en&#8230;<\/p>\n","protected":false},"author":1,"featured_media":0,"parent":0,"menu_order":0,"comment_status":"closed","ping_status":"closed","template":"","meta":{"footnotes":""},"class_list":["post-375","page","type-page","status-publish","hentry"],"_links":{"self":[{"href":"https:\/\/pouce-et-compagnie.lu\/index.php\/wp-json\/wp\/v2\/pages\/375","targetHints":{"allow":["GET"]}}],"collection":[{"href":"https:\/\/pouce-et-compagnie.lu\/index.php\/wp-json\/wp\/v2\/pages"}],"about":[{"href":"https:\/\/pouce-et-compagnie.lu\/index.php\/wp-json\/wp\/v2\/types\/page"}],"author":[{"embeddable":true,"href":"https:\/\/pouce-et-compagnie.lu\/index.php\/wp-json\/wp\/v2\/users\/1"}],"replies":[{"embeddable":true,"href":"https:\/\/pouce-et-compagnie.lu\/index.php\/wp-json\/wp\/v2\/comments?post=375"}],"version-history":[{"count":8,"href":"https:\/\/pouce-et-compagnie.lu\/index.php\/wp-json\/wp\/v2\/pages\/375\/revisions"}],"predecessor-version":[{"id":880,"href":"https:\/\/pouce-et-compagnie.lu\/index.php\/wp-json\/wp\/v2\/pages\/375\/revisions\/880"}],"wp:attachment":[{"href":"https:\/\/pouce-et-compagnie.lu\/index.php\/wp-json\/wp\/v2\/media?parent=375"}],"curies":[{"name":"wp","href":"https:\/\/api.w.org\/{rel}","templated":true}]}}