{"id":393,"date":"2016-07-26T09:47:48","date_gmt":"2016-07-26T08:47:48","guid":{"rendered":"http:\/\/pouce-et-compagnie.lu\/atelier\/?page_id=393"},"modified":"2016-07-28T18:45:02","modified_gmt":"2016-07-28T17:45:02","slug":"deguisements","status":"publish","type":"page","link":"https:\/\/pouce-et-compagnie.lu\/index.php\/realisations\/deguisements\/","title":{"rendered":"D\u00e9guisements et soir\u00e9es costum\u00e9es"},"content":{"rendered":"<p>Nous proposons \u00e0 la vente une gamme de d\u00e9guisements pour enfants d&rsquo;inspiration historique sur le site <a href=\"http:\/\/www.pouce-et-compagnie.com\" target=\"_blank\">www.pouce-et-compagnie.com.<\/a><\/p>\n<p style=\"text-align: center;\"><a href=\"http:\/\/pouce-et-compagnie.lu\/atelier\/wp-content\/uploads\/2016\/07\/Presentation-collection-Pouce-et-compagnie.jpg\"><img loading=\"lazy\" decoding=\"async\" class=\"alignnone wp-image-396 size-medium\" title=\"Pr\u00e9sentation de la collection Pouce et Compagnie\" src=\"http:\/\/pouce-et-compagnie.lu\/atelier\/wp-content\/uploads\/2016\/07\/Presentation-collection-Pouce-et-compagnie-300x225.jpg\" alt=\"Pr\u00e9sentation de la collection Pouce et Compagnie\" width=\"300\" height=\"225\" srcset=\"https:\/\/pouce-et-compagnie.lu\/atelier\/wp-content\/uploads\/2016\/07\/Presentation-collection-Pouce-et-compagnie-300x225.jpg 300w, https:\/\/pouce-et-compagnie.lu\/atelier\/wp-content\/uploads\/2016\/07\/Presentation-collection-Pouce-et-compagnie-768x576.jpg 768w, https:\/\/pouce-et-compagnie.lu\/atelier\/wp-content\/uploads\/2016\/07\/Presentation-collection-Pouce-et-compagnie-1024x768.jpg 1024w, https:\/\/pouce-et-compagnie.lu\/atelier\/wp-content\/uploads\/2016\/07\/Presentation-collection-Pouce-et-compagnie-500x375.jpg 500w\" sizes=\"auto, (max-width: 300px) 100vw, 300px\" \/><\/a><\/p>\n<p>Nous r\u00e9alisons sur mesure les d\u00e9guisements qu&rsquo;on ne trouve pas sur le web ou dans les commerces sp\u00e9cialis\u00e9s.<\/p>\n<p>Voici quelques exemples :<\/p>\n<p style=\"text-align: center;\"><script type=\"text\/javascript\">\r\ndocument.addEventListener(\"DOMContentLoaded\", function(event) { \r\n\tjQuery( '#slider-pro-3-401' ).sliderPro({\r\n\t\t\/\/width\r\n\t\t\t\twidth: 500,\r\n\t\t\t\t\r\n\t\t\/\/height\r\n\t\t\t\theight: 700,\r\n\t\t\t\t\r\n\t\t\/\/auto play\r\n\t\t\t\tautoplay:  true,\r\n\t\tautoplayOnHover: 'none',\r\n\t\t\t\t\t\t\t\tautoplayDelay: 5000,\r\n\t\t\r\n\t\t\r\n\t\tarrows: true,\r\n\t\tbuttons: true,\r\n\t\tsmallSize: 500,\r\n\t\tmediumSize: 1000,\r\n\t\tlargeSize: 3000,\r\n\t\tfade: true,\r\n\t\t\r\n\t\t\/\/thumbnail\r\n\t\tthumbnailArrows: true,\r\n\t\tthumbnailWidth: 100,\r\n\t\tthumbnailHeight: 120,\r\n\t\t\t\t\t\tthumbnailsPosition: 'bottom',\r\n\t\t\t\t\t\tcenterImage: true,\r\n\t\timageScaleMode: 'cover',\r\n\t\tallowScaleUp: true,\r\n\t\t\t\tshuffle: true,\r\n\t\t\t\tstartSlide: 0,\r\n\t\tloop: true,\r\n\t\tslideDistance: 5,\r\n\t\tautoplayDirection: 'normal',\r\n\t\ttouchSwipe: true,\r\n\t\tfullScreen: true,\r\n\t});\r\n});\r\n<\/script>\r\n\r\n<div id=\"uris-slider-title\">\r\n\t<h3 class=\"uris-slider-post-title\">D\u00e9guisements<\/h3>\r\n<\/div>\r\n\t\t<div id=\"slider-pro-3-401\" class=\"slider-pro\">\r\n\t\t\t<!---- slides div start ---->\r\n\t\t\t<div class=\"sp-slides\">\r\n\t\t\t\t\t\t\t\t\t\t<div class=\"sp-slide\">\r\n\t\t\t\t\t\t\t<img decoding=\"async\" class=\"sp-image\" loading=\"lazy\" alt=\"Costume Indien d&#039;apr\u00e8s Yakari\" src=\"https:\/\/pouce-et-compagnie.lu\/atelier\/wp-content\/plugins\/ultimate-responsive-image-slider\/assets\/css\/images\/blank.gif\" data-src=\"https:\/\/pouce-et-compagnie.lu\/atelier\/wp-content\/uploads\/2016\/07\/Tenue-d-indien-Yakari.jpg\" \/>\r\n\r\n\t\t\t\t\t\t\t\r\n\t\t\t\t\t\t\t\t\t\t\t\t\t<\/div>\r\n\t\t\t\t\t\t\t\t\t\t\t\t<div class=\"sp-slide\">\r\n\t\t\t\t\t\t\t<img decoding=\"async\" class=\"sp-image\" loading=\"lazy\" alt=\"Costume de statue de la libert\u00e9\" src=\"https:\/\/pouce-et-compagnie.lu\/atelier\/wp-content\/plugins\/ultimate-responsive-image-slider\/assets\/css\/images\/blank.gif\" data-src=\"https:\/\/pouce-et-compagnie.lu\/atelier\/wp-content\/uploads\/2016\/07\/statue-de-la-liberte.gif\" \/>\r\n\r\n\t\t\t\t\t\t\t\r\n\t\t\t\t\t\t\t\t\t\t\t\t\t<\/div>\r\n\t\t\t\t\t\t\t\t\t\t\t\t<div class=\"sp-slide\">\r\n\t\t\t\t\t\t\t<img decoding=\"async\" class=\"sp-image\" loading=\"lazy\" alt=\"Gousse d&#039;ail de dos\" src=\"https:\/\/pouce-et-compagnie.lu\/atelier\/wp-content\/plugins\/ultimate-responsive-image-slider\/assets\/css\/images\/blank.gif\" data-src=\"https:\/\/pouce-et-compagnie.lu\/atelier\/wp-content\/uploads\/2016\/07\/gousse-d-ail-dos.gif\" \/>\r\n\r\n\t\t\t\t\t\t\t\r\n\t\t\t\t\t\t\t\t\t\t\t\t\t<\/div>\r\n\t\t\t\t\t\t\t\t\t\t\t\t<div class=\"sp-slide\">\r\n\t\t\t\t\t\t\t<img decoding=\"async\" class=\"sp-image\" loading=\"lazy\" alt=\"Robe de bal Organza\" src=\"https:\/\/pouce-et-compagnie.lu\/atelier\/wp-content\/plugins\/ultimate-responsive-image-slider\/assets\/css\/images\/blank.gif\" data-src=\"https:\/\/pouce-et-compagnie.lu\/atelier\/wp-content\/uploads\/2016\/07\/Robe-de-bal-organza.gif\" \/>\r\n\r\n\t\t\t\t\t\t\t\r\n\t\t\t\t\t\t\t\t\t\t\t\t\t<\/div>\r\n\t\t\t\t\t\t\t\t\t\t\t\t<div class=\"sp-slide\">\r\n\t\t\t\t\t\t\t<img decoding=\"async\" class=\"sp-image\" loading=\"lazy\" alt=\"le petit Chaperon rouge\" src=\"https:\/\/pouce-et-compagnie.lu\/atelier\/wp-content\/plugins\/ultimate-responsive-image-slider\/assets\/css\/images\/blank.gif\" data-src=\"https:\/\/pouce-et-compagnie.lu\/atelier\/wp-content\/uploads\/2016\/07\/le-petit-chaperon-rouge.jpg\" \/>\r\n\r\n\t\t\t\t\t\t\t\r\n\t\t\t\t\t\t\t\t\t\t\t\t\t<\/div>\r\n\t\t\t\t\t\t\t\t\t\t\t\t<div class=\"sp-slide\">\r\n\t\t\t\t\t\t\t<img decoding=\"async\" class=\"sp-image\" loading=\"lazy\" alt=\"D\u00e9guisement de dalmatien\" src=\"https:\/\/pouce-et-compagnie.lu\/atelier\/wp-content\/plugins\/ultimate-responsive-image-slider\/assets\/css\/images\/blank.gif\" data-src=\"https:\/\/pouce-et-compagnie.lu\/atelier\/wp-content\/uploads\/2016\/07\/deguisement-dalmatien.gif\" \/>\r\n\r\n\t\t\t\t\t\t\t\r\n\t\t\t\t\t\t\t\t\t\t\t\t\t<\/div>\r\n\t\t\t\t\t\t\t\t\t\t\t\t<div class=\"sp-slide\">\r\n\t\t\t\t\t\t\t<img decoding=\"async\" class=\"sp-image\" loading=\"lazy\" alt=\"Robes de bal en tulle et satin\" src=\"https:\/\/pouce-et-compagnie.lu\/atelier\/wp-content\/plugins\/ultimate-responsive-image-slider\/assets\/css\/images\/blank.gif\" data-src=\"https:\/\/pouce-et-compagnie.lu\/atelier\/wp-content\/uploads\/2016\/07\/Robes-de-bal-tulle-et-satin.jpg\" \/>\r\n\r\n\t\t\t\t\t\t\t\r\n\t\t\t\t\t\t\t\t\t\t\t\t\t<\/div>\r\n\t\t\t\t\t\t\t\t\t\t\t\t<div class=\"sp-slide\">\r\n\t\t\t\t\t\t\t<img decoding=\"async\" class=\"sp-image\" loading=\"lazy\" alt=\"Costume \u00e9gyptien\" src=\"https:\/\/pouce-et-compagnie.lu\/atelier\/wp-content\/plugins\/ultimate-responsive-image-slider\/assets\/css\/images\/blank.gif\" data-src=\"https:\/\/pouce-et-compagnie.lu\/atelier\/wp-content\/uploads\/2016\/07\/Costume-egyptien.gif\" \/>\r\n\r\n\t\t\t\t\t\t\t\r\n\t\t\t\t\t\t\t\t\t\t\t\t\t<\/div>\r\n\t\t\t\t\t\t\t\t\t\t\t\t<div class=\"sp-slide\">\r\n\t\t\t\t\t\t\t<img decoding=\"async\" class=\"sp-image\" loading=\"lazy\" alt=\"Drap de bain d\u00e9guisement grenouille\" src=\"https:\/\/pouce-et-compagnie.lu\/atelier\/wp-content\/plugins\/ultimate-responsive-image-slider\/assets\/css\/images\/blank.gif\" data-src=\"https:\/\/pouce-et-compagnie.lu\/atelier\/wp-content\/uploads\/2016\/07\/drap-de-bain-deguisement-grenouille.gif\" \/>\r\n\r\n\t\t\t\t\t\t\t\r\n\t\t\t\t\t\t\t\t\t\t\t\t\t<\/div>\r\n\t\t\t\t\t\t\t\t\t<\/div>\r\n\t\t\t\r\n\t\t\t<!---- slides div end ---->\r\n\t\t\t\t\t\t<!-- slides thumbnails div start -->\r\n\t\t\t<div class=\"sp-thumbnails\">\r\n\t\t\t\t\t\t\t\t\t\t<img decoding=\"async\" class=\"sp-thumbnail\" loading=\"lazy\" src=\"https:\/\/pouce-et-compagnie.lu\/atelier\/wp-content\/plugins\/ultimate-responsive-image-slider\/assets\/img\/loading.gif\" data-src=\"https:\/\/pouce-et-compagnie.lu\/atelier\/wp-content\/uploads\/2016\/07\/Tenue-d-indien-Yakari-139x300.jpg\" alt=\"Costume Indien d&#039;apr\u00e8s Yakari\"\/>\r\n\t\t\t\t\t\t\t\t\t\t\t<img decoding=\"async\" class=\"sp-thumbnail\" loading=\"lazy\" src=\"https:\/\/pouce-et-compagnie.lu\/atelier\/wp-content\/plugins\/ultimate-responsive-image-slider\/assets\/img\/loading.gif\" data-src=\"https:\/\/pouce-et-compagnie.lu\/atelier\/wp-content\/uploads\/2016\/07\/statue-de-la-liberte-163x300.gif\" alt=\"Costume de statue de la libert\u00e9\"\/>\r\n\t\t\t\t\t\t\t\t\t\t\t<img decoding=\"async\" class=\"sp-thumbnail\" loading=\"lazy\" src=\"https:\/\/pouce-et-compagnie.lu\/atelier\/wp-content\/plugins\/ultimate-responsive-image-slider\/assets\/img\/loading.gif\" data-src=\"https:\/\/pouce-et-compagnie.lu\/atelier\/wp-content\/uploads\/2016\/07\/gousse-d-ail-dos-144x300.gif\" alt=\"Gousse d&#039;ail de dos\"\/>\r\n\t\t\t\t\t\t\t\t\t\t\t<img decoding=\"async\" class=\"sp-thumbnail\" loading=\"lazy\" src=\"https:\/\/pouce-et-compagnie.lu\/atelier\/wp-content\/plugins\/ultimate-responsive-image-slider\/assets\/img\/loading.gif\" data-src=\"https:\/\/pouce-et-compagnie.lu\/atelier\/wp-content\/uploads\/2016\/07\/Robe-de-bal-organza-225x300.gif\" alt=\"Robe de bal Organza\"\/>\r\n\t\t\t\t\t\t\t\t\t\t\t<img decoding=\"async\" class=\"sp-thumbnail\" loading=\"lazy\" src=\"https:\/\/pouce-et-compagnie.lu\/atelier\/wp-content\/plugins\/ultimate-responsive-image-slider\/assets\/img\/loading.gif\" data-src=\"https:\/\/pouce-et-compagnie.lu\/atelier\/wp-content\/uploads\/2016\/07\/le-petit-chaperon-rouge-165x300.jpg\" alt=\"le petit Chaperon rouge\"\/>\r\n\t\t\t\t\t\t\t\t\t\t\t<img decoding=\"async\" class=\"sp-thumbnail\" loading=\"lazy\" src=\"https:\/\/pouce-et-compagnie.lu\/atelier\/wp-content\/plugins\/ultimate-responsive-image-slider\/assets\/img\/loading.gif\" data-src=\"https:\/\/pouce-et-compagnie.lu\/atelier\/wp-content\/uploads\/2016\/07\/deguisement-dalmatien-111x300.gif\" alt=\"D\u00e9guisement de dalmatien\"\/>\r\n\t\t\t\t\t\t\t\t\t\t\t<img decoding=\"async\" class=\"sp-thumbnail\" loading=\"lazy\" src=\"https:\/\/pouce-et-compagnie.lu\/atelier\/wp-content\/plugins\/ultimate-responsive-image-slider\/assets\/img\/loading.gif\" data-src=\"https:\/\/pouce-et-compagnie.lu\/atelier\/wp-content\/uploads\/2016\/07\/Robes-de-bal-tulle-et-satin-175x300.jpg\" alt=\"Robes de bal en tulle et satin\"\/>\r\n\t\t\t\t\t\t\t\t\t\t\t<img decoding=\"async\" class=\"sp-thumbnail\" loading=\"lazy\" src=\"https:\/\/pouce-et-compagnie.lu\/atelier\/wp-content\/plugins\/ultimate-responsive-image-slider\/assets\/img\/loading.gif\" data-src=\"https:\/\/pouce-et-compagnie.lu\/atelier\/wp-content\/uploads\/2016\/07\/Costume-egyptien-109x300.gif\" alt=\"Costume \u00e9gyptien\"\/>\r\n\t\t\t\t\t\t\t\t\t\t\t<img decoding=\"async\" class=\"sp-thumbnail\" loading=\"lazy\" src=\"https:\/\/pouce-et-compagnie.lu\/atelier\/wp-content\/plugins\/ultimate-responsive-image-slider\/assets\/img\/loading.gif\" data-src=\"https:\/\/pouce-et-compagnie.lu\/atelier\/wp-content\/uploads\/2016\/07\/drap-de-bain-deguisement-grenouille-248x300.gif\" alt=\"Drap de bain d\u00e9guisement grenouille\"\/>\r\n\t\t\t\t\t\t\t\t<\/div>\r\n\t\t\t\t\t\t<!-- slides thumbnails div end -->\r\n\t\t<\/div>\r\n\t\t<style>\r\n\/* Layout 3 *\/\r\n\/* border *\/\r\n#slider-pro-3-401 .sp-selected-thumbnail {\r\n\tborder: 4px solid #000000;\r\n}\r\n\r\n\/* font + color *\/\r\n.title-in  {\r\n\tfont-family: Arial !important;\r\n\tcolor: #000000 !important;\r\n\tbackground-color: #FFFFFF !important;\r\n\topacity: 0.7 !important;\r\n}\r\n.desc-in  {\r\n\tfont-family: Arial !important;\r\n\tcolor: #FFFFFF !important;\r\n\tbackground-color: #000000 !important;\r\n\topacity: 0.7 !important;\r\n}\r\n\r\n\/* bullets color *\/\r\n.sp-button  {\r\n\tborder: 2px solid #000000 !important;\r\n}\r\n.sp-selected-button  {\r\n\tbackground-color: #000000 !important;\r\n}\r\n\r\n\/* pointer color - bottom *\/\r\n.sp-selected-thumbnail::before {\r\n\tborder-bottom: 5px solid #000000 !important;\r\n}\r\n.sp-selected-thumbnail::after {\r\n\tborder-bottom: 13px solid #000000 !important;\r\n}\r\n\r\n\/* pointer color - top *\/\r\n\r\n\/* full screen icon *\/\r\n.sp-full-screen-button::before {\r\n    color: #FFFFFF !important;\r\n}\r\n\r\n\/* hover navigation icon color *\/\r\n.sp-next-arrow::after, .sp-next-arrow::before {\r\n\tbackground-color: #FFFFFF !important;\r\n}\r\n.sp-previous-arrow::after, .sp-previous-arrow::before {\r\n\tbackground-color: #FFFFFF !important;\r\n}\r\n\r\n#slider-pro-3-401 .title-in {\r\n\tcolor: #000000 !important;\r\n\tfont-weight: bolder;\r\n\ttext-align: center;\r\n}\r\n\r\n#slider-pro-3-401 .title-in-bg {\r\n\tbackground: rgba(255, 255, 255, 0.7); !important;\r\n\twhite-space: unset !important;\r\n\ttransform: initial !important;\r\n\t-webkit-transform: initial !important;\r\n\tfont-size: 14px !important;\r\n}\r\n\r\n#slider-pro-3-401 .desc-in {\r\n\tcolor: #FFFFFF !important;\r\n\ttext-align: center;\r\n}\r\n#slider-pro-3-401 .desc-in-bg {\r\n\tbackground: rgba(#000000, 0.7) !important;\r\n\twhite-space: unset !important;\r\n\ttransform: initial !important;\r\n\t-webkit-transform: initial !important;\r\n\tfont-size: 13px !important;\r\n}\r\n\r\n@media (max-width: 640px) {\r\n\t#slider-pro-3-401 .hide-small-screen {\r\n\t\tdisplay: none;\r\n\t}\r\n}\r\n\r\n@media (max-width: 860px) {\r\n\t#slider-pro-3-401 .sp-layer {\r\n\t\tfont-size: 18px;\r\n\t}\r\n\t\r\n\t#slider-pro-3-401 .hide-medium-screen {\r\n\t\tdisplay: none;\r\n\t}\r\n}\r\n.slides-not-found {\r\n\tbackground-color: #a92929;\r\n\tborder-radius: 5px;\r\n\tcolor: #fff;\r\n\tfont-family: initial;\r\n\ttext-align: center;\r\n\tpadding:12px;\r\n}\r\n\/* Custom CSS *\/\r\n<\/style>\r\n<\/p>\n<p style=\"text-align: justify;\">Nous pouvons aussi habiller un groupe pour des soir\u00e9es \u00e0 th\u00e8me comme ces noces d&rsquo;or \u00e9gyptiennes:<\/p>\n<p style=\"text-align: justify;\"><a href=\"http:\/\/pouce-et-compagnie.lu\/atelier\/wp-content\/uploads\/2016\/07\/Noces-d-or-egyptiennes.jpg\"><img loading=\"lazy\" decoding=\"async\" class=\"aligncenter wp-image-407 size-large\" src=\"http:\/\/pouce-et-compagnie.lu\/atelier\/wp-content\/uploads\/2016\/07\/Noces-d-or-egyptiennes-1024x768.jpg\" alt=\"Noces d'or costum\u00e9es\" width=\"600\" height=\"450\" srcset=\"https:\/\/pouce-et-compagnie.lu\/atelier\/wp-content\/uploads\/2016\/07\/Noces-d-or-egyptiennes-1024x768.jpg 1024w, https:\/\/pouce-et-compagnie.lu\/atelier\/wp-content\/uploads\/2016\/07\/Noces-d-or-egyptiennes-300x225.jpg 300w, https:\/\/pouce-et-compagnie.lu\/atelier\/wp-content\/uploads\/2016\/07\/Noces-d-or-egyptiennes-768x576.jpg 768w, https:\/\/pouce-et-compagnie.lu\/atelier\/wp-content\/uploads\/2016\/07\/Noces-d-or-egyptiennes-500x375.jpg 500w\" sizes=\"auto, (max-width: 600px) 100vw, 600px\" \/><\/a><\/p>\n","protected":false},"excerpt":{"rendered":"<p>Nous proposons \u00e0 la vente une gamme de d\u00e9guisements pour enfants d&rsquo;inspiration historique sur le site www.pouce-et-compagnie.com. Nous r\u00e9alisons sur mesure les d\u00e9guisements qu&rsquo;on ne trouve pas sur le web ou dans les commerces sp\u00e9cialis\u00e9s. Voici quelques exemples : Nous&#8230;<\/p>\n","protected":false},"author":1,"featured_media":0,"parent":2,"menu_order":0,"comment_status":"closed","ping_status":"closed","template":"","meta":{"footnotes":""},"class_list":["post-393","page","type-page","status-publish","hentry"],"_links":{"self":[{"href":"https:\/\/pouce-et-compagnie.lu\/index.php\/wp-json\/wp\/v2\/pages\/393","targetHints":{"allow":["GET"]}}],"collection":[{"href":"https:\/\/pouce-et-compagnie.lu\/index.php\/wp-json\/wp\/v2\/pages"}],"about":[{"href":"https:\/\/pouce-et-compagnie.lu\/index.php\/wp-json\/wp\/v2\/types\/page"}],"author":[{"embeddable":true,"href":"https:\/\/pouce-et-compagnie.lu\/index.php\/wp-json\/wp\/v2\/users\/1"}],"replies":[{"embeddable":true,"href":"https:\/\/pouce-et-compagnie.lu\/index.php\/wp-json\/wp\/v2\/comments?post=393"}],"version-history":[{"count":7,"href":"https:\/\/pouce-et-compagnie.lu\/index.php\/wp-json\/wp\/v2\/pages\/393\/revisions"}],"predecessor-version":[{"id":529,"href":"https:\/\/pouce-et-compagnie.lu\/index.php\/wp-json\/wp\/v2\/pages\/393\/revisions\/529"}],"up":[{"embeddable":true,"href":"https:\/\/pouce-et-compagnie.lu\/index.php\/wp-json\/wp\/v2\/pages\/2"}],"wp:attachment":[{"href":"https:\/\/pouce-et-compagnie.lu\/index.php\/wp-json\/wp\/v2\/media?parent=393"}],"curies":[{"name":"wp","href":"https:\/\/api.w.org\/{rel}","templated":true}]}}