{"id":409,"date":"2016-07-26T14:14:01","date_gmt":"2016-07-26T13:14:01","guid":{"rendered":"http:\/\/pouce-et-compagnie.lu\/atelier\/?page_id=409"},"modified":"2018-01-25T19:09:41","modified_gmt":"2018-01-25T18:09:41","slug":"ceremonies","status":"publish","type":"page","link":"https:\/\/pouce-et-compagnie.lu\/index.php\/realisations\/ceremonies\/","title":{"rendered":"C\u00e9r\u00e9monies"},"content":{"rendered":"<p style=\"text-align: justify;\">Nous r\u00e9alisons des costumes sp\u00e9cifiques pour les c\u00e9r\u00e9monies : mariages, soir\u00e9es, bapt\u00eames et communions, &#8230;<\/p>\n<p style=\"text-align: justify;\">Pour les mariages, nous r\u00e9alisons surtout des robes de mari\u00e9es pour les mariages \u00e0 th\u00e8me (historique, bd, &#8230;) et si vous avez des mensurations qui ne vous permettent pas d&rsquo;acheter du pr\u00eat-\u00e0-porter. Nous pouvons \u00e9galement r\u00e9aliser les tenues des enfants du cort\u00e8ge, des demoiselles d&rsquo;honneur, ou des robes pour les invit\u00e9es. Nos comp\u00e9tences s&rsquo;\u00e9tendent \u00e9galement \u00e0 la d\u00e9coration personnalis\u00e9e.<\/p>\n<p style=\"text-align: justify;\">Contactez-nous pour toute demande car nous travaillons uniquement sur mesure. Les quelques photos ci-dessous vous donnent une toute petite id\u00e9e des possibilit\u00e9s.<\/p>\n<p style=\"text-align: justify;\"><a href=\"http:\/\/pouce-et-compagnie.lu\/atelier\/wp-content\/uploads\/2016\/07\/exemples-salon-du-mariage.jpg\" target=\"_blank\"><img loading=\"lazy\" decoding=\"async\" class=\"aligncenter wp-image-648 size-large\" title=\"Exemples de tenues\" src=\"http:\/\/pouce-et-compagnie.lu\/atelier\/wp-content\/uploads\/2016\/07\/exemples-salon-du-mariage-1024x768.jpg\" alt=\"Exemples de tenues\" width=\"600\" height=\"450\" srcset=\"https:\/\/pouce-et-compagnie.lu\/atelier\/wp-content\/uploads\/2016\/07\/exemples-salon-du-mariage-1024x768.jpg 1024w, https:\/\/pouce-et-compagnie.lu\/atelier\/wp-content\/uploads\/2016\/07\/exemples-salon-du-mariage-300x225.jpg 300w, https:\/\/pouce-et-compagnie.lu\/atelier\/wp-content\/uploads\/2016\/07\/exemples-salon-du-mariage-768x576.jpg 768w, https:\/\/pouce-et-compagnie.lu\/atelier\/wp-content\/uploads\/2016\/07\/exemples-salon-du-mariage-500x375.jpg 500w\" sizes=\"auto, (max-width: 600px) 100vw, 600px\" \/><\/a><\/p>\n<p style=\"text-align: center;\"><a href=\"http:\/\/pouce-et-compagnie.lu\/atelier\/wp-content\/uploads\/2016\/07\/robe-de-cortege-rayee-rose.jpg\" target=\"_blank\"><img loading=\"lazy\" decoding=\"async\" class=\"alignnone wp-image-644\" title=\"Robe de cort\u00e8ge ray\u00e9e rose\" src=\"http:\/\/pouce-et-compagnie.lu\/atelier\/wp-content\/uploads\/2016\/07\/robe-de-cortege-rayee-rose.jpg\" alt=\"Robe de cort\u00e8ge ray\u00e9e rose\" width=\"246\" height=\"297\" srcset=\"https:\/\/pouce-et-compagnie.lu\/atelier\/wp-content\/uploads\/2016\/07\/robe-de-cortege-rayee-rose.jpg 571w, https:\/\/pouce-et-compagnie.lu\/atelier\/wp-content\/uploads\/2016\/07\/robe-de-cortege-rayee-rose-249x300.jpg 249w, https:\/\/pouce-et-compagnie.lu\/atelier\/wp-content\/uploads\/2016\/07\/robe-de-cortege-rayee-rose-500x603.jpg 500w\" sizes=\"auto, (max-width: 246px) 100vw, 246px\" \/><\/a><a href=\"http:\/\/pouce-et-compagnie.lu\/atelier\/wp-content\/uploads\/2016\/07\/robe-de-cortege-bleue.jpg\" target=\"_blank\"><img loading=\"lazy\" decoding=\"async\" class=\"alignnone wp-image-645\" title=\"Robe de cort\u00e8ge bleue\" src=\"http:\/\/pouce-et-compagnie.lu\/atelier\/wp-content\/uploads\/2016\/07\/robe-de-cortege-bleue.jpg\" alt=\"Robe de cort\u00e8ge bleue\" width=\"249\" height=\"296\" srcset=\"https:\/\/pouce-et-compagnie.lu\/atelier\/wp-content\/uploads\/2016\/07\/robe-de-cortege-bleue.jpg 314w, https:\/\/pouce-et-compagnie.lu\/atelier\/wp-content\/uploads\/2016\/07\/robe-de-cortege-bleue-252x300.jpg 252w\" sizes=\"auto, (max-width: 249px) 100vw, 249px\" \/><\/a><a href=\"http:\/\/pouce-et-compagnie.lu\/atelier\/wp-content\/uploads\/2016\/07\/robe-de-cortege-blanche.jpg\" target=\"_blank\"><img loading=\"lazy\" decoding=\"async\" class=\"alignnone wp-image-652\" title=\"Robe de cort\u00e8ge blanche\" src=\"http:\/\/pouce-et-compagnie.lu\/atelier\/wp-content\/uploads\/2016\/07\/robe-de-cortege-blanche-519x1024.jpg\" alt=\"Robe de cort\u00e8ge blanche\" width=\"150\" height=\"296\" srcset=\"https:\/\/pouce-et-compagnie.lu\/atelier\/wp-content\/uploads\/2016\/07\/robe-de-cortege-blanche-519x1024.jpg 519w, https:\/\/pouce-et-compagnie.lu\/atelier\/wp-content\/uploads\/2016\/07\/robe-de-cortege-blanche-152x300.jpg 152w, https:\/\/pouce-et-compagnie.lu\/atelier\/wp-content\/uploads\/2016\/07\/robe-de-cortege-blanche-768x1516.jpg 768w, https:\/\/pouce-et-compagnie.lu\/atelier\/wp-content\/uploads\/2016\/07\/robe-de-cortege-blanche-500x987.jpg 500w, https:\/\/pouce-et-compagnie.lu\/atelier\/wp-content\/uploads\/2016\/07\/robe-de-cortege-blanche.jpg 1824w\" sizes=\"auto, (max-width: 150px) 100vw, 150px\" \/><\/a><img loading=\"lazy\" decoding=\"async\" class=\"alignnone wp-image-646\" title=\"Robe de cort\u00e8ge bleue ray\u00e9e\" src=\"http:\/\/pouce-et-compagnie.lu\/atelier\/wp-content\/uploads\/2016\/07\/Robe-de-cortege-rayee.jpg\" alt=\"Robe de cort\u00e8ge bleue ray\u00e9e\" width=\"238\" height=\"297\" srcset=\"https:\/\/pouce-et-compagnie.lu\/atelier\/wp-content\/uploads\/2016\/07\/Robe-de-cortege-rayee.jpg 379w, https:\/\/pouce-et-compagnie.lu\/atelier\/wp-content\/uploads\/2016\/07\/Robe-de-cortege-rayee-240x300.jpg 240w\" sizes=\"auto, (max-width: 238px) 100vw, 238px\" \/><\/p>\n<p style=\"text-align: center;\"><a href=\"http:\/\/pouce-et-compagnie.lu\/atelier\/wp-content\/uploads\/2016\/07\/robe-de-mariee-medievale.jpg\" target=\"_blank\"><img loading=\"lazy\" decoding=\"async\" class=\"alignnone wp-image-649 size-large\" title=\"Robe de mari\u00e9e m\u00e9di\u00e9vale\" src=\"http:\/\/pouce-et-compagnie.lu\/atelier\/wp-content\/uploads\/2016\/07\/robe-de-mariee-medievale-561x1024.jpg\" alt=\"Robe de mari\u00e9e m\u00e9di\u00e9vale\" width=\"561\" height=\"1024\" srcset=\"https:\/\/pouce-et-compagnie.lu\/atelier\/wp-content\/uploads\/2016\/07\/robe-de-mariee-medievale-561x1024.jpg 561w, https:\/\/pouce-et-compagnie.lu\/atelier\/wp-content\/uploads\/2016\/07\/robe-de-mariee-medievale-164x300.jpg 164w, https:\/\/pouce-et-compagnie.lu\/atelier\/wp-content\/uploads\/2016\/07\/robe-de-mariee-medievale-768x1402.jpg 768w, https:\/\/pouce-et-compagnie.lu\/atelier\/wp-content\/uploads\/2016\/07\/robe-de-mariee-medievale-500x913.jpg 500w, https:\/\/pouce-et-compagnie.lu\/atelier\/wp-content\/uploads\/2016\/07\/robe-de-mariee-medievale.jpg 1058w\" sizes=\"auto, (max-width: 561px) 100vw, 561px\" \/><\/a><\/p>\n<p style=\"text-align: center;\"><a href=\"http:\/\/pouce-et-compagnie.lu\/atelier\/wp-content\/uploads\/2016\/07\/Robes-cortege-ivoire-1.jpg\" target=\"_blank\"><img loading=\"lazy\" decoding=\"async\" class=\"alignnone wp-image-650 size-full\" title=\"Robe de cort\u00e8ge ivoire\" src=\"http:\/\/pouce-et-compagnie.lu\/atelier\/wp-content\/uploads\/2016\/07\/Robes-cortege-ivoire-1.jpg\" alt=\"Robe de cort\u00e8ge ivoire\" width=\"360\" height=\"480\" srcset=\"https:\/\/pouce-et-compagnie.lu\/atelier\/wp-content\/uploads\/2016\/07\/Robes-cortege-ivoire-1.jpg 360w, https:\/\/pouce-et-compagnie.lu\/atelier\/wp-content\/uploads\/2016\/07\/Robes-cortege-ivoire-1-225x300.jpg 225w\" sizes=\"auto, (max-width: 360px) 100vw, 360px\" \/><\/a><a href=\"http:\/\/pouce-et-compagnie.lu\/atelier\/wp-content\/uploads\/2016\/07\/robe-de-ceremonie-noire.jpg\">\u00a0\u00a0 <\/a><a href=\"http:\/\/pouce-et-compagnie.lu\/atelier\/wp-content\/uploads\/2016\/07\/robe-de-ceremonie-noire.jpg\" target=\"_blank\"><img loading=\"lazy\" decoding=\"async\" class=\"alignnone wp-image-651\" title=\"Robe de c\u00e9r\u00e9monie noire\" src=\"http:\/\/pouce-et-compagnie.lu\/atelier\/wp-content\/uploads\/2016\/07\/robe-de-ceremonie-noire-562x1024.jpg\" alt=\"Robe de c\u00e9r\u00e9monie noire\" width=\"264\" height=\"481\" srcset=\"https:\/\/pouce-et-compagnie.lu\/atelier\/wp-content\/uploads\/2016\/07\/robe-de-ceremonie-noire-562x1024.jpg 562w, https:\/\/pouce-et-compagnie.lu\/atelier\/wp-content\/uploads\/2016\/07\/robe-de-ceremonie-noire-165x300.jpg 165w, https:\/\/pouce-et-compagnie.lu\/atelier\/wp-content\/uploads\/2016\/07\/robe-de-ceremonie-noire-768x1400.jpg 768w, https:\/\/pouce-et-compagnie.lu\/atelier\/wp-content\/uploads\/2016\/07\/robe-de-ceremonie-noire-500x911.jpg 500w, https:\/\/pouce-et-compagnie.lu\/atelier\/wp-content\/uploads\/2016\/07\/robe-de-ceremonie-noire.jpg 852w\" sizes=\"auto, (max-width: 264px) 100vw, 264px\" \/><\/a><\/p>\n<p style=\"text-align: center;\"><a href=\"http:\/\/pouce-et-compagnie.lu\/atelier\/wp-content\/uploads\/2016\/07\/mariage-Loki-et-Poison-Ivy-2.jpg\"><img loading=\"lazy\" decoding=\"async\" class=\"alignnone size-large wp-image-666\" src=\"http:\/\/pouce-et-compagnie.lu\/atelier\/wp-content\/uploads\/2016\/07\/mariage-Loki-et-Poison-Ivy-2-678x1024.jpg\" alt=\"mariage Loki et Poison Ivy\" width=\"600\" height=\"906\" srcset=\"https:\/\/pouce-et-compagnie.lu\/atelier\/wp-content\/uploads\/2016\/07\/mariage-Loki-et-Poison-Ivy-2-678x1024.jpg 678w, https:\/\/pouce-et-compagnie.lu\/atelier\/wp-content\/uploads\/2016\/07\/mariage-Loki-et-Poison-Ivy-2-199x300.jpg 199w, https:\/\/pouce-et-compagnie.lu\/atelier\/wp-content\/uploads\/2016\/07\/mariage-Loki-et-Poison-Ivy-2-500x756.jpg 500w, https:\/\/pouce-et-compagnie.lu\/atelier\/wp-content\/uploads\/2016\/07\/mariage-Loki-et-Poison-Ivy-2.jpg 681w\" sizes=\"auto, (max-width: 600px) 100vw, 600px\" \/><\/a><\/p>\n<p style=\"text-align: center;\"><a href=\"http:\/\/pouce-et-compagnie.lu\/atelier\/wp-content\/uploads\/2016\/07\/gilet.jpg\"><img loading=\"lazy\" decoding=\"async\" class=\"alignnone size-large wp-image-693\" src=\"http:\/\/pouce-et-compagnie.lu\/atelier\/wp-content\/uploads\/2016\/07\/gilet-1024x890.jpg\" alt=\"gilet de mariage\" width=\"600\" height=\"521\" srcset=\"https:\/\/pouce-et-compagnie.lu\/atelier\/wp-content\/uploads\/2016\/07\/gilet-1024x890.jpg 1024w, https:\/\/pouce-et-compagnie.lu\/atelier\/wp-content\/uploads\/2016\/07\/gilet-300x261.jpg 300w, https:\/\/pouce-et-compagnie.lu\/atelier\/wp-content\/uploads\/2016\/07\/gilet-768x667.jpg 768w, https:\/\/pouce-et-compagnie.lu\/atelier\/wp-content\/uploads\/2016\/07\/gilet-500x434.jpg 500w\" sizes=\"auto, (max-width: 600px) 100vw, 600px\" \/><\/a><\/p>\n<p style=\"text-align: center;\"><a href=\"http:\/\/pouce-et-compagnie.lu\/atelier\/wp-content\/uploads\/2016\/07\/detail-poche.jpg\"><img loading=\"lazy\" decoding=\"async\" class=\"alignnone size-medium wp-image-695\" src=\"http:\/\/pouce-et-compagnie.lu\/atelier\/wp-content\/uploads\/2016\/07\/detail-poche-169x300.jpg\" alt=\"detail poche\" width=\"169\" height=\"300\" srcset=\"https:\/\/pouce-et-compagnie.lu\/atelier\/wp-content\/uploads\/2016\/07\/detail-poche-169x300.jpg 169w, https:\/\/pouce-et-compagnie.lu\/atelier\/wp-content\/uploads\/2016\/07\/detail-poche-768x1365.jpg 768w, https:\/\/pouce-et-compagnie.lu\/atelier\/wp-content\/uploads\/2016\/07\/detail-poche-576x1024.jpg 576w, https:\/\/pouce-et-compagnie.lu\/atelier\/wp-content\/uploads\/2016\/07\/detail-poche-500x889.jpg 500w\" sizes=\"auto, (max-width: 169px) 100vw, 169px\" \/><\/a><\/p>\n<p>Nous intervenons \u00e9galement pour r\u00e9aliser des d\u00e9corations de salle pour des \u00e9v\u00e9nements : r\u00e9alisation des arrangements floraux, pliages de serviettes, d\u00e9cor de table et de chaises, menus, marque-places, et plans de table.<\/p>\n<p style=\"text-align: center;\"><a href=\"http:\/\/pouce-et-compagnie.lu\/atelier\/wp-content\/uploads\/2016\/07\/decoration-tables.jpg\"><img loading=\"lazy\" decoding=\"async\" class=\"size-medium wp-image-410 aligncenter\" src=\"http:\/\/pouce-et-compagnie.lu\/atelier\/wp-content\/uploads\/2016\/07\/decoration-tables-300x201.jpg\" alt=\"D\u00e9coration de tables\" width=\"300\" height=\"201\" srcset=\"https:\/\/pouce-et-compagnie.lu\/atelier\/wp-content\/uploads\/2016\/07\/decoration-tables-300x201.jpg 300w, https:\/\/pouce-et-compagnie.lu\/atelier\/wp-content\/uploads\/2016\/07\/decoration-tables-768x515.jpg 768w, https:\/\/pouce-et-compagnie.lu\/atelier\/wp-content\/uploads\/2016\/07\/decoration-tables-500x335.jpg 500w, https:\/\/pouce-et-compagnie.lu\/atelier\/wp-content\/uploads\/2016\/07\/decoration-tables.jpg 1018w\" sizes=\"auto, (max-width: 300px) 100vw, 300px\" \/><\/a><\/p>\n<p style=\"text-align: center;\"><a href=\"http:\/\/pouce-et-compagnie.lu\/atelier\/wp-content\/uploads\/2016\/07\/Menu.jpg\"><img loading=\"lazy\" decoding=\"async\" class=\"alignnone wp-image-411 size-medium\" src=\"http:\/\/pouce-et-compagnie.lu\/atelier\/wp-content\/uploads\/2016\/07\/Menu-174x300.jpg\" alt=\"Menu\" width=\"174\" height=\"300\" srcset=\"https:\/\/pouce-et-compagnie.lu\/atelier\/wp-content\/uploads\/2016\/07\/Menu-174x300.jpg 174w, https:\/\/pouce-et-compagnie.lu\/atelier\/wp-content\/uploads\/2016\/07\/Menu.jpg 370w\" sizes=\"auto, (max-width: 174px) 100vw, 174px\" \/><\/a> <a href=\"http:\/\/pouce-et-compagnie.lu\/atelier\/wp-content\/uploads\/2016\/07\/Plan-de-tables.jpg\"><img loading=\"lazy\" decoding=\"async\" class=\"alignnone wp-image-412 size-medium\" src=\"http:\/\/pouce-et-compagnie.lu\/atelier\/wp-content\/uploads\/2016\/07\/Plan-de-tables-225x300.jpg\" alt=\"Plan de tables\" width=\"225\" height=\"300\" srcset=\"https:\/\/pouce-et-compagnie.lu\/atelier\/wp-content\/uploads\/2016\/07\/Plan-de-tables-225x300.jpg 225w, https:\/\/pouce-et-compagnie.lu\/atelier\/wp-content\/uploads\/2016\/07\/Plan-de-tables-500x667.jpg 500w, https:\/\/pouce-et-compagnie.lu\/atelier\/wp-content\/uploads\/2016\/07\/Plan-de-tables.jpg 527w\" sizes=\"auto, (max-width: 225px) 100vw, 225px\" \/><\/a> <a href=\"http:\/\/pouce-et-compagnie.lu\/atelier\/wp-content\/uploads\/2016\/07\/Pliage-serviette.jpg\"><img loading=\"lazy\" decoding=\"async\" class=\"alignnone wp-image-413 size-medium\" src=\"http:\/\/pouce-et-compagnie.lu\/atelier\/wp-content\/uploads\/2016\/07\/Pliage-serviette-300x267.jpg\" alt=\"Pliage de serviette et d\u00e9co\" width=\"300\" height=\"267\" srcset=\"https:\/\/pouce-et-compagnie.lu\/atelier\/wp-content\/uploads\/2016\/07\/Pliage-serviette-300x267.jpg 300w, https:\/\/pouce-et-compagnie.lu\/atelier\/wp-content\/uploads\/2016\/07\/Pliage-serviette-768x684.jpg 768w, https:\/\/pouce-et-compagnie.lu\/atelier\/wp-content\/uploads\/2016\/07\/Pliage-serviette-500x445.jpg 500w, https:\/\/pouce-et-compagnie.lu\/atelier\/wp-content\/uploads\/2016\/07\/Pliage-serviette.jpg 807w\" sizes=\"auto, (max-width: 300px) 100vw, 300px\" \/><\/a> <a href=\"http:\/\/pouce-et-compagnie.lu\/atelier\/wp-content\/uploads\/2016\/07\/Vase-martini.jpg\"><img loading=\"lazy\" decoding=\"async\" class=\"alignnone wp-image-414 size-medium\" src=\"http:\/\/pouce-et-compagnie.lu\/atelier\/wp-content\/uploads\/2016\/07\/Vase-martini-186x300.jpg\" alt=\"Vase Martini\" width=\"186\" height=\"300\" srcset=\"https:\/\/pouce-et-compagnie.lu\/atelier\/wp-content\/uploads\/2016\/07\/Vase-martini-186x300.jpg 186w, https:\/\/pouce-et-compagnie.lu\/atelier\/wp-content\/uploads\/2016\/07\/Vase-martini-500x806.jpg 500w, https:\/\/pouce-et-compagnie.lu\/atelier\/wp-content\/uploads\/2016\/07\/Vase-martini.jpg 509w\" sizes=\"auto, (max-width: 186px) 100vw, 186px\" \/><\/a><\/p>\n","protected":false},"excerpt":{"rendered":"<p>Nous r\u00e9alisons des costumes sp\u00e9cifiques pour les c\u00e9r\u00e9monies : mariages, soir\u00e9es, bapt\u00eames et communions, &#8230; Pour les mariages, nous r\u00e9alisons surtout des robes de mari\u00e9es pour les mariages \u00e0 th\u00e8me (historique, bd, &#8230;) et si vous avez des mensurations qui&#8230;<\/p>\n","protected":false},"author":1,"featured_media":0,"parent":2,"menu_order":0,"comment_status":"closed","ping_status":"closed","template":"","meta":{"footnotes":""},"class_list":["post-409","page","type-page","status-publish","hentry"],"_links":{"self":[{"href":"https:\/\/pouce-et-compagnie.lu\/index.php\/wp-json\/wp\/v2\/pages\/409","targetHints":{"allow":["GET"]}}],"collection":[{"href":"https:\/\/pouce-et-compagnie.lu\/index.php\/wp-json\/wp\/v2\/pages"}],"about":[{"href":"https:\/\/pouce-et-compagnie.lu\/index.php\/wp-json\/wp\/v2\/types\/page"}],"author":[{"embeddable":true,"href":"https:\/\/pouce-et-compagnie.lu\/index.php\/wp-json\/wp\/v2\/users\/1"}],"replies":[{"embeddable":true,"href":"https:\/\/pouce-et-compagnie.lu\/index.php\/wp-json\/wp\/v2\/comments?post=409"}],"version-history":[{"count":7,"href":"https:\/\/pouce-et-compagnie.lu\/index.php\/wp-json\/wp\/v2\/pages\/409\/revisions"}],"predecessor-version":[{"id":696,"href":"https:\/\/pouce-et-compagnie.lu\/index.php\/wp-json\/wp\/v2\/pages\/409\/revisions\/696"}],"up":[{"embeddable":true,"href":"https:\/\/pouce-et-compagnie.lu\/index.php\/wp-json\/wp\/v2\/pages\/2"}],"wp:attachment":[{"href":"https:\/\/pouce-et-compagnie.lu\/index.php\/wp-json\/wp\/v2\/media?parent=409"}],"curies":[{"name":"wp","href":"https:\/\/api.w.org\/{rel}","templated":true}]}}