{"id":441,"date":"2016-07-27T08:14:12","date_gmt":"2016-07-27T07:14:12","guid":{"rendered":"http:\/\/pouce-et-compagnie.lu\/atelier\/?page_id=441"},"modified":"2016-07-28T18:44:45","modified_gmt":"2016-07-28T17:44:45","slug":"presentation-du-ballon-au-stade-de-france-match-stade-francais-toulon","status":"publish","type":"page","link":"https:\/\/pouce-et-compagnie.lu\/index.php\/realisations\/tenues-de-scene\/presentation-du-ballon-au-stade-de-france-match-stade-francais-toulon\/","title":{"rendered":"Pr\u00e9sentation du ballon au Stade de France &#8211; match Stade Fran\u00e7ais Toulon"},"content":{"rendered":"<p>Nous avons habill\u00e9 Diane, les culturistes qui tiraient son char ainsi que certains figurants.<\/p>\n<p>Pour ce type de prestation, nous pr\u00e9parons les costumes \u00e0 l&rsquo;avance et sommes sur place le jour du spectacle pour compl\u00e9ter les costumes et faire les derniers ajustements.<\/p>\n<p style=\"text-align: center;\"><a href=\"http:\/\/pouce-et-compagnie.lu\/atelier\/wp-content\/uploads\/2016\/07\/Stade-francais-char.jpg\"><img loading=\"lazy\" decoding=\"async\" class=\"alignnone wp-image-330 size-medium\" title=\"Arriv\u00e9e du char sur le stade\" src=\"http:\/\/pouce-et-compagnie.lu\/atelier\/wp-content\/uploads\/2016\/07\/Stade-francais-char-300x221.jpg\" alt=\"Arriv\u00e9e du char sur le stade\" width=\"300\" height=\"221\" srcset=\"https:\/\/pouce-et-compagnie.lu\/atelier\/wp-content\/uploads\/2016\/07\/Stade-francais-char-300x221.jpg 300w, https:\/\/pouce-et-compagnie.lu\/atelier\/wp-content\/uploads\/2016\/07\/Stade-francais-char.jpg 477w\" sizes=\"auto, (max-width: 300px) 100vw, 300px\" \/><\/a> <a href=\"http:\/\/pouce-et-compagnie.lu\/atelier\/wp-content\/uploads\/2016\/07\/Stade-francais-char-ouvert.jpg\"><img loading=\"lazy\" decoding=\"async\" class=\"alignnone wp-image-331 size-medium\" title=\"Ouverture du char\" src=\"http:\/\/pouce-et-compagnie.lu\/atelier\/wp-content\/uploads\/2016\/07\/Stade-francais-char-ouvert-300x169.jpg\" alt=\"Ouverture du char\" width=\"300\" height=\"169\" srcset=\"https:\/\/pouce-et-compagnie.lu\/atelier\/wp-content\/uploads\/2016\/07\/Stade-francais-char-ouvert-300x169.jpg 300w, https:\/\/pouce-et-compagnie.lu\/atelier\/wp-content\/uploads\/2016\/07\/Stade-francais-char-ouvert-768x432.jpg 768w, https:\/\/pouce-et-compagnie.lu\/atelier\/wp-content\/uploads\/2016\/07\/Stade-francais-char-ouvert-1024x576.jpg 1024w, https:\/\/pouce-et-compagnie.lu\/atelier\/wp-content\/uploads\/2016\/07\/Stade-francais-char-ouvert-500x281.jpg 500w, https:\/\/pouce-et-compagnie.lu\/atelier\/wp-content\/uploads\/2016\/07\/Stade-francais-char-ouvert.jpg 1920w\" sizes=\"auto, (max-width: 300px) 100vw, 300px\" \/><\/a><br \/>\n<a href=\"http:\/\/pouce-et-compagnie.lu\/atelier\/wp-content\/uploads\/2016\/07\/Stade-francais-Diane.jpg\"><img loading=\"lazy\" decoding=\"async\" class=\"alignnone wp-image-332 size-medium\" title=\"Diane en coulisse\" src=\"http:\/\/pouce-et-compagnie.lu\/atelier\/wp-content\/uploads\/2016\/07\/Stade-francais-Diane-135x300.jpg\" alt=\"Diane en coulisse\" width=\"135\" height=\"300\" srcset=\"https:\/\/pouce-et-compagnie.lu\/atelier\/wp-content\/uploads\/2016\/07\/Stade-francais-Diane-135x300.jpg 135w, https:\/\/pouce-et-compagnie.lu\/atelier\/wp-content\/uploads\/2016\/07\/Stade-francais-Diane-768x1701.jpg 768w, https:\/\/pouce-et-compagnie.lu\/atelier\/wp-content\/uploads\/2016\/07\/Stade-francais-Diane-462x1024.jpg 462w, https:\/\/pouce-et-compagnie.lu\/atelier\/wp-content\/uploads\/2016\/07\/Stade-francais-Diane-500x1107.jpg 500w, https:\/\/pouce-et-compagnie.lu\/atelier\/wp-content\/uploads\/2016\/07\/Stade-francais-Diane.jpg 1704w\" sizes=\"auto, (max-width: 135px) 100vw, 135px\" \/> <\/a><a href=\"http:\/\/pouce-et-compagnie.lu\/atelier\/wp-content\/uploads\/2016\/07\/Stade-francais-pousseurs.jpg\"><img loading=\"lazy\" decoding=\"async\" class=\"alignnone wp-image-333 size-medium\" title=\"Diane en coulisse devant le char\" src=\"http:\/\/pouce-et-compagnie.lu\/atelier\/wp-content\/uploads\/2016\/07\/Stade-francais-diane-char-300x169.jpg\" alt=\"Diane en coulisse devant le char\" width=\"300\" height=\"169\" srcset=\"https:\/\/pouce-et-compagnie.lu\/atelier\/wp-content\/uploads\/2016\/07\/Stade-francais-diane-char-300x169.jpg 300w, https:\/\/pouce-et-compagnie.lu\/atelier\/wp-content\/uploads\/2016\/07\/Stade-francais-diane-char-768x433.jpg 768w, https:\/\/pouce-et-compagnie.lu\/atelier\/wp-content\/uploads\/2016\/07\/Stade-francais-diane-char-1024x577.jpg 1024w, https:\/\/pouce-et-compagnie.lu\/atelier\/wp-content\/uploads\/2016\/07\/Stade-francais-diane-char-500x282.jpg 500w\" sizes=\"auto, (max-width: 300px) 100vw, 300px\" \/> <img loading=\"lazy\" decoding=\"async\" class=\"alignnone wp-image-334 size-medium\" title=\"Les culturistes qui tirent le char\" src=\"http:\/\/pouce-et-compagnie.lu\/atelier\/wp-content\/uploads\/2016\/07\/Stade-francais-pousseurs-300x225.jpg\" alt=\"Les culturistes qui tirent le char\" width=\"300\" height=\"225\" srcset=\"https:\/\/pouce-et-compagnie.lu\/atelier\/wp-content\/uploads\/2016\/07\/Stade-francais-pousseurs-300x225.jpg 300w, https:\/\/pouce-et-compagnie.lu\/atelier\/wp-content\/uploads\/2016\/07\/Stade-francais-pousseurs-768x576.jpg 768w, https:\/\/pouce-et-compagnie.lu\/atelier\/wp-content\/uploads\/2016\/07\/Stade-francais-pousseurs-1024x768.jpg 1024w, https:\/\/pouce-et-compagnie.lu\/atelier\/wp-content\/uploads\/2016\/07\/Stade-francais-pousseurs-500x375.jpg 500w\" sizes=\"auto, (max-width: 300px) 100vw, 300px\" \/><\/a><\/p>\n<p>Vous pouvez regarder la vid\u00e9o de ce moment :<br \/>\n<div style=\"width: 600px;\" class=\"wp-video\"><video class=\"wp-video-shortcode\" id=\"video-441-1\" width=\"600\" height=\"450\" preload=\"metadata\" controls=\"controls\"><source type=\"video\/mp4\" src=\"http:\/\/pouce-et-compagnie.lu\/atelier\/wp-content\/uploads\/2016\/07\/Arrivee-du-ballon-Stade-Francais-Paris-Toulon-3-nov-2010.mp4?_=1\" \/><a href=\"http:\/\/pouce-et-compagnie.lu\/atelier\/wp-content\/uploads\/2016\/07\/Arrivee-du-ballon-Stade-Francais-Paris-Toulon-3-nov-2010.mp4\">http:\/\/pouce-et-compagnie.lu\/atelier\/wp-content\/uploads\/2016\/07\/Arrivee-du-ballon-Stade-Francais-Paris-Toulon-3-nov-2010.mp4<\/a><\/video><\/div><\/p>\n","protected":false},"excerpt":{"rendered":"<p>Nous avons habill\u00e9 Diane, les culturistes qui tiraient son char ainsi que certains figurants. Pour ce type de prestation, nous pr\u00e9parons les costumes \u00e0 l&rsquo;avance et sommes sur place le jour du spectacle pour compl\u00e9ter les costumes et faire les&#8230;<\/p>\n","protected":false},"author":1,"featured_media":0,"parent":327,"menu_order":1,"comment_status":"closed","ping_status":"closed","template":"","meta":{"footnotes":""},"class_list":["post-441","page","type-page","status-publish","hentry"],"_links":{"self":[{"href":"https:\/\/pouce-et-compagnie.lu\/index.php\/wp-json\/wp\/v2\/pages\/441","targetHints":{"allow":["GET"]}}],"collection":[{"href":"https:\/\/pouce-et-compagnie.lu\/index.php\/wp-json\/wp\/v2\/pages"}],"about":[{"href":"https:\/\/pouce-et-compagnie.lu\/index.php\/wp-json\/wp\/v2\/types\/page"}],"author":[{"embeddable":true,"href":"https:\/\/pouce-et-compagnie.lu\/index.php\/wp-json\/wp\/v2\/users\/1"}],"replies":[{"embeddable":true,"href":"https:\/\/pouce-et-compagnie.lu\/index.php\/wp-json\/wp\/v2\/comments?post=441"}],"version-history":[{"count":10,"href":"https:\/\/pouce-et-compagnie.lu\/index.php\/wp-json\/wp\/v2\/pages\/441\/revisions"}],"predecessor-version":[{"id":456,"href":"https:\/\/pouce-et-compagnie.lu\/index.php\/wp-json\/wp\/v2\/pages\/441\/revisions\/456"}],"up":[{"embeddable":true,"href":"https:\/\/pouce-et-compagnie.lu\/index.php\/wp-json\/wp\/v2\/pages\/327"}],"wp:attachment":[{"href":"https:\/\/pouce-et-compagnie.lu\/index.php\/wp-json\/wp\/v2\/media?parent=441"}],"curies":[{"name":"wp","href":"https:\/\/api.w.org\/{rel}","templated":true}]}}