{"id":444,"date":"2016-07-27T08:15:59","date_gmt":"2016-07-27T07:15:59","guid":{"rendered":"http:\/\/pouce-et-compagnie.lu\/atelier\/?page_id=444"},"modified":"2016-07-29T07:05:23","modified_gmt":"2016-07-29T06:05:23","slug":"fete-des-lumieres-a-lyon","status":"publish","type":"page","link":"https:\/\/pouce-et-compagnie.lu\/index.php\/realisations\/tenues-de-scene\/fete-des-lumieres-a-lyon\/","title":{"rendered":"F\u00eate des Lumi\u00e8res \u00e0 Lyon"},"content":{"rendered":"<p>R\u00e9alisation de costumes lumineux pour Recyclum : le g\u00e9nie des lampes et les performers<\/p>\n<p style=\"text-align: center;\"><a href=\"http:\/\/pouce-et-compagnie.lu\/atelier\/wp-content\/uploads\/2016\/07\/Fete-des-lumieres-projet-genie.jpg\"><img loading=\"lazy\" decoding=\"async\" class=\"alignnone wp-image-349 size-medium\" title=\"Le G\u00e9nie des lampes\" src=\"http:\/\/pouce-et-compagnie.lu\/atelier\/wp-content\/uploads\/2016\/07\/Fete-des-lumieres-projet-genie-200x300.jpg\" alt=\"Le G\u00e9nie des lampes\" width=\"200\" height=\"300\" srcset=\"https:\/\/pouce-et-compagnie.lu\/atelier\/wp-content\/uploads\/2016\/07\/Fete-des-lumieres-projet-genie-200x300.jpg 200w, https:\/\/pouce-et-compagnie.lu\/atelier\/wp-content\/uploads\/2016\/07\/Fete-des-lumieres-projet-genie.jpg 394w\" sizes=\"auto, (max-width: 200px) 100vw, 200px\" \/><\/a><a href=\"http:\/\/pouce-et-compagnie.lu\/atelier\/wp-content\/uploads\/2016\/07\/Fete-des-lumieres-projet-performer.jpg\"> <img loading=\"lazy\" decoding=\"async\" class=\"alignnone wp-image-350 size-medium\" title=\"F\u00eate des lumi\u00e8res - costumes de performers\" src=\"http:\/\/pouce-et-compagnie.lu\/atelier\/wp-content\/uploads\/2016\/07\/Fete-des-lumieres-projet-performer-172x300.jpg\" alt=\"F\u00eate des lumi\u00e8res - costumes de performers\" width=\"172\" height=\"300\" srcset=\"https:\/\/pouce-et-compagnie.lu\/atelier\/wp-content\/uploads\/2016\/07\/Fete-des-lumieres-projet-performer-172x300.jpg 172w, https:\/\/pouce-et-compagnie.lu\/atelier\/wp-content\/uploads\/2016\/07\/Fete-des-lumieres-projet-performer.jpg 394w\" sizes=\"auto, (max-width: 172px) 100vw, 172px\" \/><\/a><\/p>\n<p style=\"text-align: center;\"><a href=\"http:\/\/pouce-et-compagnie.lu\/atelier\/wp-content\/uploads\/2016\/07\/Fete-des-lumieres.jpg\"><img loading=\"lazy\" decoding=\"async\" class=\"alignnone wp-image-348 size-medium\" title=\"F\u00eate des lumi\u00e8res - costumes \" src=\"http:\/\/pouce-et-compagnie.lu\/atelier\/wp-content\/uploads\/2016\/07\/Fete-des-lumieres-300x162.jpg\" alt=\"F\u00eate des lumi\u00e8res - costumes\" width=\"300\" height=\"162\" srcset=\"https:\/\/pouce-et-compagnie.lu\/atelier\/wp-content\/uploads\/2016\/07\/Fete-des-lumieres-300x162.jpg 300w, https:\/\/pouce-et-compagnie.lu\/atelier\/wp-content\/uploads\/2016\/07\/Fete-des-lumieres.jpg 370w\" sizes=\"auto, (max-width: 300px) 100vw, 300px\" \/><\/a><\/p>\n<p><a href=\"http:\/\/pouce-et-compagnie.lu\/atelier\/wp-content\/uploads\/2016\/07\/Fete-des-lumieres-groupe.jpg\"><img loading=\"lazy\" decoding=\"async\" class=\"alignnone wp-image-351 size-medium aligncenter\" title=\"F\u00eate des Lumi\u00e8res le groupe Recyclum\" src=\"http:\/\/pouce-et-compagnie.lu\/atelier\/wp-content\/uploads\/2016\/07\/Fete-des-lumieres-groupe-265x300.jpg\" alt=\"F\u00eate des Lumi\u00e8res le groupe Recyclum\" width=\"265\" height=\"300\" srcset=\"https:\/\/pouce-et-compagnie.lu\/atelier\/wp-content\/uploads\/2016\/07\/Fete-des-lumieres-groupe-265x300.jpg 265w, https:\/\/pouce-et-compagnie.lu\/atelier\/wp-content\/uploads\/2016\/07\/Fete-des-lumieres-groupe.jpg 442w\" sizes=\"auto, (max-width: 265px) 100vw, 265px\" \/><\/a><\/p>\n<div style=\"width: 600px;\" class=\"wp-video\"><video class=\"wp-video-shortcode\" id=\"video-444-1\" width=\"600\" height=\"338\" preload=\"metadata\" controls=\"controls\"><source type=\"video\/mp4\" src=\"http:\/\/pouce-et-compagnie.lu\/atelier\/wp-content\/uploads\/2016\/07\/Place-Antonin-Poncet-Le-Genie-des-Lampes-Lumieres-2012.mp4?_=1\" \/><a href=\"http:\/\/pouce-et-compagnie.lu\/atelier\/wp-content\/uploads\/2016\/07\/Place-Antonin-Poncet-Le-Genie-des-Lampes-Lumieres-2012.mp4\">http:\/\/pouce-et-compagnie.lu\/atelier\/wp-content\/uploads\/2016\/07\/Place-Antonin-Poncet-Le-Genie-des-Lampes-Lumieres-2012.mp4<\/a><\/video><\/div>\n","protected":false},"excerpt":{"rendered":"<p>R\u00e9alisation de costumes lumineux pour Recyclum : le g\u00e9nie des lampes et les performers<\/p>\n","protected":false},"author":1,"featured_media":0,"parent":327,"menu_order":2,"comment_status":"closed","ping_status":"closed","template":"","meta":{"footnotes":""},"class_list":["post-444","page","type-page","status-publish","hentry"],"_links":{"self":[{"href":"https:\/\/pouce-et-compagnie.lu\/index.php\/wp-json\/wp\/v2\/pages\/444","targetHints":{"allow":["GET"]}}],"collection":[{"href":"https:\/\/pouce-et-compagnie.lu\/index.php\/wp-json\/wp\/v2\/pages"}],"about":[{"href":"https:\/\/pouce-et-compagnie.lu\/index.php\/wp-json\/wp\/v2\/types\/page"}],"author":[{"embeddable":true,"href":"https:\/\/pouce-et-compagnie.lu\/index.php\/wp-json\/wp\/v2\/users\/1"}],"replies":[{"embeddable":true,"href":"https:\/\/pouce-et-compagnie.lu\/index.php\/wp-json\/wp\/v2\/comments?post=444"}],"version-history":[{"count":4,"href":"https:\/\/pouce-et-compagnie.lu\/index.php\/wp-json\/wp\/v2\/pages\/444\/revisions"}],"predecessor-version":[{"id":599,"href":"https:\/\/pouce-et-compagnie.lu\/index.php\/wp-json\/wp\/v2\/pages\/444\/revisions\/599"}],"up":[{"embeddable":true,"href":"https:\/\/pouce-et-compagnie.lu\/index.php\/wp-json\/wp\/v2\/pages\/327"}],"wp:attachment":[{"href":"https:\/\/pouce-et-compagnie.lu\/index.php\/wp-json\/wp\/v2\/media?parent=444"}],"curies":[{"name":"wp","href":"https:\/\/api.w.org\/{rel}","templated":true}]}}