{"id":472,"date":"2016-07-27T18:21:56","date_gmt":"2016-07-27T17:21:56","guid":{"rendered":"http:\/\/pouce-et-compagnie.lu\/atelier\/?page_id=472"},"modified":"2018-01-25T19:48:35","modified_gmt":"2018-01-25T18:48:35","slug":"chateau-de-volkrange","status":"publish","type":"page","link":"https:\/\/pouce-et-compagnie.lu\/index.php\/realisations\/tenues-de-scene\/chateau-de-volkrange\/","title":{"rendered":"Ch\u00e2teau de Volkrange"},"content":{"rendered":"<p>R\u00e9alisation de costumes pour les journ\u00e9es du patrimoine et autres manifestations de l&rsquo;association des Amis du Ch\u00e2teau de Volkrange<\/p>\n<p><a href=\"http:\/\/www.chateaudevolkrange.com\" target=\"_blank\">www.chateaudevolkrange.com<\/a><\/p>\n<p>Capara\u00e7on et tabard de chevalier aux armes du ch\u00e2teau<\/p>\n<p><a href=\"http:\/\/pouce-et-compagnie.lu\/atelier\/wp-content\/uploads\/2016\/07\/Chateau-de-Volkrange-Guerlach-dames.jpeg\"><img loading=\"lazy\" decoding=\"async\" class=\"wp-image-631 size-large aligncenter\" title=\"Ch\u00e2teau de Volkrange : Sieur Guerlach et les dames\" src=\"http:\/\/pouce-et-compagnie.lu\/atelier\/wp-content\/uploads\/2016\/07\/Chateau-de-Volkrange-Guerlach-dames-1024x865.jpeg\" alt=\"Ch\u00e2teau de Volkrange : Sieur Guerlach et les dames\" width=\"600\" height=\"507\" srcset=\"https:\/\/pouce-et-compagnie.lu\/atelier\/wp-content\/uploads\/2016\/07\/Chateau-de-Volkrange-Guerlach-dames-1024x865.jpeg 1024w, https:\/\/pouce-et-compagnie.lu\/atelier\/wp-content\/uploads\/2016\/07\/Chateau-de-Volkrange-Guerlach-dames-300x253.jpeg 300w, https:\/\/pouce-et-compagnie.lu\/atelier\/wp-content\/uploads\/2016\/07\/Chateau-de-Volkrange-Guerlach-dames-768x649.jpeg 768w, https:\/\/pouce-et-compagnie.lu\/atelier\/wp-content\/uploads\/2016\/07\/Chateau-de-Volkrange-Guerlach-dames-500x422.jpeg 500w, https:\/\/pouce-et-compagnie.lu\/atelier\/wp-content\/uploads\/2016\/07\/Chateau-de-Volkrange-Guerlach-dames.jpeg 2031w\" sizes=\"auto, (max-width: 600px) 100vw, 600px\" \/><\/a><\/p>\n<p>ainsi que les rennes et la flancherie (absente sur cette photo)<\/p>\n<p>Sans oublier la tenue des poneys&#8230;<\/p>\n<p><a href=\"http:\/\/pouce-et-compagnie.lu\/atelier\/wp-content\/uploads\/2016\/07\/Carapacon-poney.jpg\"><img loading=\"lazy\" decoding=\"async\" class=\"size-full wp-image-700 aligncenter\" src=\"http:\/\/pouce-et-compagnie.lu\/atelier\/wp-content\/uploads\/2016\/07\/Carapacon-poney.jpg\" alt=\"Carapacon de poney\" width=\"640\" height=\"427\" srcset=\"https:\/\/pouce-et-compagnie.lu\/atelier\/wp-content\/uploads\/2016\/07\/Carapacon-poney.jpg 640w, https:\/\/pouce-et-compagnie.lu\/atelier\/wp-content\/uploads\/2016\/07\/Carapacon-poney-300x200.jpg 300w, https:\/\/pouce-et-compagnie.lu\/atelier\/wp-content\/uploads\/2016\/07\/Carapacon-poney-500x334.jpg 500w\" sizes=\"auto, (max-width: 640px) 100vw, 640px\" \/><\/a><\/p>\n<p>Nous avons \u00e9galement r\u00e9alis\u00e9 le corsage en cuir, et la jupe de la ch\u00e2telaine et des robes m\u00e9di\u00e9vales simples avec corsage de couleur assorti.<\/p>\n<p><a href=\"http:\/\/pouce-et-compagnie.lu\/atelier\/wp-content\/uploads\/2016\/07\/Chateau-de-Volkrange-dames.jpeg\"><img loading=\"lazy\" decoding=\"async\" class=\"wp-image-632 size-large aligncenter\" title=\"Ch\u00e2teau de Volkrange : les dames\" src=\"http:\/\/pouce-et-compagnie.lu\/atelier\/wp-content\/uploads\/2016\/07\/Chateau-de-Volkrange-dames-1024x682.jpeg\" alt=\"Ch\u00e2teau de Volkrange : les dames\" width=\"600\" height=\"400\" srcset=\"https:\/\/pouce-et-compagnie.lu\/atelier\/wp-content\/uploads\/2016\/07\/Chateau-de-Volkrange-dames-1024x682.jpeg 1024w, https:\/\/pouce-et-compagnie.lu\/atelier\/wp-content\/uploads\/2016\/07\/Chateau-de-Volkrange-dames-300x200.jpeg 300w, https:\/\/pouce-et-compagnie.lu\/atelier\/wp-content\/uploads\/2016\/07\/Chateau-de-Volkrange-dames-768x512.jpeg 768w, https:\/\/pouce-et-compagnie.lu\/atelier\/wp-content\/uploads\/2016\/07\/Chateau-de-Volkrange-dames-500x333.jpeg 500w\" sizes=\"auto, (max-width: 600px) 100vw, 600px\" \/><\/a><\/p>\n<p>R\u00e9alisation de la robe de mari\u00e9e d&rsquo;Irmengarde:<\/p>\n<p><a href=\"http:\/\/pouce-et-compagnie.lu\/atelier\/wp-content\/uploads\/2016\/07\/robe-de-mariee-medievale-1.jpg\"><img loading=\"lazy\" decoding=\"async\" class=\"size-large wp-image-697 aligncenter\" src=\"http:\/\/pouce-et-compagnie.lu\/atelier\/wp-content\/uploads\/2016\/07\/robe-de-mariee-medievale-1-561x1024.jpg\" alt=\"Robe de mari\u00e9e m\u00e9di\u00e9vale\" width=\"561\" height=\"1024\" srcset=\"https:\/\/pouce-et-compagnie.lu\/atelier\/wp-content\/uploads\/2016\/07\/robe-de-mariee-medievale-1-561x1024.jpg 561w, https:\/\/pouce-et-compagnie.lu\/atelier\/wp-content\/uploads\/2016\/07\/robe-de-mariee-medievale-1-164x300.jpg 164w, https:\/\/pouce-et-compagnie.lu\/atelier\/wp-content\/uploads\/2016\/07\/robe-de-mariee-medievale-1-768x1402.jpg 768w, https:\/\/pouce-et-compagnie.lu\/atelier\/wp-content\/uploads\/2016\/07\/robe-de-mariee-medievale-1-500x913.jpg 500w, https:\/\/pouce-et-compagnie.lu\/atelier\/wp-content\/uploads\/2016\/07\/robe-de-mariee-medievale-1.jpg 1058w\" sizes=\"auto, (max-width: 561px) 100vw, 561px\" \/><\/a><\/p>\n<p><a href=\"http:\/\/pouce-et-compagnie.lu\/atelier\/wp-content\/uploads\/2016\/07\/Guerlach-et-Irmengarde.jpg\"><img loading=\"lazy\" decoding=\"async\" class=\"size-large wp-image-698 aligncenter\" src=\"http:\/\/pouce-et-compagnie.lu\/atelier\/wp-content\/uploads\/2016\/07\/Guerlach-et-Irmengarde-461x1024.jpg\" alt=\"Guerlach et Irmengarde\" width=\"461\" height=\"1024\" srcset=\"https:\/\/pouce-et-compagnie.lu\/atelier\/wp-content\/uploads\/2016\/07\/Guerlach-et-Irmengarde-461x1024.jpg 461w, https:\/\/pouce-et-compagnie.lu\/atelier\/wp-content\/uploads\/2016\/07\/Guerlach-et-Irmengarde-135x300.jpg 135w, https:\/\/pouce-et-compagnie.lu\/atelier\/wp-content\/uploads\/2016\/07\/Guerlach-et-Irmengarde-768x1706.jpg 768w, https:\/\/pouce-et-compagnie.lu\/atelier\/wp-content\/uploads\/2016\/07\/Guerlach-et-Irmengarde-500x1111.jpg 500w, https:\/\/pouce-et-compagnie.lu\/atelier\/wp-content\/uploads\/2016\/07\/Guerlach-et-Irmengarde.jpg 1602w\" sizes=\"auto, (max-width: 461px) 100vw, 461px\" \/><\/a><\/p>\n","protected":false},"excerpt":{"rendered":"<p>R\u00e9alisation de costumes pour les journ\u00e9es du patrimoine et autres manifestations de l&rsquo;association des Amis du Ch\u00e2teau de Volkrange www.chateaudevolkrange.com Capara\u00e7on et tabard de chevalier aux armes du ch\u00e2teau ainsi que les rennes et la flancherie (absente sur cette photo)&#8230;<\/p>\n","protected":false},"author":1,"featured_media":0,"parent":327,"menu_order":9,"comment_status":"closed","ping_status":"closed","template":"","meta":{"footnotes":""},"class_list":["post-472","page","type-page","status-publish","hentry"],"_links":{"self":[{"href":"https:\/\/pouce-et-compagnie.lu\/index.php\/wp-json\/wp\/v2\/pages\/472","targetHints":{"allow":["GET"]}}],"collection":[{"href":"https:\/\/pouce-et-compagnie.lu\/index.php\/wp-json\/wp\/v2\/pages"}],"about":[{"href":"https:\/\/pouce-et-compagnie.lu\/index.php\/wp-json\/wp\/v2\/types\/page"}],"author":[{"embeddable":true,"href":"https:\/\/pouce-et-compagnie.lu\/index.php\/wp-json\/wp\/v2\/users\/1"}],"replies":[{"embeddable":true,"href":"https:\/\/pouce-et-compagnie.lu\/index.php\/wp-json\/wp\/v2\/comments?post=472"}],"version-history":[{"count":6,"href":"https:\/\/pouce-et-compagnie.lu\/index.php\/wp-json\/wp\/v2\/pages\/472\/revisions"}],"predecessor-version":[{"id":701,"href":"https:\/\/pouce-et-compagnie.lu\/index.php\/wp-json\/wp\/v2\/pages\/472\/revisions\/701"}],"up":[{"embeddable":true,"href":"https:\/\/pouce-et-compagnie.lu\/index.php\/wp-json\/wp\/v2\/pages\/327"}],"wp:attachment":[{"href":"https:\/\/pouce-et-compagnie.lu\/index.php\/wp-json\/wp\/v2\/media?parent=472"}],"curies":[{"name":"wp","href":"https:\/\/api.w.org\/{rel}","templated":true}]}}