{"id":491,"date":"2016-07-28T08:42:23","date_gmt":"2016-07-28T07:42:23","guid":{"rendered":"http:\/\/pouce-et-compagnie.lu\/atelier\/?page_id=491"},"modified":"2016-07-28T18:46:52","modified_gmt":"2016-07-28T17:46:52","slug":"les-fables-de-la-fontaine-au-theatre-de-neuilly-plaisance","status":"publish","type":"page","link":"https:\/\/pouce-et-compagnie.lu\/index.php\/realisations\/tenues-de-scene\/les-fables-de-la-fontaine-au-theatre-de-neuilly-plaisance\/","title":{"rendered":"Les fables de La Fontaine au th\u00e9\u00e2tre de Neuilly-Plaisance"},"content":{"rendered":"<p>R\u00e9alisation de coiffes et tuniques pour le spectacle de fin d&rsquo;ann\u00e9e de l&rsquo;\u00e9cole de th\u00e9\u00e2tre de Neuilly-Plaisance : les fables de La Fontaine, mise en sc\u00e8ne de Florence Gard\u00e8s.<\/p>\n<p><a href=\"http:\/\/pouce-et-compagnie.lu\/atelier\/wp-content\/uploads\/2016\/07\/Les-fables-de-La-Fontaine.jpg\"><img loading=\"lazy\" decoding=\"async\" class=\"aligncenter wp-image-486 size-large\" title=\"Th\u00e9\u00e2tre de Neuilly-Plaisance - les fables de La Fontaine\" src=\"http:\/\/pouce-et-compagnie.lu\/atelier\/wp-content\/uploads\/2016\/07\/Les-fables-de-La-Fontaine-717x1024.jpg\" alt=\"Th\u00e9\u00e2tre de Neuilly-Plaisance - les fables de La Fontaine\" width=\"600\" height=\"857\" srcset=\"https:\/\/pouce-et-compagnie.lu\/atelier\/wp-content\/uploads\/2016\/07\/Les-fables-de-La-Fontaine-717x1024.jpg 717w, https:\/\/pouce-et-compagnie.lu\/atelier\/wp-content\/uploads\/2016\/07\/Les-fables-de-La-Fontaine-210x300.jpg 210w, https:\/\/pouce-et-compagnie.lu\/atelier\/wp-content\/uploads\/2016\/07\/Les-fables-de-La-Fontaine-768x1097.jpg 768w, https:\/\/pouce-et-compagnie.lu\/atelier\/wp-content\/uploads\/2016\/07\/Les-fables-de-La-Fontaine-500x714.jpg 500w, https:\/\/pouce-et-compagnie.lu\/atelier\/wp-content\/uploads\/2016\/07\/Les-fables-de-La-Fontaine.jpg 1654w\" sizes=\"auto, (max-width: 600px) 100vw, 600px\" \/><\/a><\/p>\n<p style=\"text-align: center;\"><a href=\"http:\/\/pouce-et-compagnie.lu\/atelier\/wp-content\/uploads\/2016\/07\/les-grenouilles.jpg\"><img loading=\"lazy\" decoding=\"async\" class=\"alignnone wp-image-487 size-thumbnail\" title=\"Les grenouilles\" src=\"http:\/\/pouce-et-compagnie.lu\/atelier\/wp-content\/uploads\/2016\/07\/les-grenouilles-150x150.jpg\" alt=\"Les grenouilles\" width=\"150\" height=\"150\" srcset=\"https:\/\/pouce-et-compagnie.lu\/atelier\/wp-content\/uploads\/2016\/07\/les-grenouilles-150x150.jpg 150w, https:\/\/pouce-et-compagnie.lu\/atelier\/wp-content\/uploads\/2016\/07\/les-grenouilles-300x300.jpg 300w, https:\/\/pouce-et-compagnie.lu\/atelier\/wp-content\/uploads\/2016\/07\/les-grenouilles-210x210.jpg 210w\" sizes=\"auto, (max-width: 150px) 100vw, 150px\" \/><\/a>\u00a0 <a href=\"http:\/\/pouce-et-compagnie.lu\/atelier\/wp-content\/uploads\/2016\/07\/les-animaux-malades-de-la-peste.jpg\"><img loading=\"lazy\" decoding=\"async\" class=\"alignnone wp-image-485 size-thumbnail\" src=\"http:\/\/pouce-et-compagnie.lu\/atelier\/wp-content\/uploads\/2016\/07\/les-animaux-malades-de-la-peste-150x150.jpg\" alt=\"Les animaux malades de la peste\" width=\"150\" height=\"150\" srcset=\"https:\/\/pouce-et-compagnie.lu\/atelier\/wp-content\/uploads\/2016\/07\/les-animaux-malades-de-la-peste-150x150.jpg 150w, https:\/\/pouce-et-compagnie.lu\/atelier\/wp-content\/uploads\/2016\/07\/les-animaux-malades-de-la-peste-300x300.jpg 300w, https:\/\/pouce-et-compagnie.lu\/atelier\/wp-content\/uploads\/2016\/07\/les-animaux-malades-de-la-peste-210x210.jpg 210w\" sizes=\"auto, (max-width: 150px) 100vw, 150px\" \/><\/a> <a href=\"http:\/\/pouce-et-compagnie.lu\/atelier\/wp-content\/uploads\/2016\/07\/Jupin-et-les-grenouilles.jpg\"><img loading=\"lazy\" decoding=\"async\" class=\"alignnone wp-image-483 size-thumbnail\" src=\"http:\/\/pouce-et-compagnie.lu\/atelier\/wp-content\/uploads\/2016\/07\/Jupin-et-les-grenouilles-150x150.jpg\" alt=\"Jupin et les grenouilles\" width=\"150\" height=\"150\" srcset=\"https:\/\/pouce-et-compagnie.lu\/atelier\/wp-content\/uploads\/2016\/07\/Jupin-et-les-grenouilles-150x150.jpg 150w, https:\/\/pouce-et-compagnie.lu\/atelier\/wp-content\/uploads\/2016\/07\/Jupin-et-les-grenouilles-300x300.jpg 300w, https:\/\/pouce-et-compagnie.lu\/atelier\/wp-content\/uploads\/2016\/07\/Jupin-et-les-grenouilles-210x210.jpg 210w\" sizes=\"auto, (max-width: 150px) 100vw, 150px\" \/><\/a> <a href=\"http:\/\/pouce-et-compagnie.lu\/atelier\/wp-content\/uploads\/2016\/07\/les-grenouilles-qui-demandent-un-roi.jpg\"><img loading=\"lazy\" decoding=\"async\" class=\"alignnone wp-image-488 size-thumbnail\" title=\"Les grenouilles qui demandent un roi\" src=\"http:\/\/pouce-et-compagnie.lu\/atelier\/wp-content\/uploads\/2016\/07\/les-grenouilles-qui-demandent-un-roi-150x150.jpg\" alt=\"Les grenouilles qui demandent un roi\" width=\"150\" height=\"150\" srcset=\"https:\/\/pouce-et-compagnie.lu\/atelier\/wp-content\/uploads\/2016\/07\/les-grenouilles-qui-demandent-un-roi-150x150.jpg 150w, https:\/\/pouce-et-compagnie.lu\/atelier\/wp-content\/uploads\/2016\/07\/les-grenouilles-qui-demandent-un-roi-300x300.jpg 300w, https:\/\/pouce-et-compagnie.lu\/atelier\/wp-content\/uploads\/2016\/07\/les-grenouilles-qui-demandent-un-roi-210x210.jpg 210w\" sizes=\"auto, (max-width: 150px) 100vw, 150px\" \/><\/a><a href=\"http:\/\/pouce-et-compagnie.lu\/atelier\/wp-content\/uploads\/2016\/07\/le-coq-et-le-renard.jpg\"> <img loading=\"lazy\" decoding=\"async\" class=\"alignnone wp-image-484 size-thumbnail\" src=\"http:\/\/pouce-et-compagnie.lu\/atelier\/wp-content\/uploads\/2016\/07\/le-coq-et-le-renard-150x150.jpg\" alt=\"Le coq et le renard\" width=\"150\" height=\"150\" srcset=\"https:\/\/pouce-et-compagnie.lu\/atelier\/wp-content\/uploads\/2016\/07\/le-coq-et-le-renard-150x150.jpg 150w, https:\/\/pouce-et-compagnie.lu\/atelier\/wp-content\/uploads\/2016\/07\/le-coq-et-le-renard-300x300.jpg 300w, https:\/\/pouce-et-compagnie.lu\/atelier\/wp-content\/uploads\/2016\/07\/le-coq-et-le-renard-210x210.jpg 210w\" sizes=\"auto, (max-width: 150px) 100vw, 150px\" \/><\/a><\/p>\n","protected":false},"excerpt":{"rendered":"<p>R\u00e9alisation de coiffes et tuniques pour le spectacle de fin d&rsquo;ann\u00e9e de l&rsquo;\u00e9cole de th\u00e9\u00e2tre de Neuilly-Plaisance : les fables de La Fontaine, mise en sc\u00e8ne de Florence Gard\u00e8s. \u00a0<\/p>\n","protected":false},"author":1,"featured_media":0,"parent":327,"menu_order":10,"comment_status":"closed","ping_status":"closed","template":"","meta":{"footnotes":""},"class_list":["post-491","page","type-page","status-publish","hentry"],"_links":{"self":[{"href":"https:\/\/pouce-et-compagnie.lu\/index.php\/wp-json\/wp\/v2\/pages\/491","targetHints":{"allow":["GET"]}}],"collection":[{"href":"https:\/\/pouce-et-compagnie.lu\/index.php\/wp-json\/wp\/v2\/pages"}],"about":[{"href":"https:\/\/pouce-et-compagnie.lu\/index.php\/wp-json\/wp\/v2\/types\/page"}],"author":[{"embeddable":true,"href":"https:\/\/pouce-et-compagnie.lu\/index.php\/wp-json\/wp\/v2\/users\/1"}],"replies":[{"embeddable":true,"href":"https:\/\/pouce-et-compagnie.lu\/index.php\/wp-json\/wp\/v2\/comments?post=491"}],"version-history":[{"count":3,"href":"https:\/\/pouce-et-compagnie.lu\/index.php\/wp-json\/wp\/v2\/pages\/491\/revisions"}],"predecessor-version":[{"id":496,"href":"https:\/\/pouce-et-compagnie.lu\/index.php\/wp-json\/wp\/v2\/pages\/491\/revisions\/496"}],"up":[{"embeddable":true,"href":"https:\/\/pouce-et-compagnie.lu\/index.php\/wp-json\/wp\/v2\/pages\/327"}],"wp:attachment":[{"href":"https:\/\/pouce-et-compagnie.lu\/index.php\/wp-json\/wp\/v2\/media?parent=491"}],"curies":[{"name":"wp","href":"https:\/\/api.w.org\/{rel}","templated":true}]}}