{"id":504,"date":"2016-07-28T09:14:16","date_gmt":"2016-07-28T08:14:16","guid":{"rendered":"http:\/\/pouce-et-compagnie.lu\/atelier\/?page_id=504"},"modified":"2016-07-28T18:46:35","modified_gmt":"2016-07-28T17:46:35","slug":"carnaval-venitien-de-longwy","status":"publish","type":"page","link":"https:\/\/pouce-et-compagnie.lu\/index.php\/realisations\/tenues-de-scene\/carnaval-venitien-de-longwy\/","title":{"rendered":"Carnaval v\u00e9nitien de Longwy"},"content":{"rendered":"<p>R\u00e9alisation d&rsquo;une tenue inspir\u00e9e de la robe de mari\u00e9e du film Peau d&rsquo;Ane de Jacques Demy.<\/p>\n<p><a href=\"http:\/\/pouce-et-compagnie.lu\/atelier\/wp-content\/uploads\/2016\/07\/Carnaval-venitien-longwy-2015.gif\"><img loading=\"lazy\" decoding=\"async\" class=\"aligncenter wp-image-506 size-full\" title=\"Robe pour le carnaval v\u00e9nitien de Longwy\" src=\"http:\/\/pouce-et-compagnie.lu\/atelier\/wp-content\/uploads\/2016\/07\/Carnaval-venitien-longwy-2015.gif\" alt=\"Robe pour le carnaval v\u00e9nitien de Longwy\" width=\"1105\" height=\"1951\" \/><\/a><\/p>\n<p>La robe est en taffetas orn\u00e9 de cordelettes dor\u00e9es et de perles, avec des manches \u00e0 crev\u00e9s.<\/p>\n<p style=\"text-align: center;\"><a href=\"http:\/\/pouce-et-compagnie.lu\/atelier\/wp-content\/uploads\/2016\/07\/profil-robe.jpg\"><img loading=\"lazy\" decoding=\"async\" class=\"alignnone wp-image-511 size-thumbnail\" title=\"Carnaval v\u00e9nitien de Longwy : profil\" src=\"http:\/\/pouce-et-compagnie.lu\/atelier\/wp-content\/uploads\/2016\/07\/profil-robe-150x150.jpg\" alt=\"Carnaval v\u00e9nitien de Longwy : profil\" width=\"150\" height=\"150\" srcset=\"https:\/\/pouce-et-compagnie.lu\/atelier\/wp-content\/uploads\/2016\/07\/profil-robe-150x150.jpg 150w, https:\/\/pouce-et-compagnie.lu\/atelier\/wp-content\/uploads\/2016\/07\/profil-robe-300x300.jpg 300w, https:\/\/pouce-et-compagnie.lu\/atelier\/wp-content\/uploads\/2016\/07\/profil-robe-210x210.jpg 210w\" sizes=\"auto, (max-width: 150px) 100vw, 150px\" \/><\/a> <a href=\"http:\/\/pouce-et-compagnie.lu\/atelier\/wp-content\/uploads\/2016\/07\/Detail-dos-robe.jpg\"><img loading=\"lazy\" decoding=\"async\" class=\"alignnone wp-image-509 size-thumbnail\" title=\"Carnaval v\u00e9nitien de Longwy : d\u00e9tails\" src=\"http:\/\/pouce-et-compagnie.lu\/atelier\/wp-content\/uploads\/2016\/07\/Detail-dos-robe-150x150.jpg\" alt=\"Carnaval v\u00e9nitien de Longwy : d\u00e9tails\" width=\"150\" height=\"150\" srcset=\"https:\/\/pouce-et-compagnie.lu\/atelier\/wp-content\/uploads\/2016\/07\/Detail-dos-robe-150x150.jpg 150w, https:\/\/pouce-et-compagnie.lu\/atelier\/wp-content\/uploads\/2016\/07\/Detail-dos-robe-300x300.jpg 300w, https:\/\/pouce-et-compagnie.lu\/atelier\/wp-content\/uploads\/2016\/07\/Detail-dos-robe-210x210.jpg 210w\" sizes=\"auto, (max-width: 150px) 100vw, 150px\" \/><\/a> <a href=\"http:\/\/pouce-et-compagnie.lu\/atelier\/wp-content\/uploads\/2016\/07\/Carnaval-venitien-longwy-pont.jpg\"><img loading=\"lazy\" decoding=\"async\" class=\"alignnone wp-image-508 size-thumbnail\" title=\"Carnaval v\u00e9nitien de Longwy\" src=\"http:\/\/pouce-et-compagnie.lu\/atelier\/wp-content\/uploads\/2016\/07\/Carnaval-venitien-longwy-pont-150x150.jpg\" alt=\"Carnaval v\u00e9nitien de Longwy\" width=\"150\" height=\"150\" srcset=\"https:\/\/pouce-et-compagnie.lu\/atelier\/wp-content\/uploads\/2016\/07\/Carnaval-venitien-longwy-pont-150x150.jpg 150w, https:\/\/pouce-et-compagnie.lu\/atelier\/wp-content\/uploads\/2016\/07\/Carnaval-venitien-longwy-pont-300x300.jpg 300w, https:\/\/pouce-et-compagnie.lu\/atelier\/wp-content\/uploads\/2016\/07\/Carnaval-venitien-longwy-pont-210x210.jpg 210w\" sizes=\"auto, (max-width: 150px) 100vw, 150px\" \/><\/a><\/p>\n<p>Le col est double : une partie en tulle orn\u00e9e de galons et perles, une partie en taffetas.<\/p>\n<p><a href=\"http:\/\/pouce-et-compagnie.lu\/atelier\/wp-content\/uploads\/2016\/07\/detail-haut-robe.jpg\"><img loading=\"lazy\" decoding=\"async\" class=\"aligncenter wp-image-510 size-medium\" title=\"Carnaval v\u00e9nitien de Longwy : d\u00e9tails\" src=\"http:\/\/pouce-et-compagnie.lu\/atelier\/wp-content\/uploads\/2016\/07\/detail-haut-robe-214x300.jpg\" alt=\"Carnaval v\u00e9nitien de Longwy : d\u00e9tails\" width=\"214\" height=\"300\" srcset=\"https:\/\/pouce-et-compagnie.lu\/atelier\/wp-content\/uploads\/2016\/07\/detail-haut-robe-214x300.jpg 214w, https:\/\/pouce-et-compagnie.lu\/atelier\/wp-content\/uploads\/2016\/07\/detail-haut-robe-500x700.jpg 500w, https:\/\/pouce-et-compagnie.lu\/atelier\/wp-content\/uploads\/2016\/07\/detail-haut-robe.jpg 686w\" sizes=\"auto, (max-width: 214px) 100vw, 214px\" \/><\/a><\/p>\n<p>La perruque est r\u00e9alis\u00e9e \u00e0 partir de diff\u00e9rents supports de cheveux synth\u00e9tiques et orn\u00e9e de fleurs, de rubans, de perles.<\/p>\n<p><a href=\"http:\/\/pouce-et-compagnie.lu\/atelier\/wp-content\/uploads\/2016\/07\/T\u00eate-Carnaval-Venitien-Longwy.jpg\"><img loading=\"lazy\" decoding=\"async\" class=\"aligncenter wp-image-497 size-large\" title=\"D\u00e9tail t\u00eate pour le carnaval v\u00e9nitien de Longwy\" src=\"http:\/\/pouce-et-compagnie.lu\/atelier\/wp-content\/uploads\/2016\/07\/T\u00eate-Carnaval-Venitien-Longwy-1024x768.jpg\" alt=\"D\u00e9tail t\u00eate pour le carnaval v\u00e9nitien de Longwy\" width=\"600\" height=\"450\" srcset=\"https:\/\/pouce-et-compagnie.lu\/atelier\/wp-content\/uploads\/2016\/07\/T\u00eate-Carnaval-Venitien-Longwy-1024x768.jpg 1024w, https:\/\/pouce-et-compagnie.lu\/atelier\/wp-content\/uploads\/2016\/07\/T\u00eate-Carnaval-Venitien-Longwy-300x225.jpg 300w, https:\/\/pouce-et-compagnie.lu\/atelier\/wp-content\/uploads\/2016\/07\/T\u00eate-Carnaval-Venitien-Longwy-768x576.jpg 768w, https:\/\/pouce-et-compagnie.lu\/atelier\/wp-content\/uploads\/2016\/07\/T\u00eate-Carnaval-Venitien-Longwy-500x375.jpg 500w\" sizes=\"auto, (max-width: 600px) 100vw, 600px\" \/><\/a><\/p>\n<p>La couronne est faite en fil d&rsquo;aluminium, avec perles et fausses pierres.<\/p>\n<p>Le tout est agr\u00e9ment\u00e9 d&rsquo;une cape en tulle et d&rsquo;une petite bourse.<\/p>\n<p>Ce costume a \u00e9galement \u00e9t\u00e9 utilis\u00e9 lors de la cavalcade d&rsquo;Esch sur Alzette mais avec une autre perruque.<\/p>\n<p style=\"text-align: center;\"><a href=\"http:\/\/pouce-et-compagnie.lu\/atelier\/wp-content\/uploads\/2016\/07\/Cavalcade-Esch-sur-Alzette.jpg\"><img loading=\"lazy\" decoding=\"async\" class=\"alignnone size-medium wp-image-512\" src=\"http:\/\/pouce-et-compagnie.lu\/atelier\/wp-content\/uploads\/2016\/07\/Cavalcade-Esch-sur-Alzette-205x300.jpg\" alt=\"Cvalcade Esch sur Alzette\" width=\"205\" height=\"300\" srcset=\"https:\/\/pouce-et-compagnie.lu\/atelier\/wp-content\/uploads\/2016\/07\/Cavalcade-Esch-sur-Alzette-205x300.jpg 205w, https:\/\/pouce-et-compagnie.lu\/atelier\/wp-content\/uploads\/2016\/07\/Cavalcade-Esch-sur-Alzette-768x1123.jpg 768w, https:\/\/pouce-et-compagnie.lu\/atelier\/wp-content\/uploads\/2016\/07\/Cavalcade-Esch-sur-Alzette-701x1024.jpg 701w, https:\/\/pouce-et-compagnie.lu\/atelier\/wp-content\/uploads\/2016\/07\/Cavalcade-Esch-sur-Alzette-500x731.jpg 500w, https:\/\/pouce-et-compagnie.lu\/atelier\/wp-content\/uploads\/2016\/07\/Cavalcade-Esch-sur-Alzette.jpg 1254w\" sizes=\"auto, (max-width: 205px) 100vw, 205px\" \/><\/a><\/p>\n","protected":false},"excerpt":{"rendered":"<p>R\u00e9alisation d&rsquo;une tenue inspir\u00e9e de la robe de mari\u00e9e du film Peau d&rsquo;Ane de Jacques Demy. La robe est en taffetas orn\u00e9 de cordelettes dor\u00e9es et de perles, avec des manches \u00e0 crev\u00e9s. Le col est double : une partie&#8230;<\/p>\n","protected":false},"author":1,"featured_media":0,"parent":327,"menu_order":11,"comment_status":"closed","ping_status":"closed","template":"","meta":{"footnotes":""},"class_list":["post-504","page","type-page","status-publish","hentry"],"_links":{"self":[{"href":"https:\/\/pouce-et-compagnie.lu\/index.php\/wp-json\/wp\/v2\/pages\/504","targetHints":{"allow":["GET"]}}],"collection":[{"href":"https:\/\/pouce-et-compagnie.lu\/index.php\/wp-json\/wp\/v2\/pages"}],"about":[{"href":"https:\/\/pouce-et-compagnie.lu\/index.php\/wp-json\/wp\/v2\/types\/page"}],"author":[{"embeddable":true,"href":"https:\/\/pouce-et-compagnie.lu\/index.php\/wp-json\/wp\/v2\/users\/1"}],"replies":[{"embeddable":true,"href":"https:\/\/pouce-et-compagnie.lu\/index.php\/wp-json\/wp\/v2\/comments?post=504"}],"version-history":[{"count":4,"href":"https:\/\/pouce-et-compagnie.lu\/index.php\/wp-json\/wp\/v2\/pages\/504\/revisions"}],"predecessor-version":[{"id":515,"href":"https:\/\/pouce-et-compagnie.lu\/index.php\/wp-json\/wp\/v2\/pages\/504\/revisions\/515"}],"up":[{"embeddable":true,"href":"https:\/\/pouce-et-compagnie.lu\/index.php\/wp-json\/wp\/v2\/pages\/327"}],"wp:attachment":[{"href":"https:\/\/pouce-et-compagnie.lu\/index.php\/wp-json\/wp\/v2\/media?parent=504"}],"curies":[{"name":"wp","href":"https:\/\/api.w.org\/{rel}","templated":true}]}}