{"id":575,"date":"2016-07-28T12:49:20","date_gmt":"2016-07-28T11:49:20","guid":{"rendered":"http:\/\/pouce-et-compagnie.lu\/atelier\/?page_id=575"},"modified":"2016-07-28T18:43:33","modified_gmt":"2016-07-28T17:43:33","slug":"chateau-de-vaux-le-vicomte-salon-du-chocolat","status":"publish","type":"page","link":"https:\/\/pouce-et-compagnie.lu\/index.php\/realisations\/realisations-pour-levenementiel-et-expositions\/chateau-de-vaux-le-vicomte-salon-du-chocolat\/","title":{"rendered":"Ch\u00e2teau de Vaux le Vicomte &#8211; salon du chocolat"},"content":{"rendered":"<p><a href=\"http:\/\/pouce-et-compagnie.lu\/atelier\/wp-content\/uploads\/2016\/07\/Vaux-le-Vicomte-salon-chocolat.jpg\"><img loading=\"lazy\" decoding=\"async\" class=\"aligncenter wp-image-571 size-full\" title=\"Salon du chocolat Vaux le Vicomte\" src=\"http:\/\/pouce-et-compagnie.lu\/atelier\/wp-content\/uploads\/2016\/07\/Vaux-le-Vicomte-salon-chocolat.jpg\" alt=\"Salon du chocolat Vaux le Vicomte\" width=\"240\" height=\"425\" srcset=\"https:\/\/pouce-et-compagnie.lu\/atelier\/wp-content\/uploads\/2016\/07\/Vaux-le-Vicomte-salon-chocolat.jpg 240w, https:\/\/pouce-et-compagnie.lu\/atelier\/wp-content\/uploads\/2016\/07\/Vaux-le-Vicomte-salon-chocolat-169x300.jpg 169w\" sizes=\"auto, (max-width: 240px) 100vw, 240px\" \/><\/a><\/p>\n<p>Tous les costumes ont \u00e9t\u00e9 r\u00e9alis\u00e9s avec diff\u00e9rentes toiles de coton puis confi\u00e9es aux p\u00e2tissiers chocolatiers pour que tous les d\u00e9tails soient faits en chocolat : boutons, passementeries, bijoux, etc&#8230;.<\/p>\n<p style=\"text-align: center;\"><a href=\"http:\/\/pouce-et-compagnie.lu\/atelier\/wp-content\/uploads\/2016\/07\/Vaux-le-Vicomte-costume-garcon-1-avant.jpg\"><img loading=\"lazy\" decoding=\"async\" class=\"alignnone wp-image-563\" title=\"Salon du chocolat Vaux le Vicomte costume de gar\u00e7on blanc\" src=\"http:\/\/pouce-et-compagnie.lu\/atelier\/wp-content\/uploads\/2016\/07\/Vaux-le-Vicomte-costume-garcon-1-avant.jpg\" alt=\"Salon du chocolat Vaux le Vicomte costume de gar\u00e7on blanc\" width=\"156\" height=\"283\" srcset=\"https:\/\/pouce-et-compagnie.lu\/atelier\/wp-content\/uploads\/2016\/07\/Vaux-le-Vicomte-costume-garcon-1-avant.jpg 398w, https:\/\/pouce-et-compagnie.lu\/atelier\/wp-content\/uploads\/2016\/07\/Vaux-le-Vicomte-costume-garcon-1-avant-166x300.jpg 166w\" sizes=\"auto, (max-width: 156px) 100vw, 156px\" \/><\/a><a href=\"http:\/\/pouce-et-compagnie.lu\/atelier\/wp-content\/uploads\/2016\/07\/Vaux-le-Vicomte-costume-garcon-1.jpg\"><img loading=\"lazy\" decoding=\"async\" class=\"alignnone wp-image-562 size-full\" title=\"Salon du chocolat Vaux le Vicomte costume de gar\u00e7on chocolat\u00e9\" src=\"http:\/\/pouce-et-compagnie.lu\/atelier\/wp-content\/uploads\/2016\/07\/Vaux-le-Vicomte-costume-garcon-1.jpg\" alt=\"Salon du chocolat Vaux le Vicomte costume de gar\u00e7on chocolat\u00e9\" width=\"213\" height=\"283\" \/><\/a><a href=\"http:\/\/pouce-et-compagnie.lu\/atelier\/wp-content\/uploads\/2016\/07\/Vaux-le-Vicomte-costume-garcon-2-avant.jpg\"><img loading=\"lazy\" decoding=\"async\" class=\"alignnone wp-image-565\" title=\"Salon du chocolat Vaux le Vicomte costume de gar\u00e7on blanc\" src=\"http:\/\/pouce-et-compagnie.lu\/atelier\/wp-content\/uploads\/2016\/07\/Vaux-le-Vicomte-costume-garcon-2-avant.jpg\" alt=\"Salon du chocolat Vaux le Vicomte costume de gar\u00e7on blanc\" width=\"149\" height=\"283\" srcset=\"https:\/\/pouce-et-compagnie.lu\/atelier\/wp-content\/uploads\/2016\/07\/Vaux-le-Vicomte-costume-garcon-2-avant.jpg 379w, https:\/\/pouce-et-compagnie.lu\/atelier\/wp-content\/uploads\/2016\/07\/Vaux-le-Vicomte-costume-garcon-2-avant-158x300.jpg 158w\" sizes=\"auto, (max-width: 149px) 100vw, 149px\" \/><\/a><a href=\"http:\/\/pouce-et-compagnie.lu\/atelier\/wp-content\/uploads\/2016\/07\/Vaux-le-Vicomte-costume-garcon-2.jpg\"><img loading=\"lazy\" decoding=\"async\" class=\"alignnone wp-image-564 size-full\" title=\"Salon du chocolat Vaux le Vicomte costume de gar\u00e7on chocolat\u00e9\" src=\"http:\/\/pouce-et-compagnie.lu\/atelier\/wp-content\/uploads\/2016\/07\/Vaux-le-Vicomte-costume-garcon-2.jpg\" alt=\"Salon du chocolat Vaux le Vicomte costume de gar\u00e7on chocolat\u00e9\" width=\"213\" height=\"283\" \/><\/a><a href=\"http:\/\/pouce-et-compagnie.lu\/atelier\/wp-content\/uploads\/2016\/07\/Vaux-le-Vicomte-costume-garcon-3-avant.jpg\"><img loading=\"lazy\" decoding=\"async\" class=\"alignnone wp-image-567\" title=\"Salon du chocolat Vaux le Vicomte costume de gar\u00e7on blanc\" src=\"http:\/\/pouce-et-compagnie.lu\/atelier\/wp-content\/uploads\/2016\/07\/Vaux-le-Vicomte-costume-garcon-3-avant.jpg\" alt=\"Salon du chocolat Vaux le Vicomte costume de gar\u00e7on blanc\" width=\"138\" height=\"283\" srcset=\"https:\/\/pouce-et-compagnie.lu\/atelier\/wp-content\/uploads\/2016\/07\/Vaux-le-Vicomte-costume-garcon-3-avant.jpg 351w, https:\/\/pouce-et-compagnie.lu\/atelier\/wp-content\/uploads\/2016\/07\/Vaux-le-Vicomte-costume-garcon-3-avant-146x300.jpg 146w\" sizes=\"auto, (max-width: 138px) 100vw, 138px\" \/><\/a><a href=\"http:\/\/pouce-et-compagnie.lu\/atelier\/wp-content\/uploads\/2016\/07\/Vaux-le-Vicomte-costume-garcon-3.jpg\"><img loading=\"lazy\" decoding=\"async\" class=\"alignnone wp-image-566 size-full\" title=\"Salon du chocolat Vaux le Vicomte costume de gar\u00e7on chocolat\u00e9\" src=\"http:\/\/pouce-et-compagnie.lu\/atelier\/wp-content\/uploads\/2016\/07\/Vaux-le-Vicomte-costume-garcon-3.jpg\" alt=\"Salon du chocolat Vaux le Vicomte costume de gar\u00e7on chocolat\u00e9\" width=\"160\" height=\"283\" \/><\/a><a href=\"http:\/\/pouce-et-compagnie.lu\/atelier\/wp-content\/uploads\/2016\/07\/Vaux-le-Vicomte-costume-garcon-4-avant.jpg\"><img loading=\"lazy\" decoding=\"async\" class=\"alignnone wp-image-569\" title=\"Salon du chocolat Vaux le Vicomte costume de gar\u00e7on blanc\" src=\"http:\/\/pouce-et-compagnie.lu\/atelier\/wp-content\/uploads\/2016\/07\/Vaux-le-Vicomte-costume-garcon-4-avant.jpg\" alt=\"Salon du chocolat Vaux le Vicomte costume de gar\u00e7on blanc\" width=\"182\" height=\"283\" srcset=\"https:\/\/pouce-et-compagnie.lu\/atelier\/wp-content\/uploads\/2016\/07\/Vaux-le-Vicomte-costume-garcon-4-avant.jpg 462w, https:\/\/pouce-et-compagnie.lu\/atelier\/wp-content\/uploads\/2016\/07\/Vaux-le-Vicomte-costume-garcon-4-avant-193x300.jpg 193w\" sizes=\"auto, (max-width: 182px) 100vw, 182px\" \/><\/a><a href=\"http:\/\/pouce-et-compagnie.lu\/atelier\/wp-content\/uploads\/2016\/07\/Vaux-le-Vicomte-costume-garcon-4.jpg\"><img loading=\"lazy\" decoding=\"async\" class=\"alignnone wp-image-568 size-full\" title=\"Salon du chocolat Vaux le Vicomte costume de gar\u00e7on chocolat\u00e9\" src=\"http:\/\/pouce-et-compagnie.lu\/atelier\/wp-content\/uploads\/2016\/07\/Vaux-le-Vicomte-costume-garcon-4.jpg\" alt=\"Salon du chocolat Vaux le Vicomte costume de gar\u00e7on chocolat\u00e9\" width=\"160\" height=\"283\" \/><\/a><a href=\"http:\/\/pouce-et-compagnie.lu\/atelier\/wp-content\/uploads\/2016\/07\/Vaux-le-Vicomte-costume-garcon-5-avant.jpg\"><img loading=\"lazy\" decoding=\"async\" class=\"alignnone wp-image-570\" title=\"Salon du chocolat Vaux le Vicomte costume de gar\u00e7on blanc\" src=\"http:\/\/pouce-et-compagnie.lu\/atelier\/wp-content\/uploads\/2016\/07\/Vaux-le-Vicomte-costume-garcon-5-avant.jpg\" alt=\"Salon du chocolat Vaux le Vicomte costume de gar\u00e7on blanc\" width=\"156\" height=\"283\" srcset=\"https:\/\/pouce-et-compagnie.lu\/atelier\/wp-content\/uploads\/2016\/07\/Vaux-le-Vicomte-costume-garcon-5-avant.jpg 397w, https:\/\/pouce-et-compagnie.lu\/atelier\/wp-content\/uploads\/2016\/07\/Vaux-le-Vicomte-costume-garcon-5-avant-165x300.jpg 165w\" sizes=\"auto, (max-width: 156px) 100vw, 156px\" \/><\/a><\/p>\n<p>&nbsp;<\/p>\n<p style=\"text-align: center;\"><a href=\"http:\/\/pouce-et-compagnie.lu\/atelier\/wp-content\/uploads\/2016\/07\/Vaux-le-Vicomte-costume-fille-1-avant.jpg\"><img loading=\"lazy\" decoding=\"async\" class=\"alignnone wp-image-554\" title=\"Salon du chocolat Vaux le Vicomte costume de fille nu\" src=\"http:\/\/pouce-et-compagnie.lu\/atelier\/wp-content\/uploads\/2016\/07\/Vaux-le-Vicomte-costume-fille-1-avant.jpg\" alt=\"Salon du chocolat Vaux le Vicomte costume de fille nu\" width=\"158\" height=\"283\" srcset=\"https:\/\/pouce-et-compagnie.lu\/atelier\/wp-content\/uploads\/2016\/07\/Vaux-le-Vicomte-costume-fille-1-avant.jpg 402w, https:\/\/pouce-et-compagnie.lu\/atelier\/wp-content\/uploads\/2016\/07\/Vaux-le-Vicomte-costume-fille-1-avant-168x300.jpg 168w\" sizes=\"auto, (max-width: 158px) 100vw, 158px\" \/><\/a><a href=\"http:\/\/pouce-et-compagnie.lu\/atelier\/wp-content\/uploads\/2016\/07\/Vaux-le-Vicomte-costume-fille-1.jpg\"><img loading=\"lazy\" decoding=\"async\" class=\"alignnone wp-image-553 size-full\" title=\"Salon du chocolat Vaux le Vicomte costume de fille chocolat\u00e9\" src=\"http:\/\/pouce-et-compagnie.lu\/atelier\/wp-content\/uploads\/2016\/07\/Vaux-le-Vicomte-costume-fille-1.jpg\" alt=\"Salon du chocolat Vaux le Vicomte costume de fille chocolat\u00e9\" width=\"213\" height=\"283\" \/><\/a><a href=\"http:\/\/pouce-et-compagnie.lu\/atelier\/wp-content\/uploads\/2016\/07\/Vaux-le-Vicomte-costume-fille-2-avant.jpg\"><img loading=\"lazy\" decoding=\"async\" class=\"alignnone wp-image-556\" title=\"Salon du chocolat Vaux le Vicomte costume de fille nu\" src=\"http:\/\/pouce-et-compagnie.lu\/atelier\/wp-content\/uploads\/2016\/07\/Vaux-le-Vicomte-costume-fille-2-avant.jpg\" alt=\"Salon du chocolat Vaux le Vicomte costume de fille nu\" width=\"171\" height=\"283\" srcset=\"https:\/\/pouce-et-compagnie.lu\/atelier\/wp-content\/uploads\/2016\/07\/Vaux-le-Vicomte-costume-fille-2-avant.jpg 435w, https:\/\/pouce-et-compagnie.lu\/atelier\/wp-content\/uploads\/2016\/07\/Vaux-le-Vicomte-costume-fille-2-avant-181x300.jpg 181w\" sizes=\"auto, (max-width: 171px) 100vw, 171px\" \/><\/a><a href=\"http:\/\/pouce-et-compagnie.lu\/atelier\/wp-content\/uploads\/2016\/07\/Vaux-le-Vicomte-costume-fille-2.jpg\"><img loading=\"lazy\" decoding=\"async\" class=\"alignnone wp-image-555 size-full\" title=\"Salon du chocolat Vaux le Vicomte costume de fille chocolat\u00e9\" src=\"http:\/\/pouce-et-compagnie.lu\/atelier\/wp-content\/uploads\/2016\/07\/Vaux-le-Vicomte-costume-fille-2.jpg\" alt=\"Salon du chocolat Vaux le Vicomte costume de fille chocolat\u00e9\" width=\"213\" height=\"283\" \/><\/a><a href=\"http:\/\/pouce-et-compagnie.lu\/atelier\/wp-content\/uploads\/2016\/07\/Vaux-le-Vicomte-costume-fille-3-avant.jpg\"><img loading=\"lazy\" decoding=\"async\" class=\"alignnone wp-image-558\" title=\"Salon du chocolat Vaux le Vicomte costume de fille nu\" src=\"http:\/\/pouce-et-compagnie.lu\/atelier\/wp-content\/uploads\/2016\/07\/Vaux-le-Vicomte-costume-fille-3-avant.jpg\" alt=\"Salon du chocolat Vaux le Vicomte costume de fille nu\" width=\"182\" height=\"283\" srcset=\"https:\/\/pouce-et-compagnie.lu\/atelier\/wp-content\/uploads\/2016\/07\/Vaux-le-Vicomte-costume-fille-3-avant.jpg 462w, https:\/\/pouce-et-compagnie.lu\/atelier\/wp-content\/uploads\/2016\/07\/Vaux-le-Vicomte-costume-fille-3-avant-193x300.jpg 193w\" sizes=\"auto, (max-width: 182px) 100vw, 182px\" \/><\/a><a href=\"http:\/\/pouce-et-compagnie.lu\/atelier\/wp-content\/uploads\/2016\/07\/Vaux-le-Vicomte-costume-fille-3.jpg\"><img loading=\"lazy\" decoding=\"async\" class=\"alignnone wp-image-557 size-full\" title=\"Salon du chocolat Vaux le Vicomte costume de fille chocolat\u00e9\" src=\"http:\/\/pouce-et-compagnie.lu\/atelier\/wp-content\/uploads\/2016\/07\/Vaux-le-Vicomte-costume-fille-3.jpg\" alt=\"Salon du chocolat Vaux le Vicomte costume de fille chocolat\u00e9\" width=\"160\" height=\"283\" \/><\/a><a href=\"http:\/\/pouce-et-compagnie.lu\/atelier\/wp-content\/uploads\/2016\/07\/Vaux-le-Vicomte-costume-fille-4-avant.jpg\"><img loading=\"lazy\" decoding=\"async\" class=\"alignnone wp-image-560\" title=\"Salon du chocolat Vaux le Vicomte costume de fille nu\" src=\"http:\/\/pouce-et-compagnie.lu\/atelier\/wp-content\/uploads\/2016\/07\/Vaux-le-Vicomte-costume-fille-4-avant.jpg\" alt=\"Salon du chocolat Vaux le Vicomte costume de fille nu\" width=\"179\" height=\"283\" srcset=\"https:\/\/pouce-et-compagnie.lu\/atelier\/wp-content\/uploads\/2016\/07\/Vaux-le-Vicomte-costume-fille-4-avant.jpg 456w, https:\/\/pouce-et-compagnie.lu\/atelier\/wp-content\/uploads\/2016\/07\/Vaux-le-Vicomte-costume-fille-4-avant-190x300.jpg 190w\" sizes=\"auto, (max-width: 179px) 100vw, 179px\" \/><\/a><a href=\"http:\/\/pouce-et-compagnie.lu\/atelier\/wp-content\/uploads\/2016\/07\/Vaux-le-Vicomte-costume-fille-4.jpg\"><img loading=\"lazy\" decoding=\"async\" class=\"alignnone wp-image-559 size-full\" title=\"Salon du chocolat Vaux le Vicomte costume de fille chocolat\u00e9\" src=\"http:\/\/pouce-et-compagnie.lu\/atelier\/wp-content\/uploads\/2016\/07\/Vaux-le-Vicomte-costume-fille-4.jpg\" alt=\"Salon du chocolat Vaux le Vicomte costume de fille chocolat\u00e9\" width=\"160\" height=\"283\" \/><\/a><a href=\"http:\/\/pouce-et-compagnie.lu\/atelier\/wp-content\/uploads\/2016\/07\/Vaux-le-Vicomte-costume-fille-5-avant.jpg\"><img loading=\"lazy\" decoding=\"async\" class=\"alignnone wp-image-561\" title=\"Salon du chocolat Vaux le Vicomte costume de fille nu\" src=\"http:\/\/pouce-et-compagnie.lu\/atelier\/wp-content\/uploads\/2016\/07\/Vaux-le-Vicomte-costume-fille-5-avant.jpg\" alt=\"Salon du chocolat Vaux le Vicomte costume de fille nu\" width=\"161\" height=\"283\" srcset=\"https:\/\/pouce-et-compagnie.lu\/atelier\/wp-content\/uploads\/2016\/07\/Vaux-le-Vicomte-costume-fille-5-avant.jpg 409w, https:\/\/pouce-et-compagnie.lu\/atelier\/wp-content\/uploads\/2016\/07\/Vaux-le-Vicomte-costume-fille-5-avant-170x300.jpg 170w\" sizes=\"auto, (max-width: 161px) 100vw, 161px\" \/><\/a><\/p>\n","protected":false},"excerpt":{"rendered":"<p>Tous les costumes ont \u00e9t\u00e9 r\u00e9alis\u00e9s avec diff\u00e9rentes toiles de coton puis confi\u00e9es aux p\u00e2tissiers chocolatiers pour que tous les d\u00e9tails soient faits en chocolat : boutons, passementeries, bijoux, etc&#8230;. &nbsp;<\/p>\n","protected":false},"author":1,"featured_media":0,"parent":532,"menu_order":0,"comment_status":"closed","ping_status":"closed","template":"","meta":{"footnotes":""},"class_list":["post-575","page","type-page","status-publish","hentry"],"_links":{"self":[{"href":"https:\/\/pouce-et-compagnie.lu\/index.php\/wp-json\/wp\/v2\/pages\/575","targetHints":{"allow":["GET"]}}],"collection":[{"href":"https:\/\/pouce-et-compagnie.lu\/index.php\/wp-json\/wp\/v2\/pages"}],"about":[{"href":"https:\/\/pouce-et-compagnie.lu\/index.php\/wp-json\/wp\/v2\/types\/page"}],"author":[{"embeddable":true,"href":"https:\/\/pouce-et-compagnie.lu\/index.php\/wp-json\/wp\/v2\/users\/1"}],"replies":[{"embeddable":true,"href":"https:\/\/pouce-et-compagnie.lu\/index.php\/wp-json\/wp\/v2\/comments?post=575"}],"version-history":[{"count":4,"href":"https:\/\/pouce-et-compagnie.lu\/index.php\/wp-json\/wp\/v2\/pages\/575\/revisions"}],"predecessor-version":[{"id":579,"href":"https:\/\/pouce-et-compagnie.lu\/index.php\/wp-json\/wp\/v2\/pages\/575\/revisions\/579"}],"up":[{"embeddable":true,"href":"https:\/\/pouce-et-compagnie.lu\/index.php\/wp-json\/wp\/v2\/pages\/532"}],"wp:attachment":[{"href":"https:\/\/pouce-et-compagnie.lu\/index.php\/wp-json\/wp\/v2\/media?parent=575"}],"curies":[{"name":"wp","href":"https:\/\/api.w.org\/{rel}","templated":true}]}}