{"id":613,"date":"2016-07-29T09:26:27","date_gmt":"2016-07-29T08:26:27","guid":{"rendered":"http:\/\/pouce-et-compagnie.lu\/?page_id=613"},"modified":"2016-07-29T09:43:54","modified_gmt":"2016-07-29T08:43:54","slug":"mentions-legales","status":"publish","type":"page","link":"https:\/\/pouce-et-compagnie.lu\/index.php\/mentions-legales\/","title":{"rendered":"Mentions l\u00e9gales"},"content":{"rendered":"<p class=\"titrearticle\">Ce site est \u00e9dit\u00e9 et diffus\u00e9 par:<\/p>\n<p class=\"titrearticle\"><strong>Pouce et Compagnie<\/strong><\/p>\n<p>Si\u00e8ge social : 1 rue de Guerlange 4962 Cl\u00e9mency (LUXEMBOURG)<\/p>\n<p>T\u00e9l : +(352) 28 77 61 52<\/p>\n<p>SARL au capital de 12.500 euros<br \/>\nImmatricul\u00e9e au R\u00e9gistre du Commerce et des Soci\u00e9t\u00e9s sous le num\u00e9ro : B179104<br \/>\nN\u00b0 TVA intracommunautaire : LU26367456<\/p>\n<p>G\u00e9rante et directrice de la publication: Anne-Marie Schwartz<\/p>\n<p>H\u00e9bergement : OVH \u2013 2, rue Kellermann \u2013 59100 Roubaix \u2013 France \u2013 <a href=\"http:\/\/www.ovh.com\" target=\"_blank\">http:\/\/www.ovh.com<\/a><\/p>\n<p>&nbsp;<\/p>\n<p>Pour toute question sur ce site et son contenu, veuillez nous contacter par e-mail: <a href=\"mailto:infos@pouce-et-compagnie.lu\">infos@pouce-et-compagnie.lu<\/a>.<\/p>\n<p>&nbsp;<\/p>\n<p><strong>Utilisation du site internet &#8211; Donn\u00e9es nominatives et responsabilit\u00e9<\/strong><\/p>\n<p style=\"text-align: justify;\">Le site est gratuit (hors co\u00fbts de connexion Internet \u00e0 charge de l\u2019utilisateur), et ouvert 24h\/24h et 7 jours \/ 7jours, \u00e0 l\u2019exception des cas de force majeure, de pannes informatiques, de maintenance ou de probl\u00e8mes li\u00e9s aux r\u00e9seaux de t\u00e9l\u00e9communications.<\/p>\n<p style=\"text-align: justify;\">Pouce et Compagnie s\u2019engage \u00e0 mettre en \u0153uvre, dans les meilleurs d\u00e9lais, toutes actions n\u00e9cessaires au r\u00e9tablissement du fonctionnement du site Internet ainsi que de son accessibilit\u00e9.<\/p>\n<p style=\"text-align: justify;\">Pouce et Compagnie ne peut \u00eatre tenue responsable d\u2019\u00e9ventuels dommages directs ou indirects, mat\u00e9riels ou immat\u00e9riels caus\u00e9s par l\u2019utilisation du site Internet, et notamment en relation avec l\u2019interruption, l\u2019arr\u00eat ou le dysfonctionnement du site pouvant r\u00e9sulter de l\u2019arr\u00eat pour la maintenance ou la remise en \u00e9tat du syst\u00e8me informatique de Pouce et Compagnie, de pannes techniques ou de surcharge du r\u00e9seau, de coupures des r\u00e9seaux de t\u00e9l\u00e9communications, d\u2019erreurs, de n\u00e9gligences ou de fautes des fournisseurs ou d\u2019un tiers, ainsi que de tout virus informatique provenant de l\u2019Internet.<\/p>\n<p style=\"text-align: justify;\">Pouce et Compagnie informe que le site Internet utilise le syst\u00e8me \u00ab\u00a0Google Analytics\u00a0\u00bb, des \u00ab\u00a0cookies\u00a0\u00bb et des donn\u00e9es relatives \u00e0 l\u2019adresse IP.<\/p>\n<p style=\"text-align: justify;\">En consultant le site Internet, l\u2019utilisateur consent ainsi au traitement de ses donn\u00e9es par Google Analytics.<\/p>\n<p style=\"text-align: justify;\">Lors de la visite sur le site, un ou plusieurs \u00ab\u00a0cookies\u00a0\u00bb, ne contenant aucune information personnelle, pourra (pourront) \u00eatre plac\u00e9(s) sur le disque dur de l\u2019utilisateur.<\/p>\n<p style=\"text-align: justify;\">Les \u00ab\u00a0cookies\u00a0\u00bb permettent exclusivement de faciliter la transmission des informations techniques, ils sont d\u00e9pos\u00e9s et stock\u00e9s sur le disque dur de l\u2019utilisateur le temps de la consultation du site Internet.<\/p>\n<p style=\"text-align: justify;\">Aucun \u00ab\u00a0cookie\u00a0\u00bb ne sera d\u00e9pos\u00e9 de fa\u00e7on permanente sur le poste de l\u2019utilisateur.<\/p>\n<p style=\"text-align: justify;\">Pouce et Compagnie se r\u00e9serve le droit, dans le cadre des produits et services propos\u00e9s, de solliciter des donn\u00e9es personnelles de la part des utilisateurs du site Internet.<\/p>\n<p style=\"text-align: justify;\">Ne seront uniquement stock\u00e9es sur support \u00e9lectronique ou sous toute autre forme que les donn\u00e9es utiles et n\u00e9cessaires \u00e0 l\u2019ex\u00e9cution des services propos\u00e9s.<\/p>\n<p style=\"text-align: justify;\">Les donn\u00e9es personnelles sont trait\u00e9es par\u00a0Pouce et Compagnie conform\u00e9ment \u00e0 la l\u00e9gislation relative \u00e0 la protection des personnes \u00e0 l\u2019\u00e9gard du traitement des donn\u00e9es \u00e0 caract\u00e8re personnel.<\/p>\n<p style=\"text-align: justify;\">Pouce et Compagnie pourra utiliser les donn\u00e9es \u00e0 caract\u00e8re personnel r\u00e9colt\u00e9es \u00e0 des fins de prospection commerciale, sauf opposition expresse de l\u2019utilisateur<\/p>\n<p style=\"text-align: justify;\">Pouce et Compagnie s&rsquo;engage, dans le cadre de l\u2019ex\u00e9cution de ses services et de ses produits propos\u00e9s, \u00e0 ne pas communiquer les donn\u00e9es remises \u00e0 des tiers, sauf autorisation expresse de l\u2019utilisateur et dans le cadre d&rsquo;un besoin particulier.<\/p>\n<p style=\"text-align: justify;\">Pouce et Compagnie s\u2019engage, sans que ceci vaille obligation de r\u00e9sultat, \u00e0 mettre en place tous moyens n\u00e9cessaires afin de garantir \u00e0 l\u2019utilisateur la s\u00e9curit\u00e9 et la confidentialit\u00e9 de ses donn\u00e9es transmises, mais rappelle aux utilisateurs que le secret de correspondance n\u2019est nullement garanti sur tout r\u00e9seau Internet.<\/p>\n<p style=\"text-align: justify;\">L\u2019utilisateur consent que toute utilisation du site s\u2019effectue sous sa propre responsabilit\u00e9.<\/p>\n<p style=\"text-align: justify;\">Toute collecte de donn\u00e9es \u00e0 travers le site est soumise aux dispositions de la l\u00e9gislation en mati\u00e8re de consommation et r\u00e9gie par les pr\u00e9sentes conditions.<\/p>\n<p style=\"text-align: justify;\">En communiquant son (ses) num\u00e9ro(s) de t\u00e9l\u00e9phone ou son adresse e-mail sur le site Internet, l\u2019utilisateur accepte et autorise\u00a0Pouce et Compagnie \u00e0 lui adresser des informations par t\u00e9l\u00e9phone, par SMS ou encore par e-mail.<\/p>\n<p style=\"text-align: justify;\">En autorisant Pouce et Compagnie \u00e0 proc\u00e9der \u00e0 la communication d\u2019informations via SMS ou autres moyens de communication \u00e9ventuellement payants, l\u2019utilisateur d\u00e9clare prendre en charge les frais pouvant ainsi en d\u00e9couler pour lui.<\/p>\n<p style=\"text-align: justify;\">L\u2019utilisateur accepte que tout acc\u00e8s au site Internet ou toute utilisation du site s\u2019effectue sous sa propre responsabilit\u00e9.<\/p>\n<p style=\"text-align: justify;\">Il appartient \u00e0 tout utilisateur d\u2019Internet de prendre toutes mesures et dispositions appropri\u00e9es afin de prot\u00e9ger ses propres donn\u00e9es et\/ou logiciels de la contamination par d\u2019\u00e9ventuels virus ou tout autre proc\u00e9d\u00e9 de piratage circulant sur Internet.<\/p>\n<p style=\"text-align: justify;\">Il est rappel\u00e9 que Pouce et Compagnie s\u2019abstient de tout envoi de courriels\u00a0 dont la finalit\u00e9 consiste \u00e0 recueillir des informations confidentielles (codes d\u2019acc\u00e8s, mots de passe ou num\u00e9ros de comptes bancaires).<\/p>\n<p style=\"text-align: justify;\">En cas de r\u00e9ception de tels courriels , il est imp\u00e9rativement recommand\u00e9 aux utilisateurs d\u2019en informer imm\u00e9diatement Pouce et Compagnie, et de ne fournir en aucun cas les informations confidentielles sollicit\u00e9es par voie \u00e9lectronique.<\/p>\n<p style=\"text-align: justify;\">Pouce et Compagnie ne pourra pas \u00eatre tenue responsable en cas de diffusion des informations confidentielles par l\u2019utilisateur lui-m\u00eame.<\/p>\n<p style=\"text-align: justify;\">\n<p><strong>Exactitude des informations<br \/>\n<\/strong><\/p>\n<p style=\"text-align: justify;\">Le pr\u00e9sent site Internet est destin\u00e9 aux clients de Pouce et Compagnie, et plus largement, \u00e0 tout int\u00e9ress\u00e9 par les produits et\/ou services propos\u00e9s par Pouce et Compagnie.<\/p>\n<p style=\"text-align: justify;\">Tous les efforts possibles ont \u00e9t\u00e9 entrepris pour s&rsquo;assurer de l&rsquo;exactitude des informations contenues sur ce site Internet. Cependant, aucune garantie ne peut \u00eatre donn\u00e9e que toutes les informations soient correctes.<\/p>\n<p style=\"text-align: justify;\">La responsabilit\u00e9 de Pouce et Compagnie ne pourra \u00eatre engag\u00e9e pour toutes informations impr\u00e9cises, incompl\u00e8tes ou erron\u00e9es, ou encore pour toutes informations falsifi\u00e9es ou manipul\u00e9es.<\/p>\n<p style=\"text-align: justify;\">Pouce et Compagnie se r\u00e9serve tout droit de modifier le contenu du site ou encore de le rendre inaccessible. Pouce et Compagnie n&rsquo;assume aucune responsabilit\u00e9 en cas d&rsquo;interruption, m\u00eame temporaire du service de ce site.<\/p>\n<p style=\"text-align: justify;\">Le contenu de ce site est uniquement fourni \u00e0 titre d\u2019information.<\/p>\n<p style=\"text-align: justify;\">Les sites ext\u00e9rieurs au site de Pouce et Compagnie, notamment les sites des partenaires Pouce et Compagnie ayant un lien hypertexte avec le pr\u00e9sent site, ne sont pas sous contr\u00f4le de Pouce et Compagnie, qui d\u00e9cline par cons\u00e9quent toute responsabilit\u00e9 quant \u00e0 leur contenu et \u00e0 leur accessibilit\u00e9. L&rsquo;utilisateur est seul responsable de leur utilisation.<\/p>\n<p>&nbsp;<\/p>\n<p><strong>Loi applicable, comp\u00e9tence territoriale et langue<br \/>\n<\/strong><\/p>\n<p style=\"text-align: justify;\">Le pr\u00e9sent site Internet est soumis \u00e0 la l\u00e9gislation et r\u00e9glementation luxembourgeoise.<\/p>\n<p style=\"text-align: justify;\">Sont exclusivement applicables les lois et r\u00e8glements luxembourgeois.<\/p>\n<p style=\"text-align: justify;\">Comp\u00e9tence exclusive est donn\u00e9e aux Tribunaux luxembourgeois pour conna\u00eetre de tout litige \u00e9ventuel en relation avec l\u2019utilisation, l\u2019interpr\u00e9tation et l\u2019ex\u00e9cution des informations et donn\u00e9es figurant sur le pr\u00e9sent site Internet.<\/p>\n<p style=\"text-align: justify;\">Seule la version fran\u00e7aise du site Internet Pouce et Compagnie fait foi.<\/p>\n<p>&nbsp;<\/p>\n<p><strong>Copyright<\/strong><\/p>\n<p>\u00a9 Pouce et Compagnie. Tous droits r\u00e9serv\u00e9s.<\/p>\n<p style=\"text-align: justify;\">La reproduction partielle ou int\u00e9grale des informations, pictogrammes, photographies, images, textes, s\u00e9quences vid\u00e9o, et autres documents pr\u00e9sents sur le site Internet est uniquement autoris\u00e9e avec l&rsquo;accord pr\u00e9alable et \u00e9crit de Pouce et Compagnie.<\/p>\n<p><span class=\"color_15\">\u00a0<\/span><\/p>\n","protected":false},"excerpt":{"rendered":"<p>Ce site est \u00e9dit\u00e9 et diffus\u00e9 par: Pouce et Compagnie Si\u00e8ge social : 1 rue de Guerlange 4962 Cl\u00e9mency (LUXEMBOURG) T\u00e9l : +(352) 28 77 61 52 SARL au capital de 12.500 euros Immatricul\u00e9e au R\u00e9gistre du Commerce et des&#8230;<\/p>\n","protected":false},"author":1,"featured_media":0,"parent":0,"menu_order":0,"comment_status":"closed","ping_status":"closed","template":"","meta":{"footnotes":""},"class_list":["post-613","page","type-page","status-publish","hentry"],"_links":{"self":[{"href":"https:\/\/pouce-et-compagnie.lu\/index.php\/wp-json\/wp\/v2\/pages\/613","targetHints":{"allow":["GET"]}}],"collection":[{"href":"https:\/\/pouce-et-compagnie.lu\/index.php\/wp-json\/wp\/v2\/pages"}],"about":[{"href":"https:\/\/pouce-et-compagnie.lu\/index.php\/wp-json\/wp\/v2\/types\/page"}],"author":[{"embeddable":true,"href":"https:\/\/pouce-et-compagnie.lu\/index.php\/wp-json\/wp\/v2\/users\/1"}],"replies":[{"embeddable":true,"href":"https:\/\/pouce-et-compagnie.lu\/index.php\/wp-json\/wp\/v2\/comments?post=613"}],"version-history":[{"count":3,"href":"https:\/\/pouce-et-compagnie.lu\/index.php\/wp-json\/wp\/v2\/pages\/613\/revisions"}],"predecessor-version":[{"id":617,"href":"https:\/\/pouce-et-compagnie.lu\/index.php\/wp-json\/wp\/v2\/pages\/613\/revisions\/617"}],"wp:attachment":[{"href":"https:\/\/pouce-et-compagnie.lu\/index.php\/wp-json\/wp\/v2\/media?parent=613"}],"curies":[{"name":"wp","href":"https:\/\/api.w.org\/{rel}","templated":true}]}}