{"id":738,"date":"2018-12-11T08:54:33","date_gmt":"2018-12-11T07:54:33","guid":{"rendered":"https:\/\/pouce-et-compagnie.lu\/?page_id=738"},"modified":"2018-12-11T09:04:20","modified_gmt":"2018-12-11T08:04:20","slug":"robes-xixe-siecle","status":"publish","type":"page","link":"https:\/\/pouce-et-compagnie.lu\/index.php\/realisations\/tenues-de-scene\/robes-xixe-siecle\/","title":{"rendered":"Robes XIX\u00e8 si\u00e8cle"},"content":{"rendered":"<p>Robes XIX\u00e8 si\u00e8cle port\u00e9es sur une queue d&rsquo;\u00e9crevisse.<\/p>\n<p><a href=\"https:\/\/pouce-et-compagnie.lu\/atelier\/wp-content\/uploads\/2018\/12\/Pouce-et-Compagnie_tournure_01.jpg\"><img loading=\"lazy\" decoding=\"async\" class=\"alignnone size-full wp-image-736\" src=\"https:\/\/pouce-et-compagnie.lu\/atelier\/wp-content\/uploads\/2018\/12\/Pouce-et-Compagnie_tournure_01.jpg\" alt=\"Robe XIX\u00e8 si\u00e8cle \u00e0 tournure\" width=\"1000\" height=\"1000\" srcset=\"https:\/\/pouce-et-compagnie.lu\/atelier\/wp-content\/uploads\/2018\/12\/Pouce-et-Compagnie_tournure_01.jpg 1000w, https:\/\/pouce-et-compagnie.lu\/atelier\/wp-content\/uploads\/2018\/12\/Pouce-et-Compagnie_tournure_01-150x150.jpg 150w, https:\/\/pouce-et-compagnie.lu\/atelier\/wp-content\/uploads\/2018\/12\/Pouce-et-Compagnie_tournure_01-300x300.jpg 300w, https:\/\/pouce-et-compagnie.lu\/atelier\/wp-content\/uploads\/2018\/12\/Pouce-et-Compagnie_tournure_01-768x768.jpg 768w, https:\/\/pouce-et-compagnie.lu\/atelier\/wp-content\/uploads\/2018\/12\/Pouce-et-Compagnie_tournure_01-500x500.jpg 500w, https:\/\/pouce-et-compagnie.lu\/atelier\/wp-content\/uploads\/2018\/12\/Pouce-et-Compagnie_tournure_01-210x210.jpg 210w\" sizes=\"auto, (max-width: 1000px) 100vw, 1000px\" \/><\/a><\/p>\n<p><a href=\"https:\/\/pouce-et-compagnie.lu\/atelier\/wp-content\/uploads\/2018\/12\/Pouce-et-Compagnie_tournure_02.jpg\"><img loading=\"lazy\" decoding=\"async\" class=\"alignnone size-full wp-image-739\" src=\"https:\/\/pouce-et-compagnie.lu\/atelier\/wp-content\/uploads\/2018\/12\/Pouce-et-Compagnie_tournure_02.jpg\" alt=\"Robe XIX\u00e8 si\u00e8cle \u00e0 tournure\" width=\"1000\" height=\"1000\" srcset=\"https:\/\/pouce-et-compagnie.lu\/atelier\/wp-content\/uploads\/2018\/12\/Pouce-et-Compagnie_tournure_02.jpg 1000w, https:\/\/pouce-et-compagnie.lu\/atelier\/wp-content\/uploads\/2018\/12\/Pouce-et-Compagnie_tournure_02-150x150.jpg 150w, https:\/\/pouce-et-compagnie.lu\/atelier\/wp-content\/uploads\/2018\/12\/Pouce-et-Compagnie_tournure_02-300x300.jpg 300w, https:\/\/pouce-et-compagnie.lu\/atelier\/wp-content\/uploads\/2018\/12\/Pouce-et-Compagnie_tournure_02-768x768.jpg 768w, https:\/\/pouce-et-compagnie.lu\/atelier\/wp-content\/uploads\/2018\/12\/Pouce-et-Compagnie_tournure_02-500x500.jpg 500w, https:\/\/pouce-et-compagnie.lu\/atelier\/wp-content\/uploads\/2018\/12\/Pouce-et-Compagnie_tournure_02-210x210.jpg 210w\" sizes=\"auto, (max-width: 1000px) 100vw, 1000px\" \/><\/a><\/p>\n<p><a href=\"https:\/\/pouce-et-compagnie.lu\/atelier\/wp-content\/uploads\/2018\/12\/Pouce-et-Compagnie_tournure_03.jpg\"><img loading=\"lazy\" decoding=\"async\" class=\"alignnone size-full wp-image-740\" src=\"https:\/\/pouce-et-compagnie.lu\/atelier\/wp-content\/uploads\/2018\/12\/Pouce-et-Compagnie_tournure_03.jpg\" alt=\"Robe XIX\u00e8 si\u00e8cle \u00e0 tournure\" width=\"1000\" height=\"1000\" srcset=\"https:\/\/pouce-et-compagnie.lu\/atelier\/wp-content\/uploads\/2018\/12\/Pouce-et-Compagnie_tournure_03.jpg 1000w, https:\/\/pouce-et-compagnie.lu\/atelier\/wp-content\/uploads\/2018\/12\/Pouce-et-Compagnie_tournure_03-150x150.jpg 150w, https:\/\/pouce-et-compagnie.lu\/atelier\/wp-content\/uploads\/2018\/12\/Pouce-et-Compagnie_tournure_03-300x300.jpg 300w, https:\/\/pouce-et-compagnie.lu\/atelier\/wp-content\/uploads\/2018\/12\/Pouce-et-Compagnie_tournure_03-768x768.jpg 768w, https:\/\/pouce-et-compagnie.lu\/atelier\/wp-content\/uploads\/2018\/12\/Pouce-et-Compagnie_tournure_03-500x500.jpg 500w, https:\/\/pouce-et-compagnie.lu\/atelier\/wp-content\/uploads\/2018\/12\/Pouce-et-Compagnie_tournure_03-210x210.jpg 210w\" sizes=\"auto, (max-width: 1000px) 100vw, 1000px\" \/><\/a><\/p>\n<p><a href=\"https:\/\/pouce-et-compagnie.lu\/atelier\/wp-content\/uploads\/2018\/12\/Pouce-et-Compagnie_tournure_05.jpg\"><img loading=\"lazy\" decoding=\"async\" class=\"alignnone size-full wp-image-741\" src=\"https:\/\/pouce-et-compagnie.lu\/atelier\/wp-content\/uploads\/2018\/12\/Pouce-et-Compagnie_tournure_05.jpg\" alt=\"Robe XIX\u00e8 si\u00e8cle \u00e0 tournure\" width=\"1000\" height=\"1000\" srcset=\"https:\/\/pouce-et-compagnie.lu\/atelier\/wp-content\/uploads\/2018\/12\/Pouce-et-Compagnie_tournure_05.jpg 1000w, https:\/\/pouce-et-compagnie.lu\/atelier\/wp-content\/uploads\/2018\/12\/Pouce-et-Compagnie_tournure_05-150x150.jpg 150w, https:\/\/pouce-et-compagnie.lu\/atelier\/wp-content\/uploads\/2018\/12\/Pouce-et-Compagnie_tournure_05-300x300.jpg 300w, https:\/\/pouce-et-compagnie.lu\/atelier\/wp-content\/uploads\/2018\/12\/Pouce-et-Compagnie_tournure_05-768x768.jpg 768w, https:\/\/pouce-et-compagnie.lu\/atelier\/wp-content\/uploads\/2018\/12\/Pouce-et-Compagnie_tournure_05-500x500.jpg 500w, https:\/\/pouce-et-compagnie.lu\/atelier\/wp-content\/uploads\/2018\/12\/Pouce-et-Compagnie_tournure_05-210x210.jpg 210w\" sizes=\"auto, (max-width: 1000px) 100vw, 1000px\" \/><\/a><\/p>\n<div id=\"attachment_742\" class=\"wp-caption alignnone\" style=\"width: 3199px\"><a href=\"https:\/\/pouce-et-compagnie.lu\/atelier\/wp-content\/uploads\/2018\/12\/In_the_conservatory_by_James_Tissot.jpg\"><img loading=\"lazy\" decoding=\"async\" class=\"size-full wp-image-742\" src=\"https:\/\/pouce-et-compagnie.lu\/atelier\/wp-content\/uploads\/2018\/12\/In_the_conservatory_by_James_Tissot.jpg\" alt=\"\" width=\"3199\" height=\"2400\" srcset=\"https:\/\/pouce-et-compagnie.lu\/atelier\/wp-content\/uploads\/2018\/12\/In_the_conservatory_by_James_Tissot.jpg 3199w, https:\/\/pouce-et-compagnie.lu\/atelier\/wp-content\/uploads\/2018\/12\/In_the_conservatory_by_James_Tissot-300x225.jpg 300w, https:\/\/pouce-et-compagnie.lu\/atelier\/wp-content\/uploads\/2018\/12\/In_the_conservatory_by_James_Tissot-768x576.jpg 768w, https:\/\/pouce-et-compagnie.lu\/atelier\/wp-content\/uploads\/2018\/12\/In_the_conservatory_by_James_Tissot-1024x768.jpg 1024w, https:\/\/pouce-et-compagnie.lu\/atelier\/wp-content\/uploads\/2018\/12\/In_the_conservatory_by_James_Tissot-500x375.jpg 500w\" sizes=\"auto, (max-width: 3199px) 100vw, 3199px\" \/><\/a><p class=\"wp-caption-text\">In the Conservatory (Rivals)<br \/>*signed b.l.: J. J. Tissot<br \/>*oil on canvas<br \/>*38.4 x 51.1 cm.<\/p><\/div>\n<p><a href=\"https:\/\/pouce-et-compagnie.lu\/atelier\/wp-content\/uploads\/2018\/12\/Pouce-et-Compagnie_tournure_06.jpg\"><img loading=\"lazy\" decoding=\"async\" class=\"alignnone size-full wp-image-743\" src=\"https:\/\/pouce-et-compagnie.lu\/atelier\/wp-content\/uploads\/2018\/12\/Pouce-et-Compagnie_tournure_06.jpg\" alt=\"Robe XIX\u00e8 si\u00e8cle \u00e0 tournure\" width=\"1000\" height=\"1000\" srcset=\"https:\/\/pouce-et-compagnie.lu\/atelier\/wp-content\/uploads\/2018\/12\/Pouce-et-Compagnie_tournure_06.jpg 1000w, https:\/\/pouce-et-compagnie.lu\/atelier\/wp-content\/uploads\/2018\/12\/Pouce-et-Compagnie_tournure_06-150x150.jpg 150w, https:\/\/pouce-et-compagnie.lu\/atelier\/wp-content\/uploads\/2018\/12\/Pouce-et-Compagnie_tournure_06-300x300.jpg 300w, https:\/\/pouce-et-compagnie.lu\/atelier\/wp-content\/uploads\/2018\/12\/Pouce-et-Compagnie_tournure_06-768x768.jpg 768w, https:\/\/pouce-et-compagnie.lu\/atelier\/wp-content\/uploads\/2018\/12\/Pouce-et-Compagnie_tournure_06-500x500.jpg 500w, https:\/\/pouce-et-compagnie.lu\/atelier\/wp-content\/uploads\/2018\/12\/Pouce-et-Compagnie_tournure_06-210x210.jpg 210w\" sizes=\"auto, (max-width: 1000px) 100vw, 1000px\" \/><\/a><a href=\"https:\/\/pouce-et-compagnie.lu\/atelier\/wp-content\/uploads\/2018\/12\/Pouce-et-Compagnie_tournure_07.jpg\"><img loading=\"lazy\" decoding=\"async\" class=\"alignnone size-full wp-image-744\" src=\"https:\/\/pouce-et-compagnie.lu\/atelier\/wp-content\/uploads\/2018\/12\/Pouce-et-Compagnie_tournure_07.jpg\" alt=\"Robe XIX\u00e8 si\u00e8cle \u00e0 tournure\" width=\"1000\" height=\"1000\" srcset=\"https:\/\/pouce-et-compagnie.lu\/atelier\/wp-content\/uploads\/2018\/12\/Pouce-et-Compagnie_tournure_07.jpg 1000w, https:\/\/pouce-et-compagnie.lu\/atelier\/wp-content\/uploads\/2018\/12\/Pouce-et-Compagnie_tournure_07-150x150.jpg 150w, https:\/\/pouce-et-compagnie.lu\/atelier\/wp-content\/uploads\/2018\/12\/Pouce-et-Compagnie_tournure_07-300x300.jpg 300w, https:\/\/pouce-et-compagnie.lu\/atelier\/wp-content\/uploads\/2018\/12\/Pouce-et-Compagnie_tournure_07-768x768.jpg 768w, https:\/\/pouce-et-compagnie.lu\/atelier\/wp-content\/uploads\/2018\/12\/Pouce-et-Compagnie_tournure_07-500x500.jpg 500w, https:\/\/pouce-et-compagnie.lu\/atelier\/wp-content\/uploads\/2018\/12\/Pouce-et-Compagnie_tournure_07-210x210.jpg 210w\" sizes=\"auto, (max-width: 1000px) 100vw, 1000px\" \/><\/a><a href=\"https:\/\/pouce-et-compagnie.lu\/atelier\/wp-content\/uploads\/2018\/12\/Pouce-et-Compagnie_queue_ecrevisse_tournure.jpg\"><img loading=\"lazy\" decoding=\"async\" class=\"alignnone size-full wp-image-745\" src=\"https:\/\/pouce-et-compagnie.lu\/atelier\/wp-content\/uploads\/2018\/12\/Pouce-et-Compagnie_queue_ecrevisse_tournure.jpg\" alt=\"Queue d'\u00e9crevisse\" width=\"1000\" height=\"1000\" srcset=\"https:\/\/pouce-et-compagnie.lu\/atelier\/wp-content\/uploads\/2018\/12\/Pouce-et-Compagnie_queue_ecrevisse_tournure.jpg 1000w, https:\/\/pouce-et-compagnie.lu\/atelier\/wp-content\/uploads\/2018\/12\/Pouce-et-Compagnie_queue_ecrevisse_tournure-150x150.jpg 150w, https:\/\/pouce-et-compagnie.lu\/atelier\/wp-content\/uploads\/2018\/12\/Pouce-et-Compagnie_queue_ecrevisse_tournure-300x300.jpg 300w, https:\/\/pouce-et-compagnie.lu\/atelier\/wp-content\/uploads\/2018\/12\/Pouce-et-Compagnie_queue_ecrevisse_tournure-768x768.jpg 768w, https:\/\/pouce-et-compagnie.lu\/atelier\/wp-content\/uploads\/2018\/12\/Pouce-et-Compagnie_queue_ecrevisse_tournure-500x500.jpg 500w, https:\/\/pouce-et-compagnie.lu\/atelier\/wp-content\/uploads\/2018\/12\/Pouce-et-Compagnie_queue_ecrevisse_tournure-210x210.jpg 210w\" sizes=\"auto, (max-width: 1000px) 100vw, 1000px\" \/><\/a><\/p>\n","protected":false},"excerpt":{"rendered":"<p>Robes XIX\u00e8 si\u00e8cle port\u00e9es sur une queue d&rsquo;\u00e9crevisse.<\/p>\n","protected":false},"author":1,"featured_media":0,"parent":327,"menu_order":0,"comment_status":"closed","ping_status":"closed","template":"","meta":{"footnotes":""},"class_list":["post-738","page","type-page","status-publish","hentry"],"_links":{"self":[{"href":"https:\/\/pouce-et-compagnie.lu\/index.php\/wp-json\/wp\/v2\/pages\/738","targetHints":{"allow":["GET"]}}],"collection":[{"href":"https:\/\/pouce-et-compagnie.lu\/index.php\/wp-json\/wp\/v2\/pages"}],"about":[{"href":"https:\/\/pouce-et-compagnie.lu\/index.php\/wp-json\/wp\/v2\/types\/page"}],"author":[{"embeddable":true,"href":"https:\/\/pouce-et-compagnie.lu\/index.php\/wp-json\/wp\/v2\/users\/1"}],"replies":[{"embeddable":true,"href":"https:\/\/pouce-et-compagnie.lu\/index.php\/wp-json\/wp\/v2\/comments?post=738"}],"version-history":[{"count":1,"href":"https:\/\/pouce-et-compagnie.lu\/index.php\/wp-json\/wp\/v2\/pages\/738\/revisions"}],"predecessor-version":[{"id":746,"href":"https:\/\/pouce-et-compagnie.lu\/index.php\/wp-json\/wp\/v2\/pages\/738\/revisions\/746"}],"up":[{"embeddable":true,"href":"https:\/\/pouce-et-compagnie.lu\/index.php\/wp-json\/wp\/v2\/pages\/327"}],"wp:attachment":[{"href":"https:\/\/pouce-et-compagnie.lu\/index.php\/wp-json\/wp\/v2\/media?parent=738"}],"curies":[{"name":"wp","href":"https:\/\/api.w.org\/{rel}","templated":true}]}}