{"id":762,"date":"2019-09-09T19:11:26","date_gmt":"2019-09-09T18:11:26","guid":{"rendered":"https:\/\/pouce-et-compagnie.lu\/?page_id=762"},"modified":"2019-09-09T19:22:38","modified_gmt":"2019-09-09T18:22:38","slug":"chateau-de-chambord-atelier-a-la-table-du-roy","status":"publish","type":"page","link":"https:\/\/pouce-et-compagnie.lu\/index.php\/realisations\/realisations-pour-levenementiel-et-expositions\/chateau-de-chambord-atelier-a-la-table-du-roy\/","title":{"rendered":"Ch\u00e2teau de Chambord- atelier A la table du Roy"},"content":{"rendered":"\n<p>R\u00e9alisation de costumes enfants pour les diff\u00e9rents r\u00f4les de la table du Roy : Fran\u00e7ois 1er, son \u00e9pouse, des nobles, des serviteurs, &#8230;<\/p>\n\n\n\n<p>Toutes les photos ci-dessous sont la propri\u00e9t\u00e9 de Sophie Lloyd et ne peuvent \u00eatre utilis\u00e9es sans son consentement. D&rsquo;avance merci.<\/p>\n\n\n\n<ul class=\"wp-block-gallery columns-3 is-cropped wp-block-gallery-1 is-layout-flex wp-block-gallery-is-layout-flex\"><li class=\"blocks-gallery-item\"><figure><img loading=\"lazy\" decoding=\"async\" width=\"1024\" height=\"683\" src=\"https:\/\/pouce-et-compagnie.lu\/atelier\/wp-content\/uploads\/2019\/09\/SL-1035-\u00a9-Chambord.-Photo-Sophie-Lloyd-1024x683.jpg\" alt=\"\" data-id=\"763\" data-link=\"https:\/\/pouce-et-compagnie.lu\/?attachment_id=763#main\" class=\"wp-image-763\" srcset=\"https:\/\/pouce-et-compagnie.lu\/atelier\/wp-content\/uploads\/2019\/09\/SL-1035-\u00a9-Chambord.-Photo-Sophie-Lloyd-1024x683.jpg 1024w, https:\/\/pouce-et-compagnie.lu\/atelier\/wp-content\/uploads\/2019\/09\/SL-1035-\u00a9-Chambord.-Photo-Sophie-Lloyd-300x200.jpg 300w, https:\/\/pouce-et-compagnie.lu\/atelier\/wp-content\/uploads\/2019\/09\/SL-1035-\u00a9-Chambord.-Photo-Sophie-Lloyd-768x512.jpg 768w, https:\/\/pouce-et-compagnie.lu\/atelier\/wp-content\/uploads\/2019\/09\/SL-1035-\u00a9-Chambord.-Photo-Sophie-Lloyd-500x333.jpg 500w, https:\/\/pouce-et-compagnie.lu\/atelier\/wp-content\/uploads\/2019\/09\/SL-1035-\u00a9-Chambord.-Photo-Sophie-Lloyd.jpg 1200w\" sizes=\"auto, (max-width: 1024px) 100vw, 1024px\" \/><figcaption>Arriv\u00e9e du portant \u00e0 costumes. Copyright Sophie Lloyd<\/figcaption><\/figure><\/li><li class=\"blocks-gallery-item\"><figure><img loading=\"lazy\" decoding=\"async\" width=\"1024\" height=\"683\" src=\"https:\/\/pouce-et-compagnie.lu\/atelier\/wp-content\/uploads\/2019\/09\/SL-1046-\u00a9-Chambord.-Photo-Sophie-Lloyd-1024x683.jpg\" alt=\"\" data-id=\"764\" data-link=\"https:\/\/pouce-et-compagnie.lu\/?attachment_id=764#main\" class=\"wp-image-764\" srcset=\"https:\/\/pouce-et-compagnie.lu\/atelier\/wp-content\/uploads\/2019\/09\/SL-1046-\u00a9-Chambord.-Photo-Sophie-Lloyd-1024x683.jpg 1024w, https:\/\/pouce-et-compagnie.lu\/atelier\/wp-content\/uploads\/2019\/09\/SL-1046-\u00a9-Chambord.-Photo-Sophie-Lloyd-300x200.jpg 300w, https:\/\/pouce-et-compagnie.lu\/atelier\/wp-content\/uploads\/2019\/09\/SL-1046-\u00a9-Chambord.-Photo-Sophie-Lloyd-768x512.jpg 768w, https:\/\/pouce-et-compagnie.lu\/atelier\/wp-content\/uploads\/2019\/09\/SL-1046-\u00a9-Chambord.-Photo-Sophie-Lloyd-500x333.jpg 500w, https:\/\/pouce-et-compagnie.lu\/atelier\/wp-content\/uploads\/2019\/09\/SL-1046-\u00a9-Chambord.-Photo-Sophie-Lloyd.jpg 1200w\" sizes=\"auto, (max-width: 1024px) 100vw, 1024px\" \/><figcaption>L&rsquo;habillage du Roy. Copyright Sophie Lloyd<\/figcaption><\/figure><\/li><li class=\"blocks-gallery-item\"><figure><img loading=\"lazy\" decoding=\"async\" width=\"683\" height=\"1024\" src=\"https:\/\/pouce-et-compagnie.lu\/atelier\/wp-content\/uploads\/2019\/09\/SL-1052-\u00a9-Chambord.-Photo-Sophie-Lloyd-683x1024.jpg\" alt=\"\" data-id=\"765\" data-link=\"https:\/\/pouce-et-compagnie.lu\/?attachment_id=765#main\" class=\"wp-image-765\" srcset=\"https:\/\/pouce-et-compagnie.lu\/atelier\/wp-content\/uploads\/2019\/09\/SL-1052-\u00a9-Chambord.-Photo-Sophie-Lloyd-683x1024.jpg 683w, https:\/\/pouce-et-compagnie.lu\/atelier\/wp-content\/uploads\/2019\/09\/SL-1052-\u00a9-Chambord.-Photo-Sophie-Lloyd-200x300.jpg 200w, https:\/\/pouce-et-compagnie.lu\/atelier\/wp-content\/uploads\/2019\/09\/SL-1052-\u00a9-Chambord.-Photo-Sophie-Lloyd-768x1152.jpg 768w, https:\/\/pouce-et-compagnie.lu\/atelier\/wp-content\/uploads\/2019\/09\/SL-1052-\u00a9-Chambord.-Photo-Sophie-Lloyd-500x750.jpg 500w, https:\/\/pouce-et-compagnie.lu\/atelier\/wp-content\/uploads\/2019\/09\/SL-1052-\u00a9-Chambord.-Photo-Sophie-Lloyd.jpg 800w\" sizes=\"auto, (max-width: 683px) 100vw, 683px\" \/><figcaption>Habillage de la Reine. Copyright Sophie Lloyd<\/figcaption><\/figure><\/li><li class=\"blocks-gallery-item\"><figure><img loading=\"lazy\" decoding=\"async\" width=\"1024\" height=\"683\" src=\"https:\/\/pouce-et-compagnie.lu\/atelier\/wp-content\/uploads\/2019\/09\/SL-1060-\u00a9-Chambord.-Photo-Sophie-Lloyd-1024x683.jpg\" alt=\"\" data-id=\"766\" data-link=\"https:\/\/pouce-et-compagnie.lu\/?attachment_id=766#main\" class=\"wp-image-766\" srcset=\"https:\/\/pouce-et-compagnie.lu\/atelier\/wp-content\/uploads\/2019\/09\/SL-1060-\u00a9-Chambord.-Photo-Sophie-Lloyd-1024x683.jpg 1024w, https:\/\/pouce-et-compagnie.lu\/atelier\/wp-content\/uploads\/2019\/09\/SL-1060-\u00a9-Chambord.-Photo-Sophie-Lloyd-300x200.jpg 300w, https:\/\/pouce-et-compagnie.lu\/atelier\/wp-content\/uploads\/2019\/09\/SL-1060-\u00a9-Chambord.-Photo-Sophie-Lloyd-768x512.jpg 768w, https:\/\/pouce-et-compagnie.lu\/atelier\/wp-content\/uploads\/2019\/09\/SL-1060-\u00a9-Chambord.-Photo-Sophie-Lloyd-500x333.jpg 500w, https:\/\/pouce-et-compagnie.lu\/atelier\/wp-content\/uploads\/2019\/09\/SL-1060-\u00a9-Chambord.-Photo-Sophie-Lloyd.jpg 1200w\" sizes=\"auto, (max-width: 1024px) 100vw, 1024px\" \/><figcaption>Les dames de cour. Copyright Sophie Lloyd<\/figcaption><\/figure><\/li><li class=\"blocks-gallery-item\"><figure><img loading=\"lazy\" decoding=\"async\" width=\"1024\" height=\"683\" src=\"https:\/\/pouce-et-compagnie.lu\/atelier\/wp-content\/uploads\/2019\/09\/SL-1106-\u00a9-Chambord.-Photo-Sophie-Lloyd-1024x683.jpg\" alt=\"\" data-id=\"767\" data-link=\"https:\/\/pouce-et-compagnie.lu\/?attachment_id=767#main\" class=\"wp-image-767\" srcset=\"https:\/\/pouce-et-compagnie.lu\/atelier\/wp-content\/uploads\/2019\/09\/SL-1106-\u00a9-Chambord.-Photo-Sophie-Lloyd-1024x683.jpg 1024w, https:\/\/pouce-et-compagnie.lu\/atelier\/wp-content\/uploads\/2019\/09\/SL-1106-\u00a9-Chambord.-Photo-Sophie-Lloyd-300x200.jpg 300w, https:\/\/pouce-et-compagnie.lu\/atelier\/wp-content\/uploads\/2019\/09\/SL-1106-\u00a9-Chambord.-Photo-Sophie-Lloyd-768x512.jpg 768w, https:\/\/pouce-et-compagnie.lu\/atelier\/wp-content\/uploads\/2019\/09\/SL-1106-\u00a9-Chambord.-Photo-Sophie-Lloyd-500x333.jpg 500w, https:\/\/pouce-et-compagnie.lu\/atelier\/wp-content\/uploads\/2019\/09\/SL-1106-\u00a9-Chambord.-Photo-Sophie-Lloyd.jpg 1200w\" sizes=\"auto, (max-width: 1024px) 100vw, 1024px\" \/><figcaption>Les serviteurs dressent la table. Copyright Sophie Lloyd<\/figcaption><\/figure><\/li><li class=\"blocks-gallery-item\"><figure><img loading=\"lazy\" decoding=\"async\" width=\"683\" height=\"1024\" src=\"https:\/\/pouce-et-compagnie.lu\/atelier\/wp-content\/uploads\/2019\/09\/SL-1152-\u00a9-Chambord.-Photo-Sophie-Lloyd-683x1024.jpg\" alt=\"\" data-id=\"768\" data-link=\"https:\/\/pouce-et-compagnie.lu\/?attachment_id=768#main\" class=\"wp-image-768\" srcset=\"https:\/\/pouce-et-compagnie.lu\/atelier\/wp-content\/uploads\/2019\/09\/SL-1152-\u00a9-Chambord.-Photo-Sophie-Lloyd-683x1024.jpg 683w, https:\/\/pouce-et-compagnie.lu\/atelier\/wp-content\/uploads\/2019\/09\/SL-1152-\u00a9-Chambord.-Photo-Sophie-Lloyd-200x300.jpg 200w, https:\/\/pouce-et-compagnie.lu\/atelier\/wp-content\/uploads\/2019\/09\/SL-1152-\u00a9-Chambord.-Photo-Sophie-Lloyd-768x1152.jpg 768w, https:\/\/pouce-et-compagnie.lu\/atelier\/wp-content\/uploads\/2019\/09\/SL-1152-\u00a9-Chambord.-Photo-Sophie-Lloyd-500x750.jpg 500w, https:\/\/pouce-et-compagnie.lu\/atelier\/wp-content\/uploads\/2019\/09\/SL-1152-\u00a9-Chambord.-Photo-Sophie-Lloyd.jpg 800w\" sizes=\"auto, (max-width: 683px) 100vw, 683px\" \/><figcaption>Le Roy est pr\u00eat. Copyright Sophie Lloyd<\/figcaption><\/figure><\/li><li class=\"blocks-gallery-item\"><figure><img loading=\"lazy\" decoding=\"async\" width=\"1024\" height=\"683\" src=\"https:\/\/pouce-et-compagnie.lu\/atelier\/wp-content\/uploads\/2019\/09\/SL-1160-\u00a9-Chambord.-Photo-Sophie-Lloyd-1024x683.jpg\" alt=\"\" data-id=\"769\" data-link=\"https:\/\/pouce-et-compagnie.lu\/?attachment_id=769#main\" class=\"wp-image-769\" srcset=\"https:\/\/pouce-et-compagnie.lu\/atelier\/wp-content\/uploads\/2019\/09\/SL-1160-\u00a9-Chambord.-Photo-Sophie-Lloyd-1024x683.jpg 1024w, https:\/\/pouce-et-compagnie.lu\/atelier\/wp-content\/uploads\/2019\/09\/SL-1160-\u00a9-Chambord.-Photo-Sophie-Lloyd-300x200.jpg 300w, https:\/\/pouce-et-compagnie.lu\/atelier\/wp-content\/uploads\/2019\/09\/SL-1160-\u00a9-Chambord.-Photo-Sophie-Lloyd-768x512.jpg 768w, https:\/\/pouce-et-compagnie.lu\/atelier\/wp-content\/uploads\/2019\/09\/SL-1160-\u00a9-Chambord.-Photo-Sophie-Lloyd-500x333.jpg 500w, https:\/\/pouce-et-compagnie.lu\/atelier\/wp-content\/uploads\/2019\/09\/SL-1160-\u00a9-Chambord.-Photo-Sophie-Lloyd.jpg 1200w\" sizes=\"auto, (max-width: 1024px) 100vw, 1024px\" \/><figcaption>La Reine est servie. Copyright Sophie Lloyd<\/figcaption><\/figure><\/li><li class=\"blocks-gallery-item\"><figure><img loading=\"lazy\" decoding=\"async\" width=\"1024\" height=\"683\" src=\"https:\/\/pouce-et-compagnie.lu\/atelier\/wp-content\/uploads\/2019\/09\/SL-1204-\u00a9-Chambord.-Photo-Sophie-Lloyd-1024x683.jpg\" alt=\"\" data-id=\"770\" data-link=\"https:\/\/pouce-et-compagnie.lu\/?attachment_id=770#main\" class=\"wp-image-770\" srcset=\"https:\/\/pouce-et-compagnie.lu\/atelier\/wp-content\/uploads\/2019\/09\/SL-1204-\u00a9-Chambord.-Photo-Sophie-Lloyd-1024x683.jpg 1024w, https:\/\/pouce-et-compagnie.lu\/atelier\/wp-content\/uploads\/2019\/09\/SL-1204-\u00a9-Chambord.-Photo-Sophie-Lloyd-300x200.jpg 300w, https:\/\/pouce-et-compagnie.lu\/atelier\/wp-content\/uploads\/2019\/09\/SL-1204-\u00a9-Chambord.-Photo-Sophie-Lloyd-768x512.jpg 768w, https:\/\/pouce-et-compagnie.lu\/atelier\/wp-content\/uploads\/2019\/09\/SL-1204-\u00a9-Chambord.-Photo-Sophie-Lloyd-500x333.jpg 500w, https:\/\/pouce-et-compagnie.lu\/atelier\/wp-content\/uploads\/2019\/09\/SL-1204-\u00a9-Chambord.-Photo-Sophie-Lloyd.jpg 1200w\" sizes=\"auto, (max-width: 1024px) 100vw, 1024px\" \/><figcaption>La cour \u00e0 table. Copyright Sophie Lloyd<\/figcaption><\/figure><\/li><li class=\"blocks-gallery-item\"><figure><img loading=\"lazy\" decoding=\"async\" width=\"1024\" height=\"683\" src=\"https:\/\/pouce-et-compagnie.lu\/atelier\/wp-content\/uploads\/2019\/09\/SL-1217-\u00a9-Chambord.-Photo-Sophie-Lloyd-1024x683.jpg\" alt=\"\" data-id=\"771\" data-link=\"https:\/\/pouce-et-compagnie.lu\/?attachment_id=771#main\" class=\"wp-image-771\" srcset=\"https:\/\/pouce-et-compagnie.lu\/atelier\/wp-content\/uploads\/2019\/09\/SL-1217-\u00a9-Chambord.-Photo-Sophie-Lloyd-1024x683.jpg 1024w, https:\/\/pouce-et-compagnie.lu\/atelier\/wp-content\/uploads\/2019\/09\/SL-1217-\u00a9-Chambord.-Photo-Sophie-Lloyd-300x200.jpg 300w, https:\/\/pouce-et-compagnie.lu\/atelier\/wp-content\/uploads\/2019\/09\/SL-1217-\u00a9-Chambord.-Photo-Sophie-Lloyd-768x512.jpg 768w, https:\/\/pouce-et-compagnie.lu\/atelier\/wp-content\/uploads\/2019\/09\/SL-1217-\u00a9-Chambord.-Photo-Sophie-Lloyd-500x333.jpg 500w, https:\/\/pouce-et-compagnie.lu\/atelier\/wp-content\/uploads\/2019\/09\/SL-1217-\u00a9-Chambord.-Photo-Sophie-Lloyd.jpg 1200w\" sizes=\"auto, (max-width: 1024px) 100vw, 1024px\" \/><figcaption>Le jongleur entre en sc\u00e8ne. Copyright Sophie Lloyd<\/figcaption><\/figure><\/li><\/ul>\n","protected":false},"excerpt":{"rendered":"<p>R\u00e9alisation de costumes enfants pour les diff\u00e9rents r\u00f4les de la table du Roy : Fran\u00e7ois 1er, son \u00e9pouse, des nobles, des serviteurs, &#8230; Toutes les photos ci-dessous sont la propri\u00e9t\u00e9 de Sophie Lloyd et ne peuvent \u00eatre utilis\u00e9es sans son&#8230;<\/p>\n","protected":false},"author":1,"featured_media":0,"parent":532,"menu_order":0,"comment_status":"closed","ping_status":"closed","template":"","meta":{"footnotes":""},"class_list":["post-762","page","type-page","status-publish","hentry"],"_links":{"self":[{"href":"https:\/\/pouce-et-compagnie.lu\/index.php\/wp-json\/wp\/v2\/pages\/762","targetHints":{"allow":["GET"]}}],"collection":[{"href":"https:\/\/pouce-et-compagnie.lu\/index.php\/wp-json\/wp\/v2\/pages"}],"about":[{"href":"https:\/\/pouce-et-compagnie.lu\/index.php\/wp-json\/wp\/v2\/types\/page"}],"author":[{"embeddable":true,"href":"https:\/\/pouce-et-compagnie.lu\/index.php\/wp-json\/wp\/v2\/users\/1"}],"replies":[{"embeddable":true,"href":"https:\/\/pouce-et-compagnie.lu\/index.php\/wp-json\/wp\/v2\/comments?post=762"}],"version-history":[{"count":1,"href":"https:\/\/pouce-et-compagnie.lu\/index.php\/wp-json\/wp\/v2\/pages\/762\/revisions"}],"predecessor-version":[{"id":772,"href":"https:\/\/pouce-et-compagnie.lu\/index.php\/wp-json\/wp\/v2\/pages\/762\/revisions\/772"}],"up":[{"embeddable":true,"href":"https:\/\/pouce-et-compagnie.lu\/index.php\/wp-json\/wp\/v2\/pages\/532"}],"wp:attachment":[{"href":"https:\/\/pouce-et-compagnie.lu\/index.php\/wp-json\/wp\/v2\/media?parent=762"}],"curies":[{"name":"wp","href":"https:\/\/api.w.org\/{rel}","templated":true}]}}