{"id":868,"date":"2020-09-14T16:17:09","date_gmt":"2020-09-14T15:17:09","guid":{"rendered":"https:\/\/pouce-et-compagnie.lu\/?page_id=868"},"modified":"2025-02-27T17:18:21","modified_gmt":"2025-02-27T16:18:21","slug":"tarifs-des-retouches","status":"publish","type":"page","link":"https:\/\/pouce-et-compagnie.lu\/index.php\/tarifs-des-retouches\/","title":{"rendered":"Tarifs des retouches 2025"},"content":{"rendered":"\n<p><strong>Les prix sont indiqu\u00e9s en euros TTC,<\/strong> <strong>la TVA de 17% est incluse.<\/strong><\/p>\n\n\n\n<p><strong>Retouches standards&nbsp;:<\/strong> <\/p>\n\n\n\n<div class=\"wp-block-group\"><div class=\"wp-block-group__inner-container is-layout-flow wp-block-group-is-layout-flow\">\n<div class=\"wp-block-group\"><div class=\"wp-block-group__inner-container is-layout-flow wp-block-group-is-layout-flow\">\n<p><strong>Pantalon<\/strong><\/p>\n\n\n\n<ul class=\"wp-block-list\">\n<li>Ourlet simple machine 15<\/li>\n\n\n\n<li>Ourlet invisible main 18<\/li>\n\n\n\n<li>Ourlet talonnette \u00e0 la main 25<\/li>\n\n\n\n<li>Ourlet authentique jeans 20<\/li>\n\n\n\n<li>Ourlet revers 18<\/li>\n\n\n\n<li>Ourlet avec fente 18<\/li>\n\n\n\n<li>Reprendre le bas d&rsquo;un pantalon en largeur 15<\/li>\n\n\n\n<li>Reprendre les c\u00f4tes d&rsquo;un pantalon \u00e0 partir de la taille mais sans reprendre la taille 20, idem \u00a0avec surpiq\u00fbre 25<\/li>\n\n\n\n<li>Changer la fermeture zip sur un jean 50+ prix de la fermeture<\/li>\n\n\n\n<li>Changer la fermeture zip sur un pantalon de costume 50 + prix de la fermeture<\/li>\n\n\n\n<li>\u00c9largir\/retr\u00e9cir la ceinture : 25<\/li>\n\n\n\n<li>Refaire le fond d&rsquo;une poche 10<\/li>\n<\/ul>\n<\/div><\/div>\n<\/div><\/div>\n\n\n\n<p><strong>Jupe \/ bas de robe<\/strong><\/p>\n\n\n\n<ul class=\"wp-block-list\">\n<li>Raccourcir une jupe droite simple sans doublure \u00e0 la machine 15 <\/li>\n\n\n\n<li>Raccourcir une jupe droite simple avec doublure \u00e0 la machine 30<\/li>\n\n\n\n<li>Raccourcir une jupe longue de soir\u00e9e, doublure comme une seconde jupe \u00e0 la machine 40<\/li>\n\n\n\n<li>Raccourcir une jupe avec fente sans doublure \u00e0 la machine 25<\/li>\n\n\n\n<li>Raccourcir une jupe avec fente et doublure \u00e0 la machine 40<\/li>\n\n\n\n<li>+5 si l&rsquo;ourlet est fait main<\/li>\n\n\n\n<li>R\u00e9tr\u00e9cir les c\u00f4t\u00e9s d&rsquo;une jupe simple \u00e0 partir de la taille mais sans reprendre la taille 25<\/li>\n\n\n\n<li>R\u00e9tr\u00e9cir les c\u00f4t\u00e9s d&rsquo;une jupe simple avec taille et doublure 35<\/li>\n\n\n\n<li>Changer une fermeture sur une jupe simple non doubl\u00e9e 25 et sur une jupe avec doublure 35 + de la prix fermeture<\/li>\n\n\n\n<li>Changer une fermeture invisible sans doublure 30 avec doublure 40<\/li>\n\n\n\n<li>Changer la doublure 50 + prix de la doublure<\/li>\n<\/ul>\n\n\n\n<p><strong>Robe<\/strong><\/p>\n\n\n\n<ul class=\"wp-block-list\">\n<li>Reprendre sous les bras simple \u00e9paisseur 20<\/li>\n\n\n\n<li>Reprendre sous les bras avec doublure 40<\/li>\n\n\n\n<li>Reprendre les c\u00f4t\u00e9s jusqu&rsquo;en bas sur une robe simple 22<\/li>\n\n\n\n<li>Reprendre les c\u00f4t\u00e9s jusqu&rsquo;en bas avec fermeture 45<\/li>\n\n\n\n<li>Reprendre les c\u00f4t\u00e9s jusqu&rsquo;en bas avec doublure 44<\/li>\n\n\n\n<li>Raccourcir les bretelles simple \u00e9paisseur 15<\/li>\n\n\n\n<li>Raccourcir les bretelles avec doublure 30<\/li>\n\n\n\n<li>Changer une fermeture invisible 30 + prix de la fermeture<\/li>\n<\/ul>\n\n\n\n<p><strong>Manteau et veste<\/strong><\/p>\n\n\n\n<ul class=\"wp-block-list\">\n<li>Raccourcir un manteau non doubl\u00e9 25 avec doublure 50<\/li>\n\n\n\n<li>Raccourcir un manteau avec fente non doubl\u00e9 50 avec doublure 75<\/li>\n\n\n\n<li>Raccourcir des manches simples 20 avec doublure 30<\/li>\n\n\n\n<li>Raccourcir des manches avec fente 30 avec doublure 50<\/li>\n\n\n\n<li>Raccourcir des manches de costume homme 50<\/li>\n\n\n\n<li>Changer une fermeture zip simple 30 + prix de la fermeture<\/li>\n\n\n\n<li>Changer une fermeture zip en pr\u00e9sence de boutons ou pressions ou patte : 55 euros + prix de la fermeture <\/li>\n<\/ul>\n\n\n\n<p><strong>Chemise<\/strong><\/p>\n\n\n\n<ul class=\"wp-block-list\">\n<li>Raccourcir des manches sans parement 20<\/li>\n\n\n\n<li>Raccourcir des manches avec parement 30<\/li>\n\n\n\n<li>Raccourcir une longueur 15 avec arrondi 20 (+5 avec fente)<\/li>\n\n\n\n<li>R\u00e9duire la carrure aux \u00e9paules 50<\/li>\n<\/ul>\n\n\n\n<p>Les v\u00eatements \u00e0 retoucher doivent \u00eatre d\u00e9pos\u00e9s propres \u00e0 l\u2019atelier sur rendez-vous.<\/p>\n\n\n\n<p><\/p>\n\n\n\n<p><strong>Retouches non standard&nbsp;: sur devis<\/strong><\/p>\n\n\n\n<p><strong>Retouches \u00e0 domicile<\/strong>&nbsp;: Anne-Marie Schwartz se d\u00e9place \u00e0 votre domicile avec sa machine et le mat\u00e9riel de base pour effectuer les retouches sur place. La prestation est factur\u00e9e 60 euros TTC de l\u2019heure, auxquels s\u2019ajoutent des frais de d\u00e9placement et de mat\u00e9riel. Le minimum de facturation est d\u2019une heure.<\/p>\n","protected":false},"excerpt":{"rendered":"<p>Les prix sont indiqu\u00e9s en euros TTC, la TVA de 17% est incluse. Retouches standards&nbsp;: Pantalon Jupe \/ bas de robe Robe Manteau et veste Chemise Les v\u00eatements \u00e0 retoucher doivent \u00eatre d\u00e9pos\u00e9s propres \u00e0 l\u2019atelier sur rendez-vous. Retouches non&#8230;<\/p>\n","protected":false},"author":1,"featured_media":0,"parent":0,"menu_order":0,"comment_status":"closed","ping_status":"closed","template":"","meta":{"footnotes":""},"class_list":["post-868","page","type-page","status-publish","hentry"],"_links":{"self":[{"href":"https:\/\/pouce-et-compagnie.lu\/index.php\/wp-json\/wp\/v2\/pages\/868","targetHints":{"allow":["GET"]}}],"collection":[{"href":"https:\/\/pouce-et-compagnie.lu\/index.php\/wp-json\/wp\/v2\/pages"}],"about":[{"href":"https:\/\/pouce-et-compagnie.lu\/index.php\/wp-json\/wp\/v2\/types\/page"}],"author":[{"embeddable":true,"href":"https:\/\/pouce-et-compagnie.lu\/index.php\/wp-json\/wp\/v2\/users\/1"}],"replies":[{"embeddable":true,"href":"https:\/\/pouce-et-compagnie.lu\/index.php\/wp-json\/wp\/v2\/comments?post=868"}],"version-history":[{"count":7,"href":"https:\/\/pouce-et-compagnie.lu\/index.php\/wp-json\/wp\/v2\/pages\/868\/revisions"}],"predecessor-version":[{"id":1204,"href":"https:\/\/pouce-et-compagnie.lu\/index.php\/wp-json\/wp\/v2\/pages\/868\/revisions\/1204"}],"wp:attachment":[{"href":"https:\/\/pouce-et-compagnie.lu\/index.php\/wp-json\/wp\/v2\/media?parent=868"}],"curies":[{"name":"wp","href":"https:\/\/api.w.org\/{rel}","templated":true}]}}