{"id":878,"date":"2020-09-14T17:32:55","date_gmt":"2020-09-14T16:32:55","guid":{"rendered":"https:\/\/pouce-et-compagnie.lu\/?page_id=878"},"modified":"2023-02-20T16:36:24","modified_gmt":"2023-02-20T15:36:24","slug":"cours-et-animations","status":"publish","type":"page","link":"https:\/\/pouce-et-compagnie.lu\/index.php\/cours-et-animations\/","title":{"rendered":"Cours et animations"},"content":{"rendered":"\n<p>Pouce et Compagnie vous propose des cours de couture enfant et adultes, ainsi que des animations pour enfants, bas\u00e9es sur les costumes, la couture et les figurines en carton. <\/p>\n\n\n\n<p>Les formules sont les suivantes, prix indiqu\u00e9s en euros TTC (TVA 17% incluse) :<\/p>\n\n\n\n<p><strong>Cours pour enfants en groupe :  <\/strong><\/p>\n\n\n\n<ul class=\"wp-block-list\">\n<li>les mardis et jeudis apr\u00e8s-midi selon le <a href=\"https:\/\/pouce-et-compagnie.lu\/index.php\/calendrier-des-cours\/\" data-type=\"page\" data-id=\"884\">calendrier<\/a>, de 14h \u00e0 16h30,<\/li>\n\n\n\n<li>4 enfants par cours au maximum<\/li>\n\n\n\n<li>minimum 6 ans<\/li>\n\n\n\n<li>autonomie requise<\/li>\n\n\n\n<li>les cours se font en fran\u00e7ais, anglais ou allemand.<\/li>\n\n\n\n<li>prix du cours de 2h30 : 40 euros TTC par participant auxquels s&rsquo;ajoutent les fournitures pour le projet.<\/li>\n\n\n\n<li>inscription pr\u00e9alable obligatoire<\/li>\n\n\n\n<li>si possible, apporter sa propre machine pour une meilleure prise en main<\/li>\n\n\n\n<li>sujet du cours annonc\u00e9 dans le calendrier<\/li>\n\n\n\n<li>lieu : Cl\u00e9mency, \u00e0 l&rsquo;atelier<\/li>\n\n\n\n<li>Possibilit\u00e9 de faire le cours ailleurs pour 4 enfants et \u00e0 une date convenue.(frais de d\u00e9placement \u00e0 pr\u00e9voir)<\/li>\n<\/ul>\n\n\n\n<p> <\/p>\n\n\n\n<p><strong>Cours individuels :<\/strong><\/p>\n\n\n\n<ul class=\"wp-block-list\">\n<li>adulte ou enfant<\/li>\n\n\n\n<li>\u00e0 l&rsquo;atelier \u00e0 Cl\u00e9mency ou au domicile du client. (frais de d\u00e9placement en sus)<\/li>\n\n\n\n<li>tout projet personnel : un v\u00eatement simple, un costume historique, un \u00e9l\u00e9ment de cosplay, une initiation, etc&#8230;<\/li>\n\n\n\n<li>sur rendez-vous et sur devis : le sujet, la dur\u00e9e, les modalit\u00e9s sont pr\u00e9cis\u00e9s et valid\u00e9s.<\/li>\n\n\n\n<li>possibilit\u00e9 de faire des cours \u00e0 plusieurs personnes en m\u00eame temps <\/li>\n\n\n\n<li>tarif de base  : 60 euros TTC de l&rsquo;heure<\/li>\n<\/ul>\n\n\n\n<p> <a href=\"https:\/\/pouce-et-compagnie.lu\/index.php\/contact\/\" data-type=\"page\" data-id=\"130\">Contactez-nous<\/a> pour vous inscrire ou avoir plus de renseignements.<\/p>\n\n\n\n<p><strong>Animations ponctuelles :<\/strong><\/p>\n\n\n\n<ul class=\"wp-block-list\">\n<li>dans des locaux professionnels ou au domicile d&rsquo;un particulier,<\/li>\n\n\n\n<li>pour animer un anniversaire, une manifestation ou une activit\u00e9 p\u00e9riscolaire,<\/li>\n\n\n\n<li>sur devis : tarif de base 60 euros TTC de l&rsquo;heure + mat\u00e9riel \u00e0 fournir selon le th\u00e8me retenu.<\/li>\n\n\n\n<li>exemples de th\u00e8mes : capes de super h\u00e9ros (chaque invit\u00e9 \u00e0 un anniversaire apprend \u00e0 faire sa propre cape, \u00e9ventuellement avec son masque, la personnalise et peut ensuite jouer avec les autres dans son propre costume), \u00e9p\u00e9es en mousse, tabliers de cuisine, figurines \u00e0 personnaliser, marionnettes, tutus, etc&#8230;<\/li>\n<\/ul>\n\n\n\n<p>Les mesures sanitaires doivent \u00eatre respect\u00e9es pendant les cours et animations : port du masque, distanciation sociale et lavage des mains sont obligatoires dans les conditions d\u00e9crites <a rel=\"noreferrer noopener\" href=\"https:\/\/coronavirus.gouvernement.lu\/fr\/pas-sans-mon-masque.html\" data-type=\"URL\" data-id=\"https:\/\/coronavirus.gouvernement.lu\/fr\/pas-sans-mon-masque.html\" target=\"_blank\">ici<\/a>, les cheveux longs doivent \u00eatre attach\u00e9s et il n&rsquo;est pas permis de go\u00fbter. Merci de votre compr\u00e9hension.<\/p>\n\n\n\n<p><a href=\"https:\/\/pouce-et-compagnie.lu\/index.php\/contact\/\">Contactez-nous<\/a> pour vous inscrire ou avoir plus de renseignements.<\/p>\n","protected":false},"excerpt":{"rendered":"<p>Pouce et Compagnie vous propose des cours de couture enfant et adultes, ainsi que des animations pour enfants, bas\u00e9es sur les costumes, la couture et les figurines en carton. Les formules sont les suivantes, prix indiqu\u00e9s en euros TTC (TVA&#8230;<\/p>\n","protected":false},"author":1,"featured_media":0,"parent":0,"menu_order":0,"comment_status":"closed","ping_status":"closed","template":"","meta":{"footnotes":""},"class_list":["post-878","page","type-page","status-publish","hentry"],"_links":{"self":[{"href":"https:\/\/pouce-et-compagnie.lu\/index.php\/wp-json\/wp\/v2\/pages\/878","targetHints":{"allow":["GET"]}}],"collection":[{"href":"https:\/\/pouce-et-compagnie.lu\/index.php\/wp-json\/wp\/v2\/pages"}],"about":[{"href":"https:\/\/pouce-et-compagnie.lu\/index.php\/wp-json\/wp\/v2\/types\/page"}],"author":[{"embeddable":true,"href":"https:\/\/pouce-et-compagnie.lu\/index.php\/wp-json\/wp\/v2\/users\/1"}],"replies":[{"embeddable":true,"href":"https:\/\/pouce-et-compagnie.lu\/index.php\/wp-json\/wp\/v2\/comments?post=878"}],"version-history":[{"count":11,"href":"https:\/\/pouce-et-compagnie.lu\/index.php\/wp-json\/wp\/v2\/pages\/878\/revisions"}],"predecessor-version":[{"id":1184,"href":"https:\/\/pouce-et-compagnie.lu\/index.php\/wp-json\/wp\/v2\/pages\/878\/revisions\/1184"}],"wp:attachment":[{"href":"https:\/\/pouce-et-compagnie.lu\/index.php\/wp-json\/wp\/v2\/media?parent=878"}],"curies":[{"name":"wp","href":"https:\/\/api.w.org\/{rel}","templated":true}]}}