{"id":884,"date":"2020-09-14T17:57:24","date_gmt":"2020-09-14T16:57:24","guid":{"rendered":"https:\/\/pouce-et-compagnie.lu\/?page_id=884"},"modified":"2023-02-20T16:36:54","modified_gmt":"2023-02-20T15:36:54","slug":"calendrier-des-cours","status":"publish","type":"page","link":"https:\/\/pouce-et-compagnie.lu\/index.php\/calendrier-des-cours\/","title":{"rendered":"Calendrier des cours"},"content":{"rendered":"\n<p>Les cours sont suspendus pour le moment.<\/p>\n\n\n\n<p><strong>date \u00e0 fixer<\/strong> : cours interm\u00e9diaire de 14h \u00e0 16h30<\/p>\n\n\n\n<p>Le cours permettra \u00e0 l\u2019enfant de se perfectionner en couture en confectionnant un pyjama (t-shirt et pantalon). Nous apprendrons \u00e0 utiliser un patron et aborderons diff\u00e9rentes techniques.<\/p>\n\n\n\n<p>Cours 40 euros TTC &#8211; Mat\u00e9riel 15 euros TTC<\/p>\n\n\n\n<p><strong>date \u00e0 fixer<\/strong> : cours d&rsquo;initiation de 14h \u00e0 16h30<\/p>\n\n\n\n<p>Le cours permettra \u00e0 l\u2019enfant de d\u00e9buter en couture : il s\u2019initiera \u00e0 la couture \u00e0 la main et \u00e0 la machine en r\u00e9alisant une cape de super h\u00e9ros et son masque qu&rsquo;il pourra utiliser pour se d\u00e9guiser. Nous aborderons diff\u00e9rentes techniques.<\/p>\n\n\n\n<p>Cours 40 euros TTC &#8211; Mat\u00e9riel 10 euros TTC<\/p>\n\n\n\n<p><strong>date \u00e0 fixer<\/strong>  : cours tous niveaux de 14h \u00e0 16h30.<\/p>\n\n\n\n<p>L&rsquo;enfant vient avec sa machine \u00e0 coudre, son projet et son mat\u00e9riel et pendant 2h30, il apprend \u00e0 le mener \u00e0 bien au travers de diff\u00e9rentes techniques. C&rsquo;est un cours \u00e0 la carte et je m&rsquo;adapte \u00e0 chaque enfant, \u00e0 chaque projet.<\/p>\n\n\n\n<p>Cours 40 euros TTC  &#8211; Mat\u00e9riel \u00e0 apporter ou \u00e0 acheter sur place en fonction du projet.<\/p>\n\n\n\n<p>Si l&rsquo;enfant n&rsquo;a pas de projet particulier, il aura la possibilit\u00e9 de faire un projet classique du cours : un tablier, une cape de super h\u00e9ros, un sac, etc&#8230;<\/p>\n\n\n\n<p>Merci de pr\u00e9ciser cette information au moment de l&rsquo;inscription.<\/p>\n\n\n\n<p>Le calendrier des cours suivants n&rsquo;est pas encore \u00e9tabli. Si vous avez envie de traiter un sujet en particulier, n&rsquo;h\u00e9sitez pas \u00e0 nous contacter.<\/p>\n\n\n\n<p>Pour vous inscrire, merci de compl\u00e9ter le formulaire ci-dessous:<\/p>\n\n\n\n<div class=\"wpcf7 no-js\" id=\"wpcf7-f897-o1\" lang=\"fr-FR\" dir=\"ltr\" data-wpcf7-id=\"897\">\n<div class=\"screen-reader-response\"><p role=\"status\" aria-live=\"polite\" aria-atomic=\"true\"><\/p> <ul><\/ul><\/div>\n<form action=\"\/index.php\/wp-json\/wp\/v2\/pages\/884#wpcf7-f897-o1\" method=\"post\" class=\"wpcf7-form init\" aria-label=\"Formulaire de contact\" novalidate=\"novalidate\" data-status=\"init\">\n<fieldset class=\"hidden-fields-container\"><input type=\"hidden\" name=\"_wpcf7\" value=\"897\" \/><input type=\"hidden\" name=\"_wpcf7_version\" value=\"6.1.5\" \/><input type=\"hidden\" name=\"_wpcf7_locale\" value=\"fr_FR\" \/><input type=\"hidden\" name=\"_wpcf7_unit_tag\" value=\"wpcf7-f897-o1\" \/><input type=\"hidden\" name=\"_wpcf7_container_post\" value=\"0\" \/><input type=\"hidden\" name=\"_wpcf7_posted_data_hash\" value=\"\" \/>\n<\/fieldset>\n<p><label> Pr\u00e9nom du participant (obligatoire)<br \/>\n<span class=\"wpcf7-form-control-wrap\" data-name=\"prenom\"><input size=\"40\" maxlength=\"400\" class=\"wpcf7-form-control wpcf7-text wpcf7-validates-as-required\" aria-required=\"true\" aria-invalid=\"false\" value=\"\" type=\"text\" name=\"prenom\" \/><\/span> <\/label><br \/>\n<label> Nom du participant (obligatoire)<br \/>\n<span class=\"wpcf7-form-control-wrap\" data-name=\"nom\"><input size=\"40\" maxlength=\"400\" class=\"wpcf7-form-control wpcf7-text wpcf7-validates-as-required\" aria-required=\"true\" aria-invalid=\"false\" value=\"\" type=\"text\" name=\"nom\" \/><\/span> <\/label><br \/>\n<label> \u00c2ge du participant (obligatoire)<br \/>\n<span class=\"wpcf7-form-control-wrap\" data-name=\"age\"><input size=\"40\" maxlength=\"400\" class=\"wpcf7-form-control wpcf7-text wpcf7-validates-as-required\" aria-required=\"true\" aria-invalid=\"false\" value=\"\" type=\"text\" name=\"age\" \/><\/span> <\/label><br \/>\n<label> Adresse de messagerie (obligatoire)<br \/>\n<span class=\"wpcf7-form-control-wrap\" data-name=\"email\"><input size=\"40\" maxlength=\"400\" class=\"wpcf7-form-control wpcf7-email wpcf7-validates-as-required wpcf7-text wpcf7-validates-as-email\" aria-required=\"true\" aria-invalid=\"false\" value=\"\" type=\"email\" name=\"email\" \/><\/span> <\/label><br \/>\n<label> T\u00e9l\u00e9phone <span class=\"wpcf7-form-control-wrap\" data-name=\"telephone\"><input size=\"40\" maxlength=\"400\" class=\"wpcf7-form-control wpcf7-tel wpcf7-text wpcf7-validates-as-tel\" aria-invalid=\"false\" placeholder=\"+352\" value=\"\" type=\"tel\" name=\"telephone\" \/><\/span> <\/label>\n<\/p>\n<p>Niveau : <span class=\"wpcf7-form-control-wrap\" data-name=\"niveau\"><span class=\"wpcf7-form-control wpcf7-checkbox wpcf7-validates-as-required wpcf7-exclusive-checkbox\"><span class=\"wpcf7-list-item first\"><span class=\"wpcf7-list-item-label\">d\u00e9butant<\/span><input type=\"checkbox\" name=\"niveau\" value=\"d\u00e9butant\" \/><\/span><span class=\"wpcf7-list-item\"><span class=\"wpcf7-list-item-label\">interm\u00e9diaire<\/span><input type=\"checkbox\" name=\"niveau\" value=\"interm\u00e9diaire\" \/><\/span><span class=\"wpcf7-list-item last\"><span class=\"wpcf7-list-item-label\">confirm\u00e9<\/span><input type=\"checkbox\" name=\"niveau\" value=\"confirm\u00e9\" \/><\/span><\/span><\/span>\n<\/p>\n<p>Dates choisies (plusieurs choix possibles) : <span class=\"wpcf7-form-control-wrap\" data-name=\"date-cours\"><span class=\"wpcf7-form-control wpcf7-checkbox wpcf7-validates-as-required\"><span class=\"wpcf7-list-item first\"><span class=\"wpcf7-list-item-label\">2 f\u00e9vrier 2021 \u00e0 14h<\/span><input type=\"checkbox\" name=\"date-cours[]\" value=\"2 f\u00e9vrier 2021 \u00e0 14h\" \/><\/span><span class=\"wpcf7-list-item\"><span class=\"wpcf7-list-item-label\">9 f\u00e9vrier 2021 \u00e0 14h<\/span><input type=\"checkbox\" name=\"date-cours[]\" value=\"9 f\u00e9vrier 2021 \u00e0 14h\" \/><\/span><span class=\"wpcf7-list-item\"><span class=\"wpcf7-list-item-label\">16 f\u00e9vrier 2021 \u00e0 14h<\/span><input type=\"checkbox\" name=\"date-cours[]\" value=\"16 f\u00e9vrier 2021 \u00e0 14h\" \/><\/span><span class=\"wpcf7-list-item last\"><span class=\"wpcf7-list-item-label\">23 f\u00e9vrier 2021 \u00e0 14h<\/span><input type=\"checkbox\" name=\"date-cours[]\" value=\"23 f\u00e9vrier 2021 \u00e0 14h\" \/><\/span><\/span><\/span>\n<\/p>\n<p>Emportez-vous votre machine ?<span class=\"wpcf7-form-control-wrap\" data-name=\"machine\"><span class=\"wpcf7-form-control wpcf7-checkbox wpcf7-validates-as-required wpcf7-exclusive-checkbox\"><span class=\"wpcf7-list-item first\"><span class=\"wpcf7-list-item-label\">oui<\/span><input type=\"checkbox\" name=\"machine\" value=\"oui\" \/><\/span><span class=\"wpcf7-list-item last\"><span class=\"wpcf7-list-item-label\">non<\/span><input type=\"checkbox\" name=\"machine\" value=\"non\" \/><\/span><\/span><\/span>\n<\/p>\n<p>Emportez-vous votre mat\u00e9riel (tissu, etc...) ? <span class=\"wpcf7-form-control-wrap\" data-name=\"materiel\"><span class=\"wpcf7-form-control wpcf7-checkbox wpcf7-validates-as-required wpcf7-exclusive-checkbox\"><span class=\"wpcf7-list-item first\"><span class=\"wpcf7-list-item-label\">oui<\/span><input type=\"checkbox\" name=\"materiel\" value=\"oui\" \/><\/span><span class=\"wpcf7-list-item last\"><span class=\"wpcf7-list-item-label\">non<\/span><input type=\"checkbox\" name=\"materiel\" value=\"non\" \/><\/span><\/span><\/span><br \/>\nSi vous r\u00e9pondez oui, vous recevrez une liste du mat\u00e9riel n\u00e9cessaire en fonction des cours ou de votre projet.\n<\/p>\n<p>Si vous avez d\u00e9j\u00e0 un projet, merci de le noter dans le champ libre ci-apr\u00e8s.\n<\/p>\n<p><label> Informations compl\u00e9mentaires<br \/>\n<span class=\"wpcf7-form-control-wrap\" data-name=\"infos\"><textarea cols=\"40\" rows=\"10\" maxlength=\"2000\" class=\"wpcf7-form-control wpcf7-textarea\" aria-invalid=\"false\" name=\"infos\"><\/textarea><\/span> <\/label>\n<\/p>\n<p><input class=\"wpcf7-form-control wpcf7-submit has-spinner\" type=\"submit\" value=\"Envoyer\" \/>\n<\/p><p style=\"display: none !important;\" class=\"akismet-fields-container\" data-prefix=\"_wpcf7_ak_\"><label>&#916;<textarea name=\"_wpcf7_ak_hp_textarea\" cols=\"45\" rows=\"8\" maxlength=\"100\"><\/textarea><\/label><input type=\"hidden\" id=\"ak_js_1\" name=\"_wpcf7_ak_js\" value=\"109\"\/><script>document.getElementById( \"ak_js_1\" ).setAttribute( \"value\", ( new Date() ).getTime() );<\/script><\/p><input type='hidden' class='wpcf7-pum' value='{\"closepopup\":false,\"closedelay\":10,\"openpopup\":false,\"openpopup_id\":0}' \/><div class=\"wpcf7-response-output\" aria-hidden=\"true\"><\/div>\n<\/form>\n<\/div>\n\n","protected":false},"excerpt":{"rendered":"<p>Les cours sont suspendus pour le moment. date \u00e0 fixer : cours interm\u00e9diaire de 14h \u00e0 16h30 Le cours permettra \u00e0 l\u2019enfant de se perfectionner en couture en confectionnant un pyjama (t-shirt et pantalon). Nous apprendrons \u00e0 utiliser un patron&#8230;<\/p>\n","protected":false},"author":1,"featured_media":0,"parent":0,"menu_order":0,"comment_status":"closed","ping_status":"closed","template":"","meta":{"footnotes":""},"class_list":["post-884","page","type-page","status-publish","hentry"],"_links":{"self":[{"href":"https:\/\/pouce-et-compagnie.lu\/index.php\/wp-json\/wp\/v2\/pages\/884","targetHints":{"allow":["GET"]}}],"collection":[{"href":"https:\/\/pouce-et-compagnie.lu\/index.php\/wp-json\/wp\/v2\/pages"}],"about":[{"href":"https:\/\/pouce-et-compagnie.lu\/index.php\/wp-json\/wp\/v2\/types\/page"}],"author":[{"embeddable":true,"href":"https:\/\/pouce-et-compagnie.lu\/index.php\/wp-json\/wp\/v2\/users\/1"}],"replies":[{"embeddable":true,"href":"https:\/\/pouce-et-compagnie.lu\/index.php\/wp-json\/wp\/v2\/comments?post=884"}],"version-history":[{"count":10,"href":"https:\/\/pouce-et-compagnie.lu\/index.php\/wp-json\/wp\/v2\/pages\/884\/revisions"}],"predecessor-version":[{"id":1185,"href":"https:\/\/pouce-et-compagnie.lu\/index.php\/wp-json\/wp\/v2\/pages\/884\/revisions\/1185"}],"wp:attachment":[{"href":"https:\/\/pouce-et-compagnie.lu\/index.php\/wp-json\/wp\/v2\/media?parent=884"}],"curies":[{"name":"wp","href":"https:\/\/api.w.org\/{rel}","templated":true}]}}